{"id":23994,"date":"2025-04-07T21:11:12","date_gmt":"2025-04-07T21:11:12","guid":{"rendered":"https:\/\/mojeprilezitost.cz\/?page_id=23994"},"modified":"2025-11-24T11:12:10","modified_gmt":"2025-11-24T11:12:10","slug":"smaragd","status":"publish","type":"page","link":"https:\/\/mojeprilezitost.cz\/en\/smaragd\/","title":{"rendered":"Smaragd"},"content":{"rendered":"<div data-elementor-type=\"wp-page\" data-elementor-id=\"23994\" class=\"elementor elementor-23994\" data-elementor-post-type=\"page\">\n\t\t\t\t\t\t<section class=\"elementor-section elementor-top-section elementor-element elementor-element-91dcd2c elementor-section-boxed elementor-section-height-default elementor-section-height-default sc_fly_static\" data-id=\"91dcd2c\" data-element_type=\"section\" data-e-type=\"section\">\n\t\t\t\t\t\t<div class=\"elementor-container elementor-column-gap-extended\">\n\t\t\t\t\t<div class=\"elementor-column elementor-col-100 elementor-top-column elementor-element elementor-element-001837f sc_content_align_inherit sc_layouts_column_icons_position_left sc_fly_static\" data-id=\"001837f\" data-element_type=\"column\" data-e-type=\"column\">\n\t\t\t<div class=\"elementor-widget-wrap elementor-element-populated\">\n\t\t\t\t\t\t<div class=\"elementor-element elementor-element-e5f9e7e sc_height_huge sc_fly_static elementor-widget elementor-widget-spacer\" data-id=\"e5f9e7e\" data-element_type=\"widget\" data-e-type=\"widget\" data-widget_type=\"spacer.default\">\n\t\t\t\t<div class=\"elementor-widget-container\">\n\t\t\t\t\t\t\t<div class=\"elementor-spacer\">\n\t\t\t<div class=\"elementor-spacer-inner\"><\/div>\n\t\t<\/div>\n\t\t\t\t\t\t<\/div>\n\t\t\t\t<\/div>\n\t\t\t\t\t<\/div>\n\t\t<\/div>\n\t\t\t\t\t<\/div>\n\t\t<\/section>\n\t\t\t\t<section class=\"elementor-section elementor-top-section elementor-element elementor-element-02af9cf elementor-section-boxed elementor-section-height-default elementor-section-height-default sc_fly_static\" data-id=\"02af9cf\" data-element_type=\"section\" data-e-type=\"section\">\n\t\t\t\t\t\t<div class=\"elementor-container elementor-column-gap-extended\">\n\t\t\t\t\t<div class=\"elementor-column elementor-col-100 elementor-top-column elementor-element elementor-element-f8ce50e sc_content_align_inherit sc_layouts_column_icons_position_left sc_fly_static\" data-id=\"f8ce50e\" data-element_type=\"column\" data-e-type=\"column\">\n\t\t\t<div class=\"elementor-widget-wrap elementor-element-populated\">\n\t\t\t\t\t\t<section class=\"elementor-section elementor-inner-section elementor-element elementor-element-ab104ac elementor-section-boxed elementor-section-height-default elementor-section-height-default sc_fly_static\" data-id=\"ab104ac\" data-element_type=\"section\" data-e-type=\"section\">\n\t\t\t\t\t\t<div class=\"elementor-container elementor-column-gap-extended\">\n\t\t\t\t\t<div class=\"elementor-column elementor-col-50 elementor-inner-column elementor-element elementor-element-564a864 sc_content_align_inherit sc_layouts_column_icons_position_left sc_fly_static\" data-id=\"564a864\" data-element_type=\"column\" data-e-type=\"column\">\n\t\t\t<div class=\"elementor-widget-wrap elementor-element-populated\">\n\t\t\t\t\t\t<div class=\"elementor-element elementor-element-d0a900c sc_height_medium elementor-widget__width-initial sc_fly_static elementor-widget elementor-widget-spacer\" data-id=\"d0a900c\" data-element_type=\"widget\" data-e-type=\"widget\" data-widget_type=\"spacer.default\">\n\t\t\t\t<div class=\"elementor-widget-container\">\n\t\t\t\t\t\t\t<div class=\"elementor-spacer\">\n\t\t\t<div class=\"elementor-spacer-inner\"><\/div>\n\t\t<\/div>\n\t\t\t\t\t\t<\/div>\n\t\t\t\t<\/div>\n\t\t\t\t<div class=\"elementor-element elementor-element-8dfe26e sc_fly_static elementor-widget elementor-widget-text-editor\" data-id=\"8dfe26e\" data-element_type=\"widget\" data-e-type=\"widget\" data-widget_type=\"text-editor.default\">\n\t\t\t\t<div class=\"elementor-widget-container\">\n\t\t\t\t\t\t\t\t\t<h3>SMARAGD<\/h3><p>Klenot kr\u00e1l\u016f<\/p><p><strong>Popis drahokamu<\/strong><\/p><p>Nositel klidn\u00e9 energie a d\u016fle\u017eit\u00fd talisman pro du\u0161i a t\u011blo. Historie n\u00e1zvu nen\u00ed jednozna\u010dn\u00e1. V\u00a0sanskrtu marakuta znamen\u00e1 p\u0159emo\u017eitel t\u011b\u017ekost\u00ed nebo latinsky smaragdus \u2013 zelen\u00fd drahokam.<\/p><p><strong>Charakteristika kamene<\/strong><\/p><ul><li>Chemicky \u2013 Al<sub>2<\/sub>Be<sub>3<\/sub>Si<sub>6<\/sub>O<sub>18<\/sub> k\u0159emi\u010ditan berilium hlinit\u00fd,<\/li><li>Mineralogicky \u2013 odr\u016fda berylu, \u010dlen rodiny beryl\u016f<\/li><li>Tvrdost \u2013 7,5-8 k\u0159ehk\u00fd<\/li><li>P\u0159\u00edrodn\u00ed barva \u2013 zelen\u00e1 barva se sekund\u00e1rn\u00edmi modr\u00fdmi nebo \u017elut\u00fdmi odst\u00edny<\/li><li>Hlavn\u00ed nalezi\u0161t\u011b \u2013 Rusko, Rakousko, Egypt, Kolumbie, Braz\u00edlie, USA, Nig\u00e9rie, Tanzanie, Mosambik, Zambie, Zimbabwe, Madagaskar, Jihoafrick\u00e1 republika<\/li><li>K\u00e1men zrozen\u00ed \u2013 kv\u011bten<\/li><li>V\u00fdro\u010d\u00ed svatby \u2013 20. (svatba porcel\u00e1nov\u00e1), 35. (svatba kor\u00e1lov\u00e1), 55. (svatba smaragdov\u00e1)<\/li><li>Hexagon\u00e1ln\u00ed krystalick\u00e1 soustava<\/li><li>V\u00fdskyt v podob\u011b sloupcovit\u00fdch prismatick\u00fdch krystal\u016f<\/li><li>B\u00edl\u00fd vryp, skeln\u00fd lesk \u2013 matn\u00fd, lom lasturnat\u00fd nerovn\u00fd, \u0161t\u011bpnost nedokonal\u00e1<\/li><li>Barva zp\u016fsobena hlavn\u011b stopov\u00fdmi prvky chromu, vanadu p\u0159\u00edpadn\u011b \u017eeleza.<\/li><li>\u010cast\u00e1 tepeln\u00e1 \u00faprava pro zlep\u0161en\u00ed kvality<\/li><li>Pozorovateln\u00e9 efekty u smaragd\u016f jsou luminiscence a pleochroismus<\/li><\/ul><p><strong>4C parametry<\/strong><\/p><ul><li>1C &#8211; Barva C (color)<\/li><li>2C &#8211; \u010cistota (clarity)<\/li><li>3C &#8211; Hmotnost (Carat weight)<\/li><li>4C &#8211; Brus (cut)<\/li><li>5C &#8211; country of origin \u2013 p\u0159\u00edrodn\u00ed p\u016fvod<\/li><\/ul>\t\t\t\t\t\t\t\t<\/div>\n\t\t\t\t<\/div>\n\t\t\t\t<div class=\"elementor-element elementor-element-f04e185 sc_height_tiny sc_fly_static elementor-widget elementor-widget-spacer\" data-id=\"f04e185\" data-element_type=\"widget\" data-e-type=\"widget\" data-widget_type=\"spacer.default\">\n\t\t\t\t<div class=\"elementor-widget-container\">\n\t\t\t\t\t\t\t<div class=\"elementor-spacer\">\n\t\t\t<div class=\"elementor-spacer-inner\"><\/div>\n\t\t<\/div>\n\t\t\t\t\t\t<\/div>\n\t\t\t\t<\/div>\n\t\t\t\t\t<\/div>\n\t\t<\/div>\n\t\t\t\t<div class=\"elementor-column elementor-col-50 elementor-inner-column elementor-element elementor-element-29f1b16 sc_content_align_inherit sc_layouts_column_icons_position_left sc_fly_static\" data-id=\"29f1b16\" data-element_type=\"column\" data-e-type=\"column\">\n\t\t\t<div class=\"elementor-widget-wrap elementor-element-populated\">\n\t\t\t\t\t\t<div class=\"elementor-element elementor-element-7f9b1da sc_height_tiny elementor-widget__width-initial sc_fly_static elementor-widget elementor-widget-spacer\" data-id=\"7f9b1da\" data-element_type=\"widget\" data-e-type=\"widget\" data-widget_type=\"spacer.default\">\n\t\t\t\t<div class=\"elementor-widget-container\">\n\t\t\t\t\t\t\t<div class=\"elementor-spacer\">\n\t\t\t<div class=\"elementor-spacer-inner\"><\/div>\n\t\t<\/div>\n\t\t\t\t\t\t<\/div>\n\t\t\t\t<\/div>\n\t\t\t\t<div class=\"elementor-element elementor-element-2b3f28d elementor-widget__width-initial sc_fly_static elementor-widget elementor-widget-image\" data-id=\"2b3f28d\" data-element_type=\"widget\" data-e-type=\"widget\" data-widget_type=\"image.default\">\n\t\t\t\t<div class=\"elementor-widget-container\">\n\t\t\t\t\t\t\t\t\t\t\t\t\t\t\t<img fetchpriority=\"high\" decoding=\"async\" width=\"531\" height=\"455\" src=\"https:\/\/mojeprilezitost.cz\/wp-content\/uploads\/2025\/03\/Obrazek5.jpg\" class=\"attachment-large size-large wp-image-23801\" alt=\"\" srcset=\"https:\/\/mojeprilezitost.cz\/wp-content\/uploads\/2025\/03\/Obrazek5.jpg 531w, https:\/\/mojeprilezitost.cz\/wp-content\/uploads\/2025\/03\/Obrazek5-300x257.jpg 300w, https:\/\/mojeprilezitost.cz\/wp-content\/uploads\/2025\/03\/Obrazek5-14x12.jpg 14w, https:\/\/mojeprilezitost.cz\/wp-content\/uploads\/2025\/03\/Obrazek5-370x317.jpg 370w, https:\/\/mojeprilezitost.cz\/wp-content\/uploads\/2025\/03\/Obrazek5-410x351.jpg 410w\" sizes=\"(max-width: 600px) 100vw, 531px\" \/>\t\t\t\t\t\t\t\t\t\t\t\t\t\t\t<\/div>\n\t\t\t\t<\/div>\n\t\t\t\t<div class=\"elementor-element elementor-element-ac6a975 sc_fly_static elementor-widget elementor-widget-spacer\" data-id=\"ac6a975\" data-element_type=\"widget\" data-e-type=\"widget\" data-widget_type=\"spacer.default\">\n\t\t\t\t<div class=\"elementor-widget-container\">\n\t\t\t\t\t\t\t<div class=\"elementor-spacer\">\n\t\t\t<div class=\"elementor-spacer-inner\"><\/div>\n\t\t<\/div>\n\t\t\t\t\t\t<\/div>\n\t\t\t\t<\/div>\n\t\t\t\t<div class=\"elementor-element elementor-element-a4af0c4 sc_height_small sc_fly_static elementor-widget elementor-widget-spacer\" data-id=\"a4af0c4\" data-element_type=\"widget\" data-e-type=\"widget\" data-widget_type=\"spacer.default\">\n\t\t\t\t<div class=\"elementor-widget-container\">\n\t\t\t\t\t\t\t<div class=\"elementor-spacer\">\n\t\t\t<div class=\"elementor-spacer-inner\"><\/div>\n\t\t<\/div>\n\t\t\t\t\t\t<\/div>\n\t\t\t\t<\/div>\n\t\t\t\t<div class=\"elementor-element elementor-element-7a07ac4 sc_fly_static elementor-widget elementor-widget-text-editor\" data-id=\"7a07ac4\" data-element_type=\"widget\" data-e-type=\"widget\" data-widget_type=\"text-editor.default\">\n\t\t\t\t<div class=\"elementor-widget-container\">\n\t\t\t\t\t\t\t\t\t<p><strong>Smaragd<\/strong><\/p><ul><li>Je to velmi vz\u00e1cn\u00fd k\u00e1men, kter\u00fd nem\u00e1 obdoby<\/li><li>Jeho cena m\u016f\u017ee b\u00fdt vy\u0161\u0161\u00ed ne\u017e u diamantu stejn\u00e9 kar\u00e1tov\u00e9 v\u00e1hy<\/li><li>Obchoduj\u00ed se ji\u017e od starov\u011bk\u00e9ho Egypta.<\/li><li>Investi\u010dn\u00ed smaragd vytv\u00e1\u0159\u00ed stabiln\u00ed ro\u010dn\u00ed zhodnocen\u00ed mezi 10-16,5%<\/li><li>M\u016f\u017ee b\u00fdt z\u00e1\u0159iv\u00fdm artiklem ve va\u0161em investi\u010dn\u00edm portfoliu.<\/li><\/ul>\t\t\t\t\t\t\t\t<\/div>\n\t\t\t\t<\/div>\n\t\t\t\t<div class=\"elementor-element elementor-element-830bea6 sc_height_small sc_fly_static elementor-widget elementor-widget-spacer\" data-id=\"830bea6\" data-element_type=\"widget\" data-e-type=\"widget\" data-widget_type=\"spacer.default\">\n\t\t\t\t<div class=\"elementor-widget-container\">\n\t\t\t\t\t\t\t<div class=\"elementor-spacer\">\n\t\t\t<div class=\"elementor-spacer-inner\"><\/div>\n\t\t<\/div>\n\t\t\t\t\t\t<\/div>\n\t\t\t\t<\/div>\n\t\t\t\t<div class=\"elementor-element elementor-element-6c6e0b9 sc_fly_static elementor-widget elementor-widget-image\" data-id=\"6c6e0b9\" data-element_type=\"widget\" data-e-type=\"widget\" data-widget_type=\"image.default\">\n\t\t\t\t<div class=\"elementor-widget-container\">\n\t\t\t\t\t\t\t\t\t\t\t\t\t\t\t\t<a href=\"https:\/\/mojeprilezitost.cz\/wp-content\/uploads\/2025\/04\/smaragd.png\" data-elementor-open-lightbox=\"yes\" data-e-action-hash=\"#elementor-action%3Aaction%3Dlightbox%26settings%3DeyJpZCI6MjQyNDksInVybCI6Imh0dHBzOlwvXC9tb2plcHJpbGV6aXRvc3QuY3pcL3dwLWNvbnRlbnRcL3VwbG9hZHNcLzIwMjVcLzA0XC9zbWFyYWdkLnBuZyJ9\">\n\t\t\t\t\t\t\t<img decoding=\"async\" width=\"1024\" height=\"576\" src=\"https:\/\/mojeprilezitost.cz\/wp-content\/uploads\/2025\/04\/smaragd-1024x576.png\" class=\"attachment-large size-large wp-image-24249\" alt=\"\" srcset=\"https:\/\/mojeprilezitost.cz\/wp-content\/uploads\/2025\/04\/smaragd-1024x576.png 1024w, https:\/\/mojeprilezitost.cz\/wp-content\/uploads\/2025\/04\/smaragd-300x169.png 300w, https:\/\/mojeprilezitost.cz\/wp-content\/uploads\/2025\/04\/smaragd-768x432.png 768w, https:\/\/mojeprilezitost.cz\/wp-content\/uploads\/2025\/04\/smaragd-1536x864.png 1536w, https:\/\/mojeprilezitost.cz\/wp-content\/uploads\/2025\/04\/smaragd-18x10.png 18w, https:\/\/mojeprilezitost.cz\/wp-content\/uploads\/2025\/04\/smaragd-370x208.png 370w, https:\/\/mojeprilezitost.cz\/wp-content\/uploads\/2025\/04\/smaragd-1290x725.png 1290w, https:\/\/mojeprilezitost.cz\/wp-content\/uploads\/2025\/04\/smaragd-840x473.png 840w, https:\/\/mojeprilezitost.cz\/wp-content\/uploads\/2025\/04\/smaragd-410x231.png 410w, https:\/\/mojeprilezitost.cz\/wp-content\/uploads\/2025\/04\/smaragd-270x152.png 270w, https:\/\/mojeprilezitost.cz\/wp-content\/uploads\/2025\/04\/smaragd.png 1920w\" sizes=\"(max-width: 1024px) 100vw, 1024px\" \/>\t\t\t\t\t\t\t\t<\/a>\n\t\t\t\t\t\t\t\t\t\t\t\t\t\t\t<\/div>\n\t\t\t\t<\/div>\n\t\t\t\t\t<\/div>\n\t\t<\/div>\n\t\t\t\t\t<\/div>\n\t\t<\/section>\n\t\t\t\t<div class=\"elementor-element elementor-element-e1a0c8e sc_height_medium sc_fly_static elementor-widget elementor-widget-spacer\" data-id=\"e1a0c8e\" data-element_type=\"widget\" data-e-type=\"widget\" data-widget_type=\"spacer.default\">\n\t\t\t\t<div class=\"elementor-widget-container\">\n\t\t\t\t\t\t\t<div class=\"elementor-spacer\">\n\t\t\t<div class=\"elementor-spacer-inner\"><\/div>\n\t\t<\/div>\n\t\t\t\t\t\t<\/div>\n\t\t\t\t<\/div>\n\t\t\t\t<div class=\"elementor-element elementor-element-88a0763 sc_fly_static elementor-widget elementor-widget-trx_sc_button\" data-id=\"88a0763\" data-element_type=\"widget\" data-e-type=\"widget\" data-widget_type=\"trx_sc_button.default\">\n\t\t\t\t<div class=\"elementor-widget-container\">\n\t\t\t\t\t<div\tclass=\"sc_item_button sc_button_wrap sc_align_center\" ><a href=\"https:\/\/mojeprilezitost.cz\/en\/kontakt\/\" class=\"sc_button sc_button_default sc_button_size_large sc_button_icon_left\" ><span class=\"sc_button_text\"><span class=\"sc_button_title\">JAK INVESTOVAT DO SMARAGDU<\/span><\/span><\/a><\/div>\t\t\t\t<\/div>\n\t\t\t\t<\/div>\n\t\t\t\t<div class=\"elementor-element elementor-element-d38998f sc_height_huge sc_fly_static elementor-widget elementor-widget-spacer\" data-id=\"d38998f\" data-element_type=\"widget\" data-e-type=\"widget\" data-widget_type=\"spacer.default\">\n\t\t\t\t<div class=\"elementor-widget-container\">\n\t\t\t\t\t\t\t<div class=\"elementor-spacer\">\n\t\t\t<div class=\"elementor-spacer-inner\"><\/div>\n\t\t<\/div>\n\t\t\t\t\t\t<\/div>\n\t\t\t\t<\/div>\n\t\t\t\t\t<\/div>\n\t\t<\/div>\n\t\t\t\t\t<\/div>\n\t\t<\/section>\n\t\t\t\t<\/div>","protected":false},"excerpt":{"rendered":"<p>SMARAGD Klenot kr\u00e1l\u016f Popis drahokamu Nositel klidn\u00e9 energie a d\u016fle\u017eit\u00fd talisman pro du\u0161i a t\u011blo.&hellip;<\/p>","protected":false},"author":1,"featured_media":24488,"parent":0,"menu_order":0,"comment_status":"closed","ping_status":"closed","template":"","meta":{"footnotes":""},"class_list":["post-23994","page","type-page","status-publish","has-post-thumbnail","hentry"],"yoast_head":"<!-- This site is optimized with the Yoast SEO Premium plugin v20.11 (Yoast SEO v27.4) - https:\/\/yoast.com\/product\/yoast-seo-premium-wordpress\/ -->\n<title>Smaragd - Moje p\u0159\u00edle\u017eitost CZ s.r.o.<\/title>\n<meta name=\"robots\" content=\"index, follow, max-snippet:-1, max-image-preview:large, max-video-preview:-1\" \/>\n<link rel=\"canonical\" href=\"https:\/\/mojeprilezitost.cz\/en\/smaragd\/\" \/>\n<meta property=\"og:locale\" content=\"en_US\" \/>\n<meta property=\"og:type\" content=\"article\" \/>\n<meta property=\"og:title\" content=\"Smaragd\" \/>\n<meta property=\"og:description\" content=\"SMARAGD Klenot kr\u00e1l\u016f Popis drahokamu Nositel klidn\u00e9 energie a d\u016fle\u017eit\u00fd talisman pro du\u0161i a t\u011blo.&hellip;\" \/>\n<meta property=\"og:url\" content=\"https:\/\/mojeprilezitost.cz\/en\/smaragd\/\" \/>\n<meta property=\"og:site_name\" content=\"Moje p\u0159\u00edle\u017eitost CZ s.r.o.\" \/>\n<meta property=\"article:modified_time\" content=\"2025-11-24T11:12:10+00:00\" \/>\n<meta property=\"og:image\" content=\"https:\/\/mojeprilezitost.cz\/wp-content\/uploads\/2025\/11\/Smaragd.png\" \/>\n\t<meta property=\"og:image:width\" content=\"1000\" \/>\n\t<meta property=\"og:image:height\" content=\"1000\" \/>\n\t<meta property=\"og:image:type\" content=\"image\/png\" \/>\n<meta name=\"twitter:card\" content=\"summary_large_image\" \/>\n<meta name=\"twitter:label1\" content=\"Est. reading time\" \/>\n\t<meta name=\"twitter:data1\" content=\"2 minutes\" \/>\n<script type=\"application\/ld+json\" class=\"yoast-schema-graph\">{\"@context\":\"https:\\\/\\\/schema.org\",\"@graph\":[{\"@type\":\"WebPage\",\"@id\":\"https:\\\/\\\/mojeprilezitost.cz\\\/en\\\/smaragd\\\/\",\"url\":\"https:\\\/\\\/mojeprilezitost.cz\\\/en\\\/smaragd\\\/\",\"name\":\"Smaragd - Moje p\u0159\u00edle\u017eitost CZ s.r.o.\",\"isPartOf\":{\"@id\":\"https:\\\/\\\/mojeprilezitost.cz\\\/en\\\/#website\"},\"primaryImageOfPage\":{\"@id\":\"https:\\\/\\\/mojeprilezitost.cz\\\/en\\\/smaragd\\\/#primaryimage\"},\"image\":{\"@id\":\"https:\\\/\\\/mojeprilezitost.cz\\\/en\\\/smaragd\\\/#primaryimage\"},\"thumbnailUrl\":\"https:\\\/\\\/mojeprilezitost.cz\\\/wp-content\\\/uploads\\\/2025\\\/11\\\/Smaragd.png\",\"datePublished\":\"2025-04-07T21:11:12+00:00\",\"dateModified\":\"2025-11-24T11:12:10+00:00\",\"breadcrumb\":{\"@id\":\"https:\\\/\\\/mojeprilezitost.cz\\\/en\\\/smaragd\\\/#breadcrumb\"},\"inLanguage\":\"en-US\",\"potentialAction\":[{\"@type\":\"ReadAction\",\"target\":[\"https:\\\/\\\/mojeprilezitost.cz\\\/en\\\/smaragd\\\/\"]}]},{\"@type\":\"ImageObject\",\"inLanguage\":\"en-US\",\"@id\":\"https:\\\/\\\/mojeprilezitost.cz\\\/en\\\/smaragd\\\/#primaryimage\",\"url\":\"https:\\\/\\\/mojeprilezitost.cz\\\/wp-content\\\/uploads\\\/2025\\\/11\\\/Smaragd.png\",\"contentUrl\":\"https:\\\/\\\/mojeprilezitost.cz\\\/wp-content\\\/uploads\\\/2025\\\/11\\\/Smaragd.png\",\"width\":1000,\"height\":1000},{\"@type\":\"BreadcrumbList\",\"@id\":\"https:\\\/\\\/mojeprilezitost.cz\\\/en\\\/smaragd\\\/#breadcrumb\",\"itemListElement\":[{\"@type\":\"ListItem\",\"position\":1,\"name\":\"Home\",\"item\":\"https:\\\/\\\/mojeprilezitost.cz\\\/\"},{\"@type\":\"ListItem\",\"position\":2,\"name\":\"Smaragd\"}]},{\"@type\":\"WebSite\",\"@id\":\"https:\\\/\\\/mojeprilezitost.cz\\\/en\\\/#website\",\"url\":\"https:\\\/\\\/mojeprilezitost.cz\\\/en\\\/\",\"name\":\"Moje p\u0159\u00edle\u017eitost CZ s.r.o.\",\"description\":\"Co je doma, to se po\u010d\u00edt\u00e1\",\"publisher\":{\"@id\":\"https:\\\/\\\/mojeprilezitost.cz\\\/en\\\/#organization\"},\"potentialAction\":[{\"@type\":\"SearchAction\",\"target\":{\"@type\":\"EntryPoint\",\"urlTemplate\":\"https:\\\/\\\/mojeprilezitost.cz\\\/en\\\/?s={search_term_string}\"},\"query-input\":{\"@type\":\"PropertyValueSpecification\",\"valueRequired\":true,\"valueName\":\"search_term_string\"}}],\"inLanguage\":\"en-US\"},{\"@type\":\"Organization\",\"@id\":\"https:\\\/\\\/mojeprilezitost.cz\\\/en\\\/#organization\",\"name\":\"Moje p\u0159\u00edle\u017eitost CZ s.r.o.\",\"url\":\"https:\\\/\\\/mojeprilezitost.cz\\\/en\\\/\",\"logo\":{\"@type\":\"ImageObject\",\"inLanguage\":\"en-US\",\"@id\":\"https:\\\/\\\/mojeprilezitost.cz\\\/en\\\/#\\\/schema\\\/logo\\\/image\\\/\",\"url\":\"https:\\\/\\\/mojeprilezitost.cz\\\/wp-content\\\/uploads\\\/2022\\\/01\\\/Jiri-Ovsik-predni.png\",\"contentUrl\":\"https:\\\/\\\/mojeprilezitost.cz\\\/wp-content\\\/uploads\\\/2022\\\/01\\\/Jiri-Ovsik-predni.png\",\"width\":500,\"height\":500,\"caption\":\"Moje p\u0159\u00edle\u017eitost CZ s.r.o.\"},\"image\":{\"@id\":\"https:\\\/\\\/mojeprilezitost.cz\\\/en\\\/#\\\/schema\\\/logo\\\/image\\\/\"}}]}<\/script>\n<!-- \/ Yoast SEO Premium plugin. -->","yoast_head_json":{"title":"Smaragd - Moje p\u0159\u00edle\u017eitost CZ s.r.o.","robots":{"index":"index","follow":"follow","max-snippet":"max-snippet:-1","max-image-preview":"max-image-preview:large","max-video-preview":"max-video-preview:-1"},"canonical":"https:\/\/mojeprilezitost.cz\/en\/smaragd\/","og_locale":"en_US","og_type":"article","og_title":"Smaragd","og_description":"SMARAGD Klenot kr\u00e1l\u016f Popis drahokamu Nositel klidn\u00e9 energie a d\u016fle\u017eit\u00fd talisman pro du\u0161i a t\u011blo.&hellip;","og_url":"https:\/\/mojeprilezitost.cz\/en\/smaragd\/","og_site_name":"Moje p\u0159\u00edle\u017eitost CZ s.r.o.","article_modified_time":"2025-11-24T11:12:10+00:00","og_image":[{"width":1000,"height":1000,"url":"https:\/\/mojeprilezitost.cz\/wp-content\/uploads\/2025\/11\/Smaragd.png","type":"image\/png"}],"twitter_card":"summary_large_image","twitter_misc":{"Est. reading time":"2 minutes"},"schema":{"@context":"https:\/\/schema.org","@graph":[{"@type":"WebPage","@id":"https:\/\/mojeprilezitost.cz\/en\/smaragd\/","url":"https:\/\/mojeprilezitost.cz\/en\/smaragd\/","name":"Smaragd - Moje p\u0159\u00edle\u017eitost CZ s.r.o.","isPartOf":{"@id":"https:\/\/mojeprilezitost.cz\/en\/#website"},"primaryImageOfPage":{"@id":"https:\/\/mojeprilezitost.cz\/en\/smaragd\/#primaryimage"},"image":{"@id":"https:\/\/mojeprilezitost.cz\/en\/smaragd\/#primaryimage"},"thumbnailUrl":"https:\/\/mojeprilezitost.cz\/wp-content\/uploads\/2025\/11\/Smaragd.png","datePublished":"2025-04-07T21:11:12+00:00","dateModified":"2025-11-24T11:12:10+00:00","breadcrumb":{"@id":"https:\/\/mojeprilezitost.cz\/en\/smaragd\/#breadcrumb"},"inLanguage":"en-US","potentialAction":[{"@type":"ReadAction","target":["https:\/\/mojeprilezitost.cz\/en\/smaragd\/"]}]},{"@type":"ImageObject","inLanguage":"en-US","@id":"https:\/\/mojeprilezitost.cz\/en\/smaragd\/#primaryimage","url":"https:\/\/mojeprilezitost.cz\/wp-content\/uploads\/2025\/11\/Smaragd.png","contentUrl":"https:\/\/mojeprilezitost.cz\/wp-content\/uploads\/2025\/11\/Smaragd.png","width":1000,"height":1000},{"@type":"BreadcrumbList","@id":"https:\/\/mojeprilezitost.cz\/en\/smaragd\/#breadcrumb","itemListElement":[{"@type":"ListItem","position":1,"name":"Home","item":"https:\/\/mojeprilezitost.cz\/"},{"@type":"ListItem","position":2,"name":"Smaragd"}]},{"@type":"WebSite","@id":"https:\/\/mojeprilezitost.cz\/en\/#website","url":"https:\/\/mojeprilezitost.cz\/en\/","name":"Moje p\u0159\u00edle\u017eitost CZ s.r.o.","description":"Co je doma, to se po\u010d\u00edt\u00e1","publisher":{"@id":"https:\/\/mojeprilezitost.cz\/en\/#organization"},"potentialAction":[{"@type":"SearchAction","target":{"@type":"EntryPoint","urlTemplate":"https:\/\/mojeprilezitost.cz\/en\/?s={search_term_string}"},"query-input":{"@type":"PropertyValueSpecification","valueRequired":true,"valueName":"search_term_string"}}],"inLanguage":"en-US"},{"@type":"Organization","@id":"https:\/\/mojeprilezitost.cz\/en\/#organization","name":"Moje p\u0159\u00edle\u017eitost CZ s.r.o.","url":"https:\/\/mojeprilezitost.cz\/en\/","logo":{"@type":"ImageObject","inLanguage":"en-US","@id":"https:\/\/mojeprilezitost.cz\/en\/#\/schema\/logo\/image\/","url":"https:\/\/mojeprilezitost.cz\/wp-content\/uploads\/2022\/01\/Jiri-Ovsik-predni.png","contentUrl":"https:\/\/mojeprilezitost.cz\/wp-content\/uploads\/2022\/01\/Jiri-Ovsik-predni.png","width":500,"height":500,"caption":"Moje p\u0159\u00edle\u017eitost CZ s.r.o."},"image":{"@id":"https:\/\/mojeprilezitost.cz\/en\/#\/schema\/logo\/image\/"}}]}},"_links":{"self":[{"href":"https:\/\/mojeprilezitost.cz\/en\/wp-json\/wp\/v2\/pages\/23994","targetHints":{"allow":["GET"]}}],"collection":[{"href":"https:\/\/mojeprilezitost.cz\/en\/wp-json\/wp\/v2\/pages"}],"about":[{"href":"https:\/\/mojeprilezitost.cz\/en\/wp-json\/wp\/v2\/types\/page"}],"author":[{"embeddable":true,"href":"https:\/\/mojeprilezitost.cz\/en\/wp-json\/wp\/v2\/users\/1"}],"replies":[{"embeddable":true,"href":"https:\/\/mojeprilezitost.cz\/en\/wp-json\/wp\/v2\/comments?post=23994"}],"version-history":[{"count":32,"href":"https:\/\/mojeprilezitost.cz\/en\/wp-json\/wp\/v2\/pages\/23994\/revisions"}],"predecessor-version":[{"id":24492,"href":"https:\/\/mojeprilezitost.cz\/en\/wp-json\/wp\/v2\/pages\/23994\/revisions\/24492"}],"wp:featuredmedia":[{"embeddable":true,"href":"https:\/\/mojeprilezitost.cz\/en\/wp-json\/wp\/v2\/media\/24488"}],"wp:attachment":[{"href":"https:\/\/mojeprilezitost.cz\/en\/wp-json\/wp\/v2\/media?parent=23994"}],"curies":[{"name":"wp","href":"https:\/\/api.w.org\/{rel}","templated":true}]}}