{"id":23992,"date":"2025-04-07T21:10:35","date_gmt":"2025-04-07T21:10:35","guid":{"rendered":"https:\/\/mojeprilezitost.cz\/?page_id=23992"},"modified":"2025-11-24T11:12:17","modified_gmt":"2025-11-24T11:12:17","slug":"rubin","status":"publish","type":"page","link":"https:\/\/mojeprilezitost.cz\/en\/rubin\/","title":{"rendered":"Rub\u00edn"},"content":{"rendered":"<div data-elementor-type=\"wp-page\" data-elementor-id=\"23992\" class=\"elementor elementor-23992\" data-elementor-post-type=\"page\">\n\t\t\t\t\t\t<section class=\"elementor-section elementor-top-section elementor-element elementor-element-91dcd2c elementor-section-boxed elementor-section-height-default elementor-section-height-default sc_fly_static\" data-id=\"91dcd2c\" data-element_type=\"section\" data-e-type=\"section\">\n\t\t\t\t\t\t<div class=\"elementor-container elementor-column-gap-extended\">\n\t\t\t\t\t<div class=\"elementor-column elementor-col-100 elementor-top-column elementor-element elementor-element-001837f sc_content_align_inherit sc_layouts_column_icons_position_left sc_fly_static\" data-id=\"001837f\" data-element_type=\"column\" data-e-type=\"column\">\n\t\t\t<div class=\"elementor-widget-wrap elementor-element-populated\">\n\t\t\t\t\t\t<div class=\"elementor-element elementor-element-e5f9e7e sc_height_huge sc_fly_static elementor-widget elementor-widget-spacer\" data-id=\"e5f9e7e\" data-element_type=\"widget\" data-e-type=\"widget\" data-widget_type=\"spacer.default\">\n\t\t\t\t<div class=\"elementor-widget-container\">\n\t\t\t\t\t\t\t<div class=\"elementor-spacer\">\n\t\t\t<div class=\"elementor-spacer-inner\"><\/div>\n\t\t<\/div>\n\t\t\t\t\t\t<\/div>\n\t\t\t\t<\/div>\n\t\t\t\t\t<\/div>\n\t\t<\/div>\n\t\t\t\t\t<\/div>\n\t\t<\/section>\n\t\t\t\t<section class=\"elementor-section elementor-top-section elementor-element elementor-element-bfe03a7 elementor-section-boxed elementor-section-height-default elementor-section-height-default sc_fly_static\" data-id=\"bfe03a7\" data-element_type=\"section\" data-e-type=\"section\" data-settings=\"{&quot;background_background&quot;:&quot;classic&quot;}\">\n\t\t\t\t\t\t<div class=\"elementor-container elementor-column-gap-extended\">\n\t\t\t\t\t<div class=\"elementor-column elementor-col-100 elementor-top-column elementor-element elementor-element-1436495 sc_content_align_inherit sc_layouts_column_icons_position_left sc_fly_static\" data-id=\"1436495\" data-element_type=\"column\" data-e-type=\"column\">\n\t\t\t<div class=\"elementor-widget-wrap elementor-element-populated\">\n\t\t\t\t\t\t<section class=\"elementor-section elementor-inner-section elementor-element elementor-element-1fc9cf6 elementor-section-boxed elementor-section-height-default elementor-section-height-default sc_fly_static\" data-id=\"1fc9cf6\" data-element_type=\"section\" data-e-type=\"section\" data-settings=\"{&quot;background_background&quot;:&quot;classic&quot;}\">\n\t\t\t\t\t\t<div class=\"elementor-container elementor-column-gap-extended\">\n\t\t\t\t\t<div class=\"elementor-column elementor-col-50 elementor-inner-column elementor-element elementor-element-4990688 sc_content_align_inherit sc_layouts_column_icons_position_left sc_fly_static\" data-id=\"4990688\" data-element_type=\"column\" data-e-type=\"column\">\n\t\t\t<div class=\"elementor-widget-wrap elementor-element-populated\">\n\t\t\t\t\t\t<div class=\"elementor-element elementor-element-c988672 sc_height_medium elementor-widget__width-initial sc_fly_static elementor-widget elementor-widget-spacer\" data-id=\"c988672\" data-element_type=\"widget\" data-e-type=\"widget\" data-widget_type=\"spacer.default\">\n\t\t\t\t<div class=\"elementor-widget-container\">\n\t\t\t\t\t\t\t<div class=\"elementor-spacer\">\n\t\t\t<div class=\"elementor-spacer-inner\"><\/div>\n\t\t<\/div>\n\t\t\t\t\t\t<\/div>\n\t\t\t\t<\/div>\n\t\t\t\t<div class=\"elementor-element elementor-element-8b14b7b sc_fly_static elementor-widget elementor-widget-text-editor\" data-id=\"8b14b7b\" data-element_type=\"widget\" data-e-type=\"widget\" data-widget_type=\"text-editor.default\">\n\t\t\t\t<div class=\"elementor-widget-container\">\n\t\t\t\t\t\t\t\t\t<h3><a name=\"_Toc191678737\"><\/a>RUB\u00cdN<\/h3><p>Nositel energie a emocion\u00e1ln\u00ed vyrovnanosti<\/p><p><strong>Popis drahokamu<\/strong><\/p><p>Z\u00a0lat. Rubens, rubinus \u2013 \u010derven\u00fd<\/p><p>Staroindick\u00e9 sanskrtsk\u00e9 slovo \u201eratanraj\u201c = kr\u00e1l drahokam\u016f<\/p><p><strong>Charakteristika kamene<\/strong><\/p><ul><li>Chemicky \u2013 Al<sub>2<\/sub>O<sub>3<\/sub><\/li><li>Mineralogicky \u2013 korund<\/li><li>Tvrdost \u2013 9<\/li><li>P\u0159\u00edrodn\u00ed barva \u2013 je od sv\u011btle \u010derven\u00e9 a\u017e po purpurov\u011b \u010dervenou.<\/li><li>Hlavn\u00ed nalezi\u0161t\u011b \u2013 Afganist\u00e1n, Gr\u00f3nsko, Ke\u0148a, Madagaskar, Malawi, Mosambik, Myanmar, Nep\u00e1l, P\u00e1kist\u00e1n, Sr\u00ed Lanka, T\u00e1d\u017eikist\u00e1n, Tanzanie,\u00a0 Thajsko, Vientam<\/li><li>K\u00e1men zrozen\u00ed \u2013 \u010dervenec<\/li><li>V\u00fdro\u010d\u00ed svatby \u2013 15. a 40.v\u00fdro\u010d\u00ed<\/li><li>\u0160estihrann\u00e1 krystalick\u00e1 soustava<\/li><li>V\u00fdskyt v podob\u011b sloupcovit\u00fdch prismatick\u00fdch krystal\u016f<\/li><li>B\u00edl\u00fd vryp, skeln\u00fd lesk<\/li><li>Fluorescence \u2013 siln\u00e1, tmav\u011b \u010derven\u00e1<\/li><li>Dobr\u00e1 tepeln\u00e1 vodivost.<\/li><\/ul><p><strong>4C parametry<\/strong><\/p><ul><li>1C &#8211; Barva C (color)<\/li><li>2C &#8211; \u010cistota (clarity)<\/li><li>3C &#8211; Hmotnost (Carat weight)<\/li><li>4C &#8211; Brus (cut)<\/li><li>5C &#8211; country of origin \u2013 p\u0159\u00edrodn\u00ed p\u016fvod<\/li><\/ul>\t\t\t\t\t\t\t\t<\/div>\n\t\t\t\t<\/div>\n\t\t\t\t<div class=\"elementor-element elementor-element-5d83ef3 sc_height_small sc_fly_static elementor-widget elementor-widget-spacer\" data-id=\"5d83ef3\" data-element_type=\"widget\" data-e-type=\"widget\" data-widget_type=\"spacer.default\">\n\t\t\t\t<div class=\"elementor-widget-container\">\n\t\t\t\t\t\t\t<div class=\"elementor-spacer\">\n\t\t\t<div class=\"elementor-spacer-inner\"><\/div>\n\t\t<\/div>\n\t\t\t\t\t\t<\/div>\n\t\t\t\t<\/div>\n\t\t\t\t\t<\/div>\n\t\t<\/div>\n\t\t\t\t<div class=\"elementor-column elementor-col-50 elementor-inner-column elementor-element elementor-element-80d21e3 sc_content_align_inherit sc_layouts_column_icons_position_left sc_fly_static\" data-id=\"80d21e3\" data-element_type=\"column\" data-e-type=\"column\">\n\t\t\t<div class=\"elementor-widget-wrap elementor-element-populated\">\n\t\t\t\t\t\t<div class=\"elementor-element elementor-element-89994d9 sc_height_tiny sc_fly_static elementor-widget elementor-widget-spacer\" data-id=\"89994d9\" data-element_type=\"widget\" data-e-type=\"widget\" data-widget_type=\"spacer.default\">\n\t\t\t\t<div class=\"elementor-widget-container\">\n\t\t\t\t\t\t\t<div class=\"elementor-spacer\">\n\t\t\t<div class=\"elementor-spacer-inner\"><\/div>\n\t\t<\/div>\n\t\t\t\t\t\t<\/div>\n\t\t\t\t<\/div>\n\t\t\t\t<div class=\"elementor-element elementor-element-9352eba elementor-widget__width-initial sc_fly_static elementor-widget elementor-widget-image\" data-id=\"9352eba\" data-element_type=\"widget\" data-e-type=\"widget\" data-widget_type=\"image.default\">\n\t\t\t\t<div class=\"elementor-widget-container\">\n\t\t\t\t\t\t\t\t\t\t\t\t\t\t\t<img fetchpriority=\"high\" decoding=\"async\" width=\"647\" height=\"428\" src=\"https:\/\/mojeprilezitost.cz\/wp-content\/uploads\/2025\/03\/Obrazek4.jpg\" class=\"attachment-large size-large wp-image-23799\" alt=\"\" srcset=\"https:\/\/mojeprilezitost.cz\/wp-content\/uploads\/2025\/03\/Obrazek4.jpg 647w, https:\/\/mojeprilezitost.cz\/wp-content\/uploads\/2025\/03\/Obrazek4-300x198.jpg 300w, https:\/\/mojeprilezitost.cz\/wp-content\/uploads\/2025\/03\/Obrazek4-18x12.jpg 18w, https:\/\/mojeprilezitost.cz\/wp-content\/uploads\/2025\/03\/Obrazek4-370x245.jpg 370w, https:\/\/mojeprilezitost.cz\/wp-content\/uploads\/2025\/03\/Obrazek4-410x271.jpg 410w\" sizes=\"(max-width: 647px) 100vw, 647px\" \/>\t\t\t\t\t\t\t\t\t\t\t\t\t\t\t<\/div>\n\t\t\t\t<\/div>\n\t\t\t\t<div class=\"elementor-element elementor-element-a479556 sc_fly_static elementor-widget elementor-widget-spacer\" data-id=\"a479556\" data-element_type=\"widget\" data-e-type=\"widget\" data-widget_type=\"spacer.default\">\n\t\t\t\t<div class=\"elementor-widget-container\">\n\t\t\t\t\t\t\t<div class=\"elementor-spacer\">\n\t\t\t<div class=\"elementor-spacer-inner\"><\/div>\n\t\t<\/div>\n\t\t\t\t\t\t<\/div>\n\t\t\t\t<\/div>\n\t\t\t\t<div class=\"elementor-element elementor-element-2ba77c3 sc_height_small sc_fly_static elementor-widget elementor-widget-spacer\" data-id=\"2ba77c3\" data-element_type=\"widget\" data-e-type=\"widget\" data-widget_type=\"spacer.default\">\n\t\t\t\t<div class=\"elementor-widget-container\">\n\t\t\t\t\t\t\t<div class=\"elementor-spacer\">\n\t\t\t<div class=\"elementor-spacer-inner\"><\/div>\n\t\t<\/div>\n\t\t\t\t\t\t<\/div>\n\t\t\t\t<\/div>\n\t\t\t\t<div class=\"elementor-element elementor-element-a57ae01 sc_fly_static elementor-widget elementor-widget-text-editor\" data-id=\"a57ae01\" data-element_type=\"widget\" data-e-type=\"widget\" data-widget_type=\"text-editor.default\">\n\t\t\t\t<div class=\"elementor-widget-container\">\n\t\t\t\t\t\t\t\t\t<p><strong>Zaj\u00edmavosti<\/strong><\/p><p>Nejv\u011bt\u0161\u00ed vydra\u017een\u00fd rub\u00edn 32,08 ct = 6,74 milionu USD<\/p><p>Rub\u00edn je jedn\u00edm z\u00a0nejcenn\u011bj\u0161\u00edch drah\u00fdch kamen\u016f a jeho cena m\u016f\u017ee b\u00fdt vy\u0161\u0161\u00ed ne\u017e cena zruba stejn\u011b velk\u00fdch diamant\u016f<\/p><p>Cena rub\u00edn\u016f se za posledn\u00edch 10 let zv\u00fd\u0161ila o 59% a v\u00a0p\u0159\u00edpad\u011b kamen\u016f o velikosti ne\u017e 120%.<\/p><p>Rub\u00edny a saf\u00edry p\u0159edstavuj\u00ed v\u00edce ne\u017e 50% sv\u011btov\u00e9ho obchodu s\u00a0barevn\u00fdmi drahokamy, a proto jsou nejd\u016fle\u017eit\u011bj\u0161\u00ed a nej\u017e\u00e1dan\u011bj\u0161\u00ed drah\u00e9 kameny.<\/p><p>Rub\u00edn je jednozna\u010dn\u011b nejv\u00edce cen\u011bn\u00fdm drahokamem na sv\u011bt\u011b<br \/><br \/><\/p><p><strong>Rub\u00edn<\/strong><\/p><ul><li>Rub\u00edn nikdy neztrat\u00ed sv\u016fj lesk<\/li><li>Op\u011bt se jedn\u00e1 o jeden nejvz\u00e1cn\u011bj\u0161\u00edch drahokam\u016f na sv\u011bt\u011b.<\/li><li>Jeho investi\u010dn\u00ed potenci\u00e1l ro\u010dn\u011b doru\u010d\u00ed v\u00fdnos okolo 10-15%<\/li><li>Rub\u00edn m\u016f\u017ee b\u00fdt velmi dobr\u00fd a stabiln\u00edm \u010dlenem ve va\u0161ich investic\u00edch.<\/li><\/ul>\t\t\t\t\t\t\t\t<\/div>\n\t\t\t\t<\/div>\n\t\t\t\t<div class=\"elementor-element elementor-element-a8d45be sc_fly_static elementor-widget elementor-widget-spacer\" data-id=\"a8d45be\" data-element_type=\"widget\" data-e-type=\"widget\" data-widget_type=\"spacer.default\">\n\t\t\t\t<div class=\"elementor-widget-container\">\n\t\t\t\t\t\t\t<div class=\"elementor-spacer\">\n\t\t\t<div class=\"elementor-spacer-inner\"><\/div>\n\t\t<\/div>\n\t\t\t\t\t\t<\/div>\n\t\t\t\t<\/div>\n\t\t\t\t<div class=\"elementor-element elementor-element-895ef83 sc_fly_static elementor-widget elementor-widget-image\" data-id=\"895ef83\" data-element_type=\"widget\" data-e-type=\"widget\" data-widget_type=\"image.default\">\n\t\t\t\t<div class=\"elementor-widget-container\">\n\t\t\t\t\t\t\t\t\t\t\t\t\t\t\t\t<a href=\"https:\/\/mojeprilezitost.cz\/wp-content\/uploads\/2025\/04\/rubin.png\" data-elementor-open-lightbox=\"yes\" data-e-action-hash=\"#elementor-action%3Aaction%3Dlightbox%26settings%3DeyJpZCI6MjQyNDcsInVybCI6Imh0dHBzOlwvXC9tb2plcHJpbGV6aXRvc3QuY3pcL3dwLWNvbnRlbnRcL3VwbG9hZHNcLzIwMjVcLzA0XC9ydWJpbi5wbmcifQ%3D%3D\">\n\t\t\t\t\t\t\t<img decoding=\"async\" width=\"1024\" height=\"576\" src=\"https:\/\/mojeprilezitost.cz\/wp-content\/uploads\/2025\/04\/rubin-1024x576.png\" class=\"attachment-large size-large wp-image-24247\" alt=\"\" srcset=\"https:\/\/mojeprilezitost.cz\/wp-content\/uploads\/2025\/04\/rubin-1024x576.png 1024w, https:\/\/mojeprilezitost.cz\/wp-content\/uploads\/2025\/04\/rubin-300x169.png 300w, https:\/\/mojeprilezitost.cz\/wp-content\/uploads\/2025\/04\/rubin-768x432.png 768w, https:\/\/mojeprilezitost.cz\/wp-content\/uploads\/2025\/04\/rubin-1536x864.png 1536w, https:\/\/mojeprilezitost.cz\/wp-content\/uploads\/2025\/04\/rubin-18x10.png 18w, https:\/\/mojeprilezitost.cz\/wp-content\/uploads\/2025\/04\/rubin-370x208.png 370w, https:\/\/mojeprilezitost.cz\/wp-content\/uploads\/2025\/04\/rubin-1290x725.png 1290w, https:\/\/mojeprilezitost.cz\/wp-content\/uploads\/2025\/04\/rubin-840x473.png 840w, https:\/\/mojeprilezitost.cz\/wp-content\/uploads\/2025\/04\/rubin-410x231.png 410w, https:\/\/mojeprilezitost.cz\/wp-content\/uploads\/2025\/04\/rubin-270x152.png 270w, https:\/\/mojeprilezitost.cz\/wp-content\/uploads\/2025\/04\/rubin.png 1920w\" sizes=\"(max-width: 1024px) 100vw, 1024px\" \/>\t\t\t\t\t\t\t\t<\/a>\n\t\t\t\t\t\t\t\t\t\t\t\t\t\t\t<\/div>\n\t\t\t\t<\/div>\n\t\t\t\t\t<\/div>\n\t\t<\/div>\n\t\t\t\t\t<\/div>\n\t\t<\/section>\n\t\t\t\t<div class=\"elementor-element elementor-element-b41a057 sc_height_medium sc_fly_static elementor-widget elementor-widget-spacer\" data-id=\"b41a057\" data-element_type=\"widget\" data-e-type=\"widget\" data-widget_type=\"spacer.default\">\n\t\t\t\t<div class=\"elementor-widget-container\">\n\t\t\t\t\t\t\t<div class=\"elementor-spacer\">\n\t\t\t<div class=\"elementor-spacer-inner\"><\/div>\n\t\t<\/div>\n\t\t\t\t\t\t<\/div>\n\t\t\t\t<\/div>\n\t\t\t\t<section class=\"elementor-section elementor-inner-section elementor-element elementor-element-852936c elementor-section-boxed elementor-section-height-default elementor-section-height-default sc_fly_static\" data-id=\"852936c\" data-element_type=\"section\" data-e-type=\"section\">\n\t\t\t\t\t\t<div class=\"elementor-container elementor-column-gap-extended\">\n\t\t\t\t\t<div class=\"elementor-column elementor-col-100 elementor-inner-column elementor-element elementor-element-24f9d02 sc_content_align_inherit sc_layouts_column_icons_position_left sc_fly_static\" data-id=\"24f9d02\" data-element_type=\"column\" data-e-type=\"column\">\n\t\t\t<div class=\"elementor-widget-wrap elementor-element-populated\">\n\t\t\t\t\t\t<div class=\"elementor-element elementor-element-8881a78 sc_fly_static elementor-widget elementor-widget-trx_sc_button\" data-id=\"8881a78\" data-element_type=\"widget\" data-e-type=\"widget\" data-widget_type=\"trx_sc_button.default\">\n\t\t\t\t<div class=\"elementor-widget-container\">\n\t\t\t\t\t<div\tclass=\"sc_item_button sc_button_wrap sc_align_center\" ><a href=\"https:\/\/mojeprilezitost.cz\/en\/kontakt\/\" class=\"sc_button sc_button_default sc_button_size_large sc_button_icon_left\" ><span class=\"sc_button_text\"><span class=\"sc_button_title\">JAK INVESTOVAT DO RUB\u00cdNU<\/span><\/span><\/a><\/div>\t\t\t\t<\/div>\n\t\t\t\t<\/div>\n\t\t\t\t<div class=\"elementor-element elementor-element-5879a16 sc_fly_static elementor-widget elementor-widget-spacer\" data-id=\"5879a16\" data-element_type=\"widget\" data-e-type=\"widget\" data-widget_type=\"spacer.default\">\n\t\t\t\t<div class=\"elementor-widget-container\">\n\t\t\t\t\t\t\t<div class=\"elementor-spacer\">\n\t\t\t<div class=\"elementor-spacer-inner\"><\/div>\n\t\t<\/div>\n\t\t\t\t\t\t<\/div>\n\t\t\t\t<\/div>\n\t\t\t\t<div class=\"elementor-element elementor-element-cecf2c3 sc_fly_static elementor-widget elementor-widget-spacer\" data-id=\"cecf2c3\" data-element_type=\"widget\" data-e-type=\"widget\" data-widget_type=\"spacer.default\">\n\t\t\t\t<div class=\"elementor-widget-container\">\n\t\t\t\t\t\t\t<div class=\"elementor-spacer\">\n\t\t\t<div class=\"elementor-spacer-inner\"><\/div>\n\t\t<\/div>\n\t\t\t\t\t\t<\/div>\n\t\t\t\t<\/div>\n\t\t\t\t\t<\/div>\n\t\t<\/div>\n\t\t\t\t\t<\/div>\n\t\t<\/section>\n\t\t\t\t\t<\/div>\n\t\t<\/div>\n\t\t\t\t\t<\/div>\n\t\t<\/section>\n\t\t\t\t<\/div>","protected":false},"excerpt":{"rendered":"<p>RUB\u00cdN Nositel energie a emocion\u00e1ln\u00ed vyrovnanosti Popis drahokamu Z\u00a0lat. Rubens, rubinus \u2013 \u010derven\u00fd Staroindick\u00e9 sanskrtsk\u00e9&hellip;<\/p>","protected":false},"author":1,"featured_media":24491,"parent":0,"menu_order":0,"comment_status":"closed","ping_status":"closed","template":"","meta":{"footnotes":""},"class_list":["post-23992","page","type-page","status-publish","has-post-thumbnail","hentry"],"yoast_head":"<!-- This site is optimized with the Yoast SEO Premium plugin v20.11 (Yoast SEO v27.4) - https:\/\/yoast.com\/product\/yoast-seo-premium-wordpress\/ -->\n<title>Rub\u00edn - Moje p\u0159\u00edle\u017eitost CZ s.r.o.<\/title>\n<meta name=\"robots\" content=\"index, follow, max-snippet:-1, max-image-preview:large, max-video-preview:-1\" \/>\n<link rel=\"canonical\" href=\"https:\/\/mojeprilezitost.cz\/en\/rubin\/\" \/>\n<meta property=\"og:locale\" content=\"en_US\" \/>\n<meta property=\"og:type\" content=\"article\" \/>\n<meta property=\"og:title\" content=\"Rub\u00edn\" \/>\n<meta property=\"og:description\" content=\"RUB\u00cdN Nositel energie a emocion\u00e1ln\u00ed vyrovnanosti Popis drahokamu Z\u00a0lat. Rubens, rubinus \u2013 \u010derven\u00fd Staroindick\u00e9 sanskrtsk\u00e9&hellip;\" \/>\n<meta property=\"og:url\" content=\"https:\/\/mojeprilezitost.cz\/en\/rubin\/\" \/>\n<meta property=\"og:site_name\" content=\"Moje p\u0159\u00edle\u017eitost CZ s.r.o.\" \/>\n<meta property=\"article:modified_time\" content=\"2025-11-24T11:12:17+00:00\" \/>\n<meta property=\"og:image\" content=\"https:\/\/mojeprilezitost.cz\/wp-content\/uploads\/2025\/11\/Rubin-Mosambik.png\" \/>\n\t<meta property=\"og:image:width\" content=\"1000\" \/>\n\t<meta property=\"og:image:height\" content=\"1000\" \/>\n\t<meta property=\"og:image:type\" content=\"image\/png\" \/>\n<meta name=\"twitter:card\" content=\"summary_large_image\" \/>\n<meta name=\"twitter:label1\" content=\"Est. reading time\" \/>\n\t<meta name=\"twitter:data1\" content=\"2 minutes\" \/>\n<script type=\"application\/ld+json\" class=\"yoast-schema-graph\">{\"@context\":\"https:\\\/\\\/schema.org\",\"@graph\":[{\"@type\":\"WebPage\",\"@id\":\"https:\\\/\\\/mojeprilezitost.cz\\\/en\\\/rubin\\\/\",\"url\":\"https:\\\/\\\/mojeprilezitost.cz\\\/en\\\/rubin\\\/\",\"name\":\"Rub\u00edn - Moje p\u0159\u00edle\u017eitost CZ s.r.o.\",\"isPartOf\":{\"@id\":\"https:\\\/\\\/mojeprilezitost.cz\\\/en\\\/#website\"},\"primaryImageOfPage\":{\"@id\":\"https:\\\/\\\/mojeprilezitost.cz\\\/en\\\/rubin\\\/#primaryimage\"},\"image\":{\"@id\":\"https:\\\/\\\/mojeprilezitost.cz\\\/en\\\/rubin\\\/#primaryimage\"},\"thumbnailUrl\":\"https:\\\/\\\/mojeprilezitost.cz\\\/wp-content\\\/uploads\\\/2025\\\/11\\\/Rubin-Mosambik.png\",\"datePublished\":\"2025-04-07T21:10:35+00:00\",\"dateModified\":\"2025-11-24T11:12:17+00:00\",\"breadcrumb\":{\"@id\":\"https:\\\/\\\/mojeprilezitost.cz\\\/en\\\/rubin\\\/#breadcrumb\"},\"inLanguage\":\"en-US\",\"potentialAction\":[{\"@type\":\"ReadAction\",\"target\":[\"https:\\\/\\\/mojeprilezitost.cz\\\/en\\\/rubin\\\/\"]}]},{\"@type\":\"ImageObject\",\"inLanguage\":\"en-US\",\"@id\":\"https:\\\/\\\/mojeprilezitost.cz\\\/en\\\/rubin\\\/#primaryimage\",\"url\":\"https:\\\/\\\/mojeprilezitost.cz\\\/wp-content\\\/uploads\\\/2025\\\/11\\\/Rubin-Mosambik.png\",\"contentUrl\":\"https:\\\/\\\/mojeprilezitost.cz\\\/wp-content\\\/uploads\\\/2025\\\/11\\\/Rubin-Mosambik.png\",\"width\":1000,\"height\":1000},{\"@type\":\"BreadcrumbList\",\"@id\":\"https:\\\/\\\/mojeprilezitost.cz\\\/en\\\/rubin\\\/#breadcrumb\",\"itemListElement\":[{\"@type\":\"ListItem\",\"position\":1,\"name\":\"Home\",\"item\":\"https:\\\/\\\/mojeprilezitost.cz\\\/\"},{\"@type\":\"ListItem\",\"position\":2,\"name\":\"Rub\u00edn\"}]},{\"@type\":\"WebSite\",\"@id\":\"https:\\\/\\\/mojeprilezitost.cz\\\/en\\\/#website\",\"url\":\"https:\\\/\\\/mojeprilezitost.cz\\\/en\\\/\",\"name\":\"Moje p\u0159\u00edle\u017eitost CZ s.r.o.\",\"description\":\"Co je doma, to se po\u010d\u00edt\u00e1\",\"publisher\":{\"@id\":\"https:\\\/\\\/mojeprilezitost.cz\\\/en\\\/#organization\"},\"potentialAction\":[{\"@type\":\"SearchAction\",\"target\":{\"@type\":\"EntryPoint\",\"urlTemplate\":\"https:\\\/\\\/mojeprilezitost.cz\\\/en\\\/?s={search_term_string}\"},\"query-input\":{\"@type\":\"PropertyValueSpecification\",\"valueRequired\":true,\"valueName\":\"search_term_string\"}}],\"inLanguage\":\"en-US\"},{\"@type\":\"Organization\",\"@id\":\"https:\\\/\\\/mojeprilezitost.cz\\\/en\\\/#organization\",\"name\":\"Moje p\u0159\u00edle\u017eitost CZ s.r.o.\",\"url\":\"https:\\\/\\\/mojeprilezitost.cz\\\/en\\\/\",\"logo\":{\"@type\":\"ImageObject\",\"inLanguage\":\"en-US\",\"@id\":\"https:\\\/\\\/mojeprilezitost.cz\\\/en\\\/#\\\/schema\\\/logo\\\/image\\\/\",\"url\":\"https:\\\/\\\/mojeprilezitost.cz\\\/wp-content\\\/uploads\\\/2022\\\/01\\\/Jiri-Ovsik-predni.png\",\"contentUrl\":\"https:\\\/\\\/mojeprilezitost.cz\\\/wp-content\\\/uploads\\\/2022\\\/01\\\/Jiri-Ovsik-predni.png\",\"width\":500,\"height\":500,\"caption\":\"Moje p\u0159\u00edle\u017eitost CZ s.r.o.\"},\"image\":{\"@id\":\"https:\\\/\\\/mojeprilezitost.cz\\\/en\\\/#\\\/schema\\\/logo\\\/image\\\/\"}}]}<\/script>\n<!-- \/ Yoast SEO Premium plugin. -->","yoast_head_json":{"title":"Rub\u00edn - Moje p\u0159\u00edle\u017eitost CZ s.r.o.","robots":{"index":"index","follow":"follow","max-snippet":"max-snippet:-1","max-image-preview":"max-image-preview:large","max-video-preview":"max-video-preview:-1"},"canonical":"https:\/\/mojeprilezitost.cz\/en\/rubin\/","og_locale":"en_US","og_type":"article","og_title":"Rub\u00edn","og_description":"RUB\u00cdN Nositel energie a emocion\u00e1ln\u00ed vyrovnanosti Popis drahokamu Z\u00a0lat. Rubens, rubinus \u2013 \u010derven\u00fd Staroindick\u00e9 sanskrtsk\u00e9&hellip;","og_url":"https:\/\/mojeprilezitost.cz\/en\/rubin\/","og_site_name":"Moje p\u0159\u00edle\u017eitost CZ s.r.o.","article_modified_time":"2025-11-24T11:12:17+00:00","og_image":[{"width":1000,"height":1000,"url":"https:\/\/mojeprilezitost.cz\/wp-content\/uploads\/2025\/11\/Rubin-Mosambik.png","type":"image\/png"}],"twitter_card":"summary_large_image","twitter_misc":{"Est. reading time":"2 minutes"},"schema":{"@context":"https:\/\/schema.org","@graph":[{"@type":"WebPage","@id":"https:\/\/mojeprilezitost.cz\/en\/rubin\/","url":"https:\/\/mojeprilezitost.cz\/en\/rubin\/","name":"Rub\u00edn - Moje p\u0159\u00edle\u017eitost CZ s.r.o.","isPartOf":{"@id":"https:\/\/mojeprilezitost.cz\/en\/#website"},"primaryImageOfPage":{"@id":"https:\/\/mojeprilezitost.cz\/en\/rubin\/#primaryimage"},"image":{"@id":"https:\/\/mojeprilezitost.cz\/en\/rubin\/#primaryimage"},"thumbnailUrl":"https:\/\/mojeprilezitost.cz\/wp-content\/uploads\/2025\/11\/Rubin-Mosambik.png","datePublished":"2025-04-07T21:10:35+00:00","dateModified":"2025-11-24T11:12:17+00:00","breadcrumb":{"@id":"https:\/\/mojeprilezitost.cz\/en\/rubin\/#breadcrumb"},"inLanguage":"en-US","potentialAction":[{"@type":"ReadAction","target":["https:\/\/mojeprilezitost.cz\/en\/rubin\/"]}]},{"@type":"ImageObject","inLanguage":"en-US","@id":"https:\/\/mojeprilezitost.cz\/en\/rubin\/#primaryimage","url":"https:\/\/mojeprilezitost.cz\/wp-content\/uploads\/2025\/11\/Rubin-Mosambik.png","contentUrl":"https:\/\/mojeprilezitost.cz\/wp-content\/uploads\/2025\/11\/Rubin-Mosambik.png","width":1000,"height":1000},{"@type":"BreadcrumbList","@id":"https:\/\/mojeprilezitost.cz\/en\/rubin\/#breadcrumb","itemListElement":[{"@type":"ListItem","position":1,"name":"Home","item":"https:\/\/mojeprilezitost.cz\/"},{"@type":"ListItem","position":2,"name":"Rub\u00edn"}]},{"@type":"WebSite","@id":"https:\/\/mojeprilezitost.cz\/en\/#website","url":"https:\/\/mojeprilezitost.cz\/en\/","name":"Moje p\u0159\u00edle\u017eitost CZ s.r.o.","description":"Co je doma, to se po\u010d\u00edt\u00e1","publisher":{"@id":"https:\/\/mojeprilezitost.cz\/en\/#organization"},"potentialAction":[{"@type":"SearchAction","target":{"@type":"EntryPoint","urlTemplate":"https:\/\/mojeprilezitost.cz\/en\/?s={search_term_string}"},"query-input":{"@type":"PropertyValueSpecification","valueRequired":true,"valueName":"search_term_string"}}],"inLanguage":"en-US"},{"@type":"Organization","@id":"https:\/\/mojeprilezitost.cz\/en\/#organization","name":"Moje p\u0159\u00edle\u017eitost CZ s.r.o.","url":"https:\/\/mojeprilezitost.cz\/en\/","logo":{"@type":"ImageObject","inLanguage":"en-US","@id":"https:\/\/mojeprilezitost.cz\/en\/#\/schema\/logo\/image\/","url":"https:\/\/mojeprilezitost.cz\/wp-content\/uploads\/2022\/01\/Jiri-Ovsik-predni.png","contentUrl":"https:\/\/mojeprilezitost.cz\/wp-content\/uploads\/2022\/01\/Jiri-Ovsik-predni.png","width":500,"height":500,"caption":"Moje p\u0159\u00edle\u017eitost CZ s.r.o."},"image":{"@id":"https:\/\/mojeprilezitost.cz\/en\/#\/schema\/logo\/image\/"}}]}},"_links":{"self":[{"href":"https:\/\/mojeprilezitost.cz\/en\/wp-json\/wp\/v2\/pages\/23992","targetHints":{"allow":["GET"]}}],"collection":[{"href":"https:\/\/mojeprilezitost.cz\/en\/wp-json\/wp\/v2\/pages"}],"about":[{"href":"https:\/\/mojeprilezitost.cz\/en\/wp-json\/wp\/v2\/types\/page"}],"author":[{"embeddable":true,"href":"https:\/\/mojeprilezitost.cz\/en\/wp-json\/wp\/v2\/users\/1"}],"replies":[{"embeddable":true,"href":"https:\/\/mojeprilezitost.cz\/en\/wp-json\/wp\/v2\/comments?post=23992"}],"version-history":[{"count":32,"href":"https:\/\/mojeprilezitost.cz\/en\/wp-json\/wp\/v2\/pages\/23992\/revisions"}],"predecessor-version":[{"id":24495,"href":"https:\/\/mojeprilezitost.cz\/en\/wp-json\/wp\/v2\/pages\/23992\/revisions\/24495"}],"wp:featuredmedia":[{"embeddable":true,"href":"https:\/\/mojeprilezitost.cz\/en\/wp-json\/wp\/v2\/media\/24491"}],"wp:attachment":[{"href":"https:\/\/mojeprilezitost.cz\/en\/wp-json\/wp\/v2\/media?parent=23992"}],"curies":[{"name":"wp","href":"https:\/\/api.w.org\/{rel}","templated":true}]}}