{"id":23990,"date":"2025-04-07T21:10:12","date_gmt":"2025-04-07T21:10:12","guid":{"rendered":"https:\/\/mojeprilezitost.cz\/?page_id=23990"},"modified":"2025-11-24T11:12:14","modified_gmt":"2025-11-24T11:12:14","slug":"safir","status":"publish","type":"page","link":"https:\/\/mojeprilezitost.cz\/en\/safir\/","title":{"rendered":"Saf\u00edr"},"content":{"rendered":"<div data-elementor-type=\"wp-page\" data-elementor-id=\"23990\" class=\"elementor elementor-23990\" data-elementor-post-type=\"page\">\n\t\t\t\t\t\t<section class=\"elementor-section elementor-top-section elementor-element elementor-element-91dcd2c elementor-section-boxed elementor-section-height-default elementor-section-height-default sc_fly_static\" data-id=\"91dcd2c\" data-element_type=\"section\" data-e-type=\"section\">\n\t\t\t\t\t\t<div class=\"elementor-container elementor-column-gap-extended\">\n\t\t\t\t\t<div class=\"elementor-column elementor-col-100 elementor-top-column elementor-element elementor-element-001837f sc_content_align_inherit sc_layouts_column_icons_position_left sc_fly_static\" data-id=\"001837f\" data-element_type=\"column\" data-e-type=\"column\">\n\t\t\t<div class=\"elementor-widget-wrap elementor-element-populated\">\n\t\t\t\t\t\t<div class=\"elementor-element elementor-element-e5f9e7e sc_height_huge sc_fly_static elementor-widget elementor-widget-spacer\" data-id=\"e5f9e7e\" data-element_type=\"widget\" data-e-type=\"widget\" data-widget_type=\"spacer.default\">\n\t\t\t\t<div class=\"elementor-widget-container\">\n\t\t\t\t\t\t\t<div class=\"elementor-spacer\">\n\t\t\t<div class=\"elementor-spacer-inner\"><\/div>\n\t\t<\/div>\n\t\t\t\t\t\t<\/div>\n\t\t\t\t<\/div>\n\t\t\t\t\t<\/div>\n\t\t<\/div>\n\t\t\t\t\t<\/div>\n\t\t<\/section>\n\t\t\t\t<section class=\"elementor-section elementor-top-section elementor-element elementor-element-378c7b6 elementor-section-boxed elementor-section-height-default elementor-section-height-default sc_fly_static\" data-id=\"378c7b6\" data-element_type=\"section\" data-e-type=\"section\" data-settings=\"{&quot;background_background&quot;:&quot;classic&quot;}\">\n\t\t\t\t\t\t<div class=\"elementor-container elementor-column-gap-extended\">\n\t\t\t\t\t<div class=\"elementor-column elementor-col-100 elementor-top-column elementor-element elementor-element-5a932fa sc_content_align_inherit sc_layouts_column_icons_position_left sc_fly_static\" data-id=\"5a932fa\" data-element_type=\"column\" data-e-type=\"column\">\n\t\t\t<div class=\"elementor-widget-wrap elementor-element-populated\">\n\t\t\t\t\t\t<section class=\"elementor-section elementor-inner-section elementor-element elementor-element-a83bdef elementor-section-boxed elementor-section-height-default elementor-section-height-default sc_fly_static\" data-id=\"a83bdef\" data-element_type=\"section\" data-e-type=\"section\">\n\t\t\t\t\t\t<div class=\"elementor-container elementor-column-gap-extended\">\n\t\t\t\t\t<div class=\"elementor-column elementor-col-50 elementor-inner-column elementor-element elementor-element-9bd27f6 sc_content_align_inherit sc_layouts_column_icons_position_left sc_fly_static\" data-id=\"9bd27f6\" data-element_type=\"column\" data-e-type=\"column\">\n\t\t\t<div class=\"elementor-widget-wrap elementor-element-populated\">\n\t\t\t\t\t\t<div class=\"elementor-element elementor-element-9ecbd14 sc_height_medium sc_fly_static elementor-widget elementor-widget-spacer\" data-id=\"9ecbd14\" data-element_type=\"widget\" data-e-type=\"widget\" data-widget_type=\"spacer.default\">\n\t\t\t\t<div class=\"elementor-widget-container\">\n\t\t\t\t\t\t\t<div class=\"elementor-spacer\">\n\t\t\t<div class=\"elementor-spacer-inner\"><\/div>\n\t\t<\/div>\n\t\t\t\t\t\t<\/div>\n\t\t\t\t<\/div>\n\t\t\t\t<div class=\"elementor-element elementor-element-89b87f7 sc_fly_static elementor-widget elementor-widget-text-editor\" data-id=\"89b87f7\" data-element_type=\"widget\" data-e-type=\"widget\" data-widget_type=\"text-editor.default\">\n\t\t\t\t<div class=\"elementor-widget-container\">\n\t\t\t\t\t\t\t\t\t<h3>SAF\u00cdR<\/h3><p>Symbol kr\u00e1sy a aristokracie<\/p><p><strong>Popis drahokamu<br \/><\/strong>Neuv\u011b\u0159iteln\u00fd drahokam z \u201evelk\u00e9 trojky\u201c, kter\u00fd m\u016f\u017ee m\u00edt v\u0161echny barvy.<\/p><p><strong>Charakteristika kamene<\/strong><\/p><ul><li>Chemicky \u2013 Al<sub>2<\/sub>O<sub>3<\/sub><\/li><li>Mineralogicky \u2013 korund<\/li><li>Tvrdost \u2013 9<\/li><li>P\u0159\u00edrodn\u00ed barvy \u2013 modr\u00e1 \u017elut\u00e1, r\u016f\u017eov\u00e1, fialov\u00e1, lososov\u00e1 atd.<\/li><li>Hlavn\u00ed nalezi\u0161t\u011b \u2013 Austr\u00e1lie, Kambod\u017ea, \u010c\u00edna, Etiopie, Ka\u0161m\u00edr, Ke\u0148a, Madagaskar, Myanmar, Nig\u00e9rie, Sr\u00ed Lanka, Tanzanie, Thajsko, USA, Vietnam<\/li><li>K\u00e1men zrozen\u00ed \u2013 z\u00e1\u0159\u00ed<\/li><li>V\u00fdro\u010d\u00ed svatby \u2013 5. a 45.v\u00fdro\u010d\u00ed<\/li><li>Trigon\u00e1ln\u00ed (klencov\u00e1) krystalick\u00e1 soustava<\/li><li>V\u00fdskyt v podob\u011b sloupcovit\u00fdch prismatick\u00fdch krystal\u016f<\/li><li>B\u00edl\u00fd vryp, skeln\u00fd lesk, \u017e\u00e1dn\u00e1 \u0161t\u011bpnost<\/li><li>Barva zp\u016fsobena hlavn\u011b stopov\u00fdmi prvky \u017eeleza, chromu a titanu.<\/li><li>\u010cast\u00e1 tepeln\u00e1 \u00faprava pro zlep\u0161en\u00ed kvality<\/li><li>Pozorovateln\u00e9 efekty u smaragd\u016f je pleochroismus a luminiscence.<\/li><\/ul><p><strong>4C parametry<\/strong><\/p><ul><li>1C &#8211; Barva C (color)<\/li><li>2C &#8211; \u010cistota (clarity)<\/li><li>3C &#8211; Hmotnost (Carat weight)<\/li><li>4C &#8211; Brus (cut)<\/li><li>5C &#8211; country of origin \u2013 p\u0159\u00edrodn\u00ed p\u016fvod<\/li><\/ul>\t\t\t\t\t\t\t\t<\/div>\n\t\t\t\t<\/div>\n\t\t\t\t<div class=\"elementor-element elementor-element-bf490f5 sc_height_tiny sc_fly_static elementor-widget elementor-widget-spacer\" data-id=\"bf490f5\" data-element_type=\"widget\" data-e-type=\"widget\" data-widget_type=\"spacer.default\">\n\t\t\t\t<div class=\"elementor-widget-container\">\n\t\t\t\t\t\t\t<div class=\"elementor-spacer\">\n\t\t\t<div class=\"elementor-spacer-inner\"><\/div>\n\t\t<\/div>\n\t\t\t\t\t\t<\/div>\n\t\t\t\t<\/div>\n\t\t\t\t\t<\/div>\n\t\t<\/div>\n\t\t\t\t<div class=\"elementor-column elementor-col-50 elementor-inner-column elementor-element elementor-element-a64327c sc_content_align_inherit sc_layouts_column_icons_position_left sc_fly_static\" data-id=\"a64327c\" data-element_type=\"column\" data-e-type=\"column\">\n\t\t\t<div class=\"elementor-widget-wrap elementor-element-populated\">\n\t\t\t\t\t\t<div class=\"elementor-element elementor-element-8ea2495 sc_height_small sc_fly_static elementor-widget elementor-widget-spacer\" data-id=\"8ea2495\" data-element_type=\"widget\" data-e-type=\"widget\" data-widget_type=\"spacer.default\">\n\t\t\t\t<div class=\"elementor-widget-container\">\n\t\t\t\t\t\t\t<div class=\"elementor-spacer\">\n\t\t\t<div class=\"elementor-spacer-inner\"><\/div>\n\t\t<\/div>\n\t\t\t\t\t\t<\/div>\n\t\t\t\t<\/div>\n\t\t\t\t<div class=\"elementor-element elementor-element-9516079 elementor-widget__width-initial sc_fly_static elementor-widget elementor-widget-image\" data-id=\"9516079\" data-element_type=\"widget\" data-e-type=\"widget\" data-widget_type=\"image.default\">\n\t\t\t\t<div class=\"elementor-widget-container\">\n\t\t\t\t\t\t\t\t\t\t\t\t\t\t\t<img fetchpriority=\"high\" decoding=\"async\" width=\"721\" height=\"600\" src=\"https:\/\/mojeprilezitost.cz\/wp-content\/uploads\/2025\/03\/Obrazek2.png\" class=\"attachment-large size-large wp-image-23795\" alt=\"\" srcset=\"https:\/\/mojeprilezitost.cz\/wp-content\/uploads\/2025\/03\/Obrazek2.png 721w, https:\/\/mojeprilezitost.cz\/wp-content\/uploads\/2025\/03\/Obrazek2-300x250.png 300w, https:\/\/mojeprilezitost.cz\/wp-content\/uploads\/2025\/03\/Obrazek2-14x12.png 14w, https:\/\/mojeprilezitost.cz\/wp-content\/uploads\/2025\/03\/Obrazek2-370x308.png 370w, https:\/\/mojeprilezitost.cz\/wp-content\/uploads\/2025\/03\/Obrazek2-410x341.png 410w\" sizes=\"(max-width: 721px) 100vw, 721px\" \/>\t\t\t\t\t\t\t\t\t\t\t\t\t\t\t<\/div>\n\t\t\t\t<\/div>\n\t\t\t\t<div class=\"elementor-element elementor-element-e193e95 sc_fly_static elementor-widget elementor-widget-spacer\" data-id=\"e193e95\" data-element_type=\"widget\" data-e-type=\"widget\" data-widget_type=\"spacer.default\">\n\t\t\t\t<div class=\"elementor-widget-container\">\n\t\t\t\t\t\t\t<div class=\"elementor-spacer\">\n\t\t\t<div class=\"elementor-spacer-inner\"><\/div>\n\t\t<\/div>\n\t\t\t\t\t\t<\/div>\n\t\t\t\t<\/div>\n\t\t\t\t<div class=\"elementor-element elementor-element-6d439b3 sc_height_small sc_fly_static elementor-widget elementor-widget-spacer\" data-id=\"6d439b3\" data-element_type=\"widget\" data-e-type=\"widget\" data-widget_type=\"spacer.default\">\n\t\t\t\t<div class=\"elementor-widget-container\">\n\t\t\t\t\t\t\t<div class=\"elementor-spacer\">\n\t\t\t<div class=\"elementor-spacer-inner\"><\/div>\n\t\t<\/div>\n\t\t\t\t\t\t<\/div>\n\t\t\t\t<\/div>\n\t\t\t\t<div class=\"elementor-element elementor-element-cf4f94e elementor-widget__width-initial sc_fly_static elementor-widget elementor-widget-image\" data-id=\"cf4f94e\" data-element_type=\"widget\" data-e-type=\"widget\" data-widget_type=\"image.default\">\n\t\t\t\t<div class=\"elementor-widget-container\">\n\t\t\t\t\t\t\t\t\t\t\t\t\t\t\t<img decoding=\"async\" width=\"907\" height=\"234\" src=\"https:\/\/mojeprilezitost.cz\/wp-content\/uploads\/2025\/03\/10.jpg\" class=\"attachment-large size-large wp-image-23794\" alt=\"\" srcset=\"https:\/\/mojeprilezitost.cz\/wp-content\/uploads\/2025\/03\/10.jpg 907w, https:\/\/mojeprilezitost.cz\/wp-content\/uploads\/2025\/03\/10-300x77.jpg 300w, https:\/\/mojeprilezitost.cz\/wp-content\/uploads\/2025\/03\/10-768x198.jpg 768w, https:\/\/mojeprilezitost.cz\/wp-content\/uploads\/2025\/03\/10-18x5.jpg 18w, https:\/\/mojeprilezitost.cz\/wp-content\/uploads\/2025\/03\/10-370x95.jpg 370w, https:\/\/mojeprilezitost.cz\/wp-content\/uploads\/2025\/03\/10-840x217.jpg 840w, https:\/\/mojeprilezitost.cz\/wp-content\/uploads\/2025\/03\/10-410x106.jpg 410w\" sizes=\"(max-width: 907px) 100vw, 907px\" \/>\t\t\t\t\t\t\t\t\t\t\t\t\t\t\t<\/div>\n\t\t\t\t<\/div>\n\t\t\t\t<div class=\"elementor-element elementor-element-3935a6e sc_height_small sc_fly_static elementor-widget elementor-widget-spacer\" data-id=\"3935a6e\" data-element_type=\"widget\" data-e-type=\"widget\" data-widget_type=\"spacer.default\">\n\t\t\t\t<div class=\"elementor-widget-container\">\n\t\t\t\t\t\t\t<div class=\"elementor-spacer\">\n\t\t\t<div class=\"elementor-spacer-inner\"><\/div>\n\t\t<\/div>\n\t\t\t\t\t\t<\/div>\n\t\t\t\t<\/div>\n\t\t\t\t<div class=\"elementor-element elementor-element-c9b488d sc_fly_static elementor-widget elementor-widget-text-editor\" data-id=\"c9b488d\" data-element_type=\"widget\" data-e-type=\"widget\" data-widget_type=\"text-editor.default\">\n\t\t\t\t<div class=\"elementor-widget-container\">\n\t\t\t\t\t\t\t\t\t<ul><li>Pat\u0159\u00ed do \u201evelk\u00e9 nebo svat\u00e9 trojice\u201c drahokam\u016f (Rub\u00edn, Smaragd, Saf\u00edr)<\/li><li>Je to jeden z\u00a0nejvyhled\u00e1van\u011bj\u0161\u00edch drahokam\u016f<\/li><li>Obchoduje se ji\u017e od starov\u011bku.<\/li><li>Velmi obl\u00edben\u00fd k\u00e1men ve \u0161perka\u0159stv\u00ed pro svoji odolnost a kr\u00e1su<\/li><li>Jedny z\u00a0nejcenn\u011bj\u0161\u00edch saf\u00edr\u016f jsou z\u00a0Barmy a Sr\u00ed Lanky<\/li><li>Saf\u00edr je velmi vhodn\u00fd pro diverzifikaci investi\u010dn\u00edho portfolia<\/li><\/ul>\t\t\t\t\t\t\t\t<\/div>\n\t\t\t\t<\/div>\n\t\t\t\t<div class=\"elementor-element elementor-element-fa44450 sc_fly_static elementor-widget elementor-widget-spacer\" data-id=\"fa44450\" data-element_type=\"widget\" data-e-type=\"widget\" data-widget_type=\"spacer.default\">\n\t\t\t\t<div class=\"elementor-widget-container\">\n\t\t\t\t\t\t\t<div class=\"elementor-spacer\">\n\t\t\t<div class=\"elementor-spacer-inner\"><\/div>\n\t\t<\/div>\n\t\t\t\t\t\t<\/div>\n\t\t\t\t<\/div>\n\t\t\t\t<div class=\"elementor-element elementor-element-99eee0b sc_fly_static elementor-widget elementor-widget-image\" data-id=\"99eee0b\" data-element_type=\"widget\" data-e-type=\"widget\" data-widget_type=\"image.default\">\n\t\t\t\t<div class=\"elementor-widget-container\">\n\t\t\t\t\t\t\t\t\t\t\t\t\t\t\t\t<a href=\"https:\/\/mojeprilezitost.cz\/wp-content\/uploads\/2025\/04\/safir.png\" data-elementor-open-lightbox=\"yes\" data-e-action-hash=\"#elementor-action%3Aaction%3Dlightbox%26settings%3DeyJpZCI6MjQyNDgsInVybCI6Imh0dHBzOlwvXC9tb2plcHJpbGV6aXRvc3QuY3pcL3dwLWNvbnRlbnRcL3VwbG9hZHNcLzIwMjVcLzA0XC9zYWZpci5wbmcifQ%3D%3D\">\n\t\t\t\t\t\t\t<img decoding=\"async\" width=\"1024\" height=\"576\" src=\"https:\/\/mojeprilezitost.cz\/wp-content\/uploads\/2025\/04\/safir-1024x576.png\" class=\"attachment-large size-large wp-image-24248\" alt=\"\" srcset=\"https:\/\/mojeprilezitost.cz\/wp-content\/uploads\/2025\/04\/safir-1024x576.png 1024w, https:\/\/mojeprilezitost.cz\/wp-content\/uploads\/2025\/04\/safir-300x169.png 300w, https:\/\/mojeprilezitost.cz\/wp-content\/uploads\/2025\/04\/safir-768x432.png 768w, https:\/\/mojeprilezitost.cz\/wp-content\/uploads\/2025\/04\/safir-1536x864.png 1536w, https:\/\/mojeprilezitost.cz\/wp-content\/uploads\/2025\/04\/safir-18x10.png 18w, https:\/\/mojeprilezitost.cz\/wp-content\/uploads\/2025\/04\/safir-370x208.png 370w, https:\/\/mojeprilezitost.cz\/wp-content\/uploads\/2025\/04\/safir-1290x725.png 1290w, https:\/\/mojeprilezitost.cz\/wp-content\/uploads\/2025\/04\/safir-840x473.png 840w, https:\/\/mojeprilezitost.cz\/wp-content\/uploads\/2025\/04\/safir-410x231.png 410w, https:\/\/mojeprilezitost.cz\/wp-content\/uploads\/2025\/04\/safir-270x152.png 270w, https:\/\/mojeprilezitost.cz\/wp-content\/uploads\/2025\/04\/safir.png 1920w\" sizes=\"(max-width: 1024px) 100vw, 1024px\" \/>\t\t\t\t\t\t\t\t<\/a>\n\t\t\t\t\t\t\t\t\t\t\t\t\t\t\t<\/div>\n\t\t\t\t<\/div>\n\t\t\t\t\t<\/div>\n\t\t<\/div>\n\t\t\t\t\t<\/div>\n\t\t<\/section>\n\t\t\t\t<div class=\"elementor-element elementor-element-db03c26 sc_height_medium sc_fly_static elementor-widget elementor-widget-spacer\" data-id=\"db03c26\" data-element_type=\"widget\" data-e-type=\"widget\" data-widget_type=\"spacer.default\">\n\t\t\t\t<div class=\"elementor-widget-container\">\n\t\t\t\t\t\t\t<div class=\"elementor-spacer\">\n\t\t\t<div class=\"elementor-spacer-inner\"><\/div>\n\t\t<\/div>\n\t\t\t\t\t\t<\/div>\n\t\t\t\t<\/div>\n\t\t\t\t<section class=\"elementor-section elementor-inner-section elementor-element elementor-element-6ff5935 elementor-section-boxed elementor-section-height-default elementor-section-height-default sc_fly_static\" data-id=\"6ff5935\" data-element_type=\"section\" data-e-type=\"section\">\n\t\t\t\t\t\t<div class=\"elementor-container elementor-column-gap-extended\">\n\t\t\t\t\t<div class=\"elementor-column elementor-col-100 elementor-inner-column elementor-element elementor-element-14757d7 sc_content_align_inherit sc_layouts_column_icons_position_left sc_fly_static\" data-id=\"14757d7\" data-element_type=\"column\" data-e-type=\"column\">\n\t\t\t<div class=\"elementor-widget-wrap elementor-element-populated\">\n\t\t\t\t\t\t<div class=\"elementor-element elementor-element-1d8bbab sc_fly_static elementor-widget elementor-widget-trx_sc_button\" data-id=\"1d8bbab\" data-element_type=\"widget\" data-e-type=\"widget\" data-widget_type=\"trx_sc_button.default\">\n\t\t\t\t<div class=\"elementor-widget-container\">\n\t\t\t\t\t<div\tclass=\"sc_item_button sc_button_wrap sc_align_center\" ><a href=\"https:\/\/mojeprilezitost.cz\/en\/kontakt\/\" class=\"sc_button sc_button_default sc_button_size_large sc_button_icon_left\" ><span class=\"sc_button_text\"><span class=\"sc_button_title\">JAK INVESTOVAT DO SAF\u00cdRU<\/span><\/span><\/a><\/div>\t\t\t\t<\/div>\n\t\t\t\t<\/div>\n\t\t\t\t<div class=\"elementor-element elementor-element-2f1e680 sc_height_huge sc_fly_static elementor-widget elementor-widget-spacer\" data-id=\"2f1e680\" data-element_type=\"widget\" data-e-type=\"widget\" data-widget_type=\"spacer.default\">\n\t\t\t\t<div class=\"elementor-widget-container\">\n\t\t\t\t\t\t\t<div class=\"elementor-spacer\">\n\t\t\t<div class=\"elementor-spacer-inner\"><\/div>\n\t\t<\/div>\n\t\t\t\t\t\t<\/div>\n\t\t\t\t<\/div>\n\t\t\t\t\t<\/div>\n\t\t<\/div>\n\t\t\t\t\t<\/div>\n\t\t<\/section>\n\t\t\t\t\t<\/div>\n\t\t<\/div>\n\t\t\t\t\t<\/div>\n\t\t<\/section>\n\t\t\t\t<\/div>","protected":false},"excerpt":{"rendered":"<p>SAF\u00cdR Symbol kr\u00e1sy a aristokracie Popis drahokamu Neuv\u011b\u0159iteln\u00fd drahokam z \u201evelk\u00e9 trojky\u201c, kter\u00fd m\u016f\u017ee m\u00edt&hellip;<\/p>","protected":false},"author":1,"featured_media":24490,"parent":0,"menu_order":0,"comment_status":"closed","ping_status":"closed","template":"","meta":{"footnotes":""},"class_list":["post-23990","page","type-page","status-publish","has-post-thumbnail","hentry"],"yoast_head":"<!-- This site is optimized with the Yoast SEO Premium plugin v20.11 (Yoast SEO v27.4) - https:\/\/yoast.com\/product\/yoast-seo-premium-wordpress\/ -->\n<title>Saf\u00edr - Moje p\u0159\u00edle\u017eitost CZ s.r.o.<\/title>\n<meta name=\"robots\" content=\"index, follow, max-snippet:-1, max-image-preview:large, max-video-preview:-1\" \/>\n<link rel=\"canonical\" href=\"https:\/\/mojeprilezitost.cz\/en\/safir\/\" \/>\n<meta property=\"og:locale\" content=\"en_US\" \/>\n<meta property=\"og:type\" content=\"article\" \/>\n<meta property=\"og:title\" content=\"Saf\u00edr\" \/>\n<meta property=\"og:description\" content=\"SAF\u00cdR Symbol kr\u00e1sy a aristokracie Popis drahokamu Neuv\u011b\u0159iteln\u00fd drahokam z \u201evelk\u00e9 trojky\u201c, kter\u00fd m\u016f\u017ee m\u00edt&hellip;\" \/>\n<meta property=\"og:url\" content=\"https:\/\/mojeprilezitost.cz\/en\/safir\/\" \/>\n<meta property=\"og:site_name\" content=\"Moje p\u0159\u00edle\u017eitost CZ s.r.o.\" \/>\n<meta property=\"article:modified_time\" content=\"2025-11-24T11:12:14+00:00\" \/>\n<meta property=\"og:image\" content=\"https:\/\/mojeprilezitost.cz\/wp-content\/uploads\/2025\/11\/Safir.png\" \/>\n\t<meta property=\"og:image:width\" content=\"1000\" \/>\n\t<meta property=\"og:image:height\" content=\"1000\" \/>\n\t<meta property=\"og:image:type\" content=\"image\/png\" \/>\n<meta name=\"twitter:card\" content=\"summary_large_image\" \/>\n<meta name=\"twitter:label1\" content=\"Est. reading time\" \/>\n\t<meta name=\"twitter:data1\" content=\"2 minutes\" \/>\n<script type=\"application\/ld+json\" class=\"yoast-schema-graph\">{\"@context\":\"https:\\\/\\\/schema.org\",\"@graph\":[{\"@type\":\"WebPage\",\"@id\":\"https:\\\/\\\/mojeprilezitost.cz\\\/en\\\/safir\\\/\",\"url\":\"https:\\\/\\\/mojeprilezitost.cz\\\/en\\\/safir\\\/\",\"name\":\"Saf\u00edr - Moje p\u0159\u00edle\u017eitost CZ s.r.o.\",\"isPartOf\":{\"@id\":\"https:\\\/\\\/mojeprilezitost.cz\\\/en\\\/#website\"},\"primaryImageOfPage\":{\"@id\":\"https:\\\/\\\/mojeprilezitost.cz\\\/en\\\/safir\\\/#primaryimage\"},\"image\":{\"@id\":\"https:\\\/\\\/mojeprilezitost.cz\\\/en\\\/safir\\\/#primaryimage\"},\"thumbnailUrl\":\"https:\\\/\\\/mojeprilezitost.cz\\\/wp-content\\\/uploads\\\/2025\\\/11\\\/Safir.png\",\"datePublished\":\"2025-04-07T21:10:12+00:00\",\"dateModified\":\"2025-11-24T11:12:14+00:00\",\"breadcrumb\":{\"@id\":\"https:\\\/\\\/mojeprilezitost.cz\\\/en\\\/safir\\\/#breadcrumb\"},\"inLanguage\":\"en-US\",\"potentialAction\":[{\"@type\":\"ReadAction\",\"target\":[\"https:\\\/\\\/mojeprilezitost.cz\\\/en\\\/safir\\\/\"]}]},{\"@type\":\"ImageObject\",\"inLanguage\":\"en-US\",\"@id\":\"https:\\\/\\\/mojeprilezitost.cz\\\/en\\\/safir\\\/#primaryimage\",\"url\":\"https:\\\/\\\/mojeprilezitost.cz\\\/wp-content\\\/uploads\\\/2025\\\/11\\\/Safir.png\",\"contentUrl\":\"https:\\\/\\\/mojeprilezitost.cz\\\/wp-content\\\/uploads\\\/2025\\\/11\\\/Safir.png\",\"width\":1000,\"height\":1000},{\"@type\":\"BreadcrumbList\",\"@id\":\"https:\\\/\\\/mojeprilezitost.cz\\\/en\\\/safir\\\/#breadcrumb\",\"itemListElement\":[{\"@type\":\"ListItem\",\"position\":1,\"name\":\"Home\",\"item\":\"https:\\\/\\\/mojeprilezitost.cz\\\/\"},{\"@type\":\"ListItem\",\"position\":2,\"name\":\"Saf\u00edr\"}]},{\"@type\":\"WebSite\",\"@id\":\"https:\\\/\\\/mojeprilezitost.cz\\\/en\\\/#website\",\"url\":\"https:\\\/\\\/mojeprilezitost.cz\\\/en\\\/\",\"name\":\"Moje p\u0159\u00edle\u017eitost CZ s.r.o.\",\"description\":\"Co je doma, to se po\u010d\u00edt\u00e1\",\"publisher\":{\"@id\":\"https:\\\/\\\/mojeprilezitost.cz\\\/en\\\/#organization\"},\"potentialAction\":[{\"@type\":\"SearchAction\",\"target\":{\"@type\":\"EntryPoint\",\"urlTemplate\":\"https:\\\/\\\/mojeprilezitost.cz\\\/en\\\/?s={search_term_string}\"},\"query-input\":{\"@type\":\"PropertyValueSpecification\",\"valueRequired\":true,\"valueName\":\"search_term_string\"}}],\"inLanguage\":\"en-US\"},{\"@type\":\"Organization\",\"@id\":\"https:\\\/\\\/mojeprilezitost.cz\\\/en\\\/#organization\",\"name\":\"Moje p\u0159\u00edle\u017eitost CZ s.r.o.\",\"url\":\"https:\\\/\\\/mojeprilezitost.cz\\\/en\\\/\",\"logo\":{\"@type\":\"ImageObject\",\"inLanguage\":\"en-US\",\"@id\":\"https:\\\/\\\/mojeprilezitost.cz\\\/en\\\/#\\\/schema\\\/logo\\\/image\\\/\",\"url\":\"https:\\\/\\\/mojeprilezitost.cz\\\/wp-content\\\/uploads\\\/2022\\\/01\\\/Jiri-Ovsik-predni.png\",\"contentUrl\":\"https:\\\/\\\/mojeprilezitost.cz\\\/wp-content\\\/uploads\\\/2022\\\/01\\\/Jiri-Ovsik-predni.png\",\"width\":500,\"height\":500,\"caption\":\"Moje p\u0159\u00edle\u017eitost CZ s.r.o.\"},\"image\":{\"@id\":\"https:\\\/\\\/mojeprilezitost.cz\\\/en\\\/#\\\/schema\\\/logo\\\/image\\\/\"}}]}<\/script>\n<!-- \/ Yoast SEO Premium plugin. -->","yoast_head_json":{"title":"Saf\u00edr - Moje p\u0159\u00edle\u017eitost CZ s.r.o.","robots":{"index":"index","follow":"follow","max-snippet":"max-snippet:-1","max-image-preview":"max-image-preview:large","max-video-preview":"max-video-preview:-1"},"canonical":"https:\/\/mojeprilezitost.cz\/en\/safir\/","og_locale":"en_US","og_type":"article","og_title":"Saf\u00edr","og_description":"SAF\u00cdR Symbol kr\u00e1sy a aristokracie Popis drahokamu Neuv\u011b\u0159iteln\u00fd drahokam z \u201evelk\u00e9 trojky\u201c, kter\u00fd m\u016f\u017ee m\u00edt&hellip;","og_url":"https:\/\/mojeprilezitost.cz\/en\/safir\/","og_site_name":"Moje p\u0159\u00edle\u017eitost CZ s.r.o.","article_modified_time":"2025-11-24T11:12:14+00:00","og_image":[{"width":1000,"height":1000,"url":"https:\/\/mojeprilezitost.cz\/wp-content\/uploads\/2025\/11\/Safir.png","type":"image\/png"}],"twitter_card":"summary_large_image","twitter_misc":{"Est. reading time":"2 minutes"},"schema":{"@context":"https:\/\/schema.org","@graph":[{"@type":"WebPage","@id":"https:\/\/mojeprilezitost.cz\/en\/safir\/","url":"https:\/\/mojeprilezitost.cz\/en\/safir\/","name":"Saf\u00edr - Moje p\u0159\u00edle\u017eitost CZ s.r.o.","isPartOf":{"@id":"https:\/\/mojeprilezitost.cz\/en\/#website"},"primaryImageOfPage":{"@id":"https:\/\/mojeprilezitost.cz\/en\/safir\/#primaryimage"},"image":{"@id":"https:\/\/mojeprilezitost.cz\/en\/safir\/#primaryimage"},"thumbnailUrl":"https:\/\/mojeprilezitost.cz\/wp-content\/uploads\/2025\/11\/Safir.png","datePublished":"2025-04-07T21:10:12+00:00","dateModified":"2025-11-24T11:12:14+00:00","breadcrumb":{"@id":"https:\/\/mojeprilezitost.cz\/en\/safir\/#breadcrumb"},"inLanguage":"en-US","potentialAction":[{"@type":"ReadAction","target":["https:\/\/mojeprilezitost.cz\/en\/safir\/"]}]},{"@type":"ImageObject","inLanguage":"en-US","@id":"https:\/\/mojeprilezitost.cz\/en\/safir\/#primaryimage","url":"https:\/\/mojeprilezitost.cz\/wp-content\/uploads\/2025\/11\/Safir.png","contentUrl":"https:\/\/mojeprilezitost.cz\/wp-content\/uploads\/2025\/11\/Safir.png","width":1000,"height":1000},{"@type":"BreadcrumbList","@id":"https:\/\/mojeprilezitost.cz\/en\/safir\/#breadcrumb","itemListElement":[{"@type":"ListItem","position":1,"name":"Home","item":"https:\/\/mojeprilezitost.cz\/"},{"@type":"ListItem","position":2,"name":"Saf\u00edr"}]},{"@type":"WebSite","@id":"https:\/\/mojeprilezitost.cz\/en\/#website","url":"https:\/\/mojeprilezitost.cz\/en\/","name":"Moje p\u0159\u00edle\u017eitost CZ s.r.o.","description":"Co je doma, to se po\u010d\u00edt\u00e1","publisher":{"@id":"https:\/\/mojeprilezitost.cz\/en\/#organization"},"potentialAction":[{"@type":"SearchAction","target":{"@type":"EntryPoint","urlTemplate":"https:\/\/mojeprilezitost.cz\/en\/?s={search_term_string}"},"query-input":{"@type":"PropertyValueSpecification","valueRequired":true,"valueName":"search_term_string"}}],"inLanguage":"en-US"},{"@type":"Organization","@id":"https:\/\/mojeprilezitost.cz\/en\/#organization","name":"Moje p\u0159\u00edle\u017eitost CZ s.r.o.","url":"https:\/\/mojeprilezitost.cz\/en\/","logo":{"@type":"ImageObject","inLanguage":"en-US","@id":"https:\/\/mojeprilezitost.cz\/en\/#\/schema\/logo\/image\/","url":"https:\/\/mojeprilezitost.cz\/wp-content\/uploads\/2022\/01\/Jiri-Ovsik-predni.png","contentUrl":"https:\/\/mojeprilezitost.cz\/wp-content\/uploads\/2022\/01\/Jiri-Ovsik-predni.png","width":500,"height":500,"caption":"Moje p\u0159\u00edle\u017eitost CZ s.r.o."},"image":{"@id":"https:\/\/mojeprilezitost.cz\/en\/#\/schema\/logo\/image\/"}}]}},"_links":{"self":[{"href":"https:\/\/mojeprilezitost.cz\/en\/wp-json\/wp\/v2\/pages\/23990","targetHints":{"allow":["GET"]}}],"collection":[{"href":"https:\/\/mojeprilezitost.cz\/en\/wp-json\/wp\/v2\/pages"}],"about":[{"href":"https:\/\/mojeprilezitost.cz\/en\/wp-json\/wp\/v2\/types\/page"}],"author":[{"embeddable":true,"href":"https:\/\/mojeprilezitost.cz\/en\/wp-json\/wp\/v2\/users\/1"}],"replies":[{"embeddable":true,"href":"https:\/\/mojeprilezitost.cz\/en\/wp-json\/wp\/v2\/comments?post=23990"}],"version-history":[{"count":35,"href":"https:\/\/mojeprilezitost.cz\/en\/wp-json\/wp\/v2\/pages\/23990\/revisions"}],"predecessor-version":[{"id":24494,"href":"https:\/\/mojeprilezitost.cz\/en\/wp-json\/wp\/v2\/pages\/23990\/revisions\/24494"}],"wp:featuredmedia":[{"embeddable":true,"href":"https:\/\/mojeprilezitost.cz\/en\/wp-json\/wp\/v2\/media\/24490"}],"wp:attachment":[{"href":"https:\/\/mojeprilezitost.cz\/en\/wp-json\/wp\/v2\/media?parent=23990"}],"curies":[{"name":"wp","href":"https:\/\/api.w.org\/{rel}","templated":true}]}}