{"id":23988,"date":"2025-04-07T21:09:49","date_gmt":"2025-04-07T21:09:49","guid":{"rendered":"https:\/\/mojeprilezitost.cz\/?page_id=23988"},"modified":"2025-11-24T11:12:12","modified_gmt":"2025-11-24T11:12:12","slug":"tanzanit","status":"publish","type":"page","link":"https:\/\/mojeprilezitost.cz\/en\/tanzanit\/","title":{"rendered":"Tanzanit"},"content":{"rendered":"<div data-elementor-type=\"wp-page\" data-elementor-id=\"23988\" class=\"elementor elementor-23988\" data-elementor-post-type=\"page\">\n\t\t\t\t\t\t<section class=\"elementor-section elementor-top-section elementor-element elementor-element-91dcd2c elementor-section-boxed elementor-section-height-default elementor-section-height-default sc_fly_static\" data-id=\"91dcd2c\" data-element_type=\"section\" data-e-type=\"section\">\n\t\t\t\t\t\t<div class=\"elementor-container elementor-column-gap-extended\">\n\t\t\t\t\t<div class=\"elementor-column elementor-col-100 elementor-top-column elementor-element elementor-element-001837f sc_content_align_inherit sc_layouts_column_icons_position_left sc_fly_static\" data-id=\"001837f\" data-element_type=\"column\" data-e-type=\"column\">\n\t\t\t<div class=\"elementor-widget-wrap elementor-element-populated\">\n\t\t\t\t\t\t<div class=\"elementor-element elementor-element-e5f9e7e sc_height_huge sc_fly_static elementor-widget elementor-widget-spacer\" data-id=\"e5f9e7e\" data-element_type=\"widget\" data-e-type=\"widget\" data-widget_type=\"spacer.default\">\n\t\t\t\t<div class=\"elementor-widget-container\">\n\t\t\t\t\t\t\t<div class=\"elementor-spacer\">\n\t\t\t<div class=\"elementor-spacer-inner\"><\/div>\n\t\t<\/div>\n\t\t\t\t\t\t<\/div>\n\t\t\t\t<\/div>\n\t\t\t\t\t<\/div>\n\t\t<\/div>\n\t\t\t\t\t<\/div>\n\t\t<\/section>\n\t\t\t\t<section class=\"elementor-section elementor-top-section elementor-element elementor-element-dd63ff8 elementor-section-boxed elementor-section-height-default elementor-section-height-default sc_fly_static\" data-id=\"dd63ff8\" data-element_type=\"section\" data-e-type=\"section\" data-settings=\"{&quot;background_background&quot;:&quot;classic&quot;}\">\n\t\t\t\t\t\t<div class=\"elementor-container elementor-column-gap-extended\">\n\t\t\t\t\t<div class=\"elementor-column elementor-col-100 elementor-top-column elementor-element elementor-element-62ccdc6 sc_content_align_inherit sc_layouts_column_icons_position_left sc_fly_static\" data-id=\"62ccdc6\" data-element_type=\"column\" data-e-type=\"column\">\n\t\t\t<div class=\"elementor-widget-wrap elementor-element-populated\">\n\t\t\t\t\t\t<div class=\"elementor-element elementor-element-fa09768 sc_height_small sc_fly_static elementor-widget elementor-widget-spacer\" data-id=\"fa09768\" data-element_type=\"widget\" data-e-type=\"widget\" data-widget_type=\"spacer.default\">\n\t\t\t\t<div class=\"elementor-widget-container\">\n\t\t\t\t\t\t\t<div class=\"elementor-spacer\">\n\t\t\t<div class=\"elementor-spacer-inner\"><\/div>\n\t\t<\/div>\n\t\t\t\t\t\t<\/div>\n\t\t\t\t<\/div>\n\t\t\t\t<section class=\"elementor-section elementor-inner-section elementor-element elementor-element-5c89666 elementor-section-boxed elementor-section-height-default elementor-section-height-default sc_fly_static\" data-id=\"5c89666\" data-element_type=\"section\" data-e-type=\"section\" data-settings=\"{&quot;background_background&quot;:&quot;classic&quot;}\">\n\t\t\t\t\t\t<div class=\"elementor-container elementor-column-gap-extended\">\n\t\t\t\t\t<div class=\"elementor-column elementor-col-50 elementor-inner-column elementor-element elementor-element-ea42ec3 sc_content_align_inherit sc_layouts_column_icons_position_left sc_fly_static\" data-id=\"ea42ec3\" data-element_type=\"column\" data-e-type=\"column\">\n\t\t\t<div class=\"elementor-widget-wrap elementor-element-populated\">\n\t\t\t\t\t\t<div class=\"elementor-element elementor-element-e63482a sc_fly_static elementor-widget elementor-widget-text-editor\" data-id=\"e63482a\" data-element_type=\"widget\" data-e-type=\"widget\" data-widget_type=\"text-editor.default\">\n\t\t\t\t<div class=\"elementor-widget-container\">\n\t\t\t\t\t\t\t\t\t<h3>TANZANIT<\/h3><p><strong>Investice 21. stolen\u00ed \u2013 nejkr\u00e1sn\u011bj\u0161\u00ed modr\u00fd k\u00e1men na planet\u011b<\/strong><\/p><p>Tanzanit stimuluje vy\u0161\u0161\u00ed v\u011bdom\u00ed, intuici a vn\u00edm\u00e1n\u00ed<\/p><p><strong>Popis drahokamu<br \/><\/strong>Z\u00a0lat. Rubens, rubinus \u2013 \u010derven\u00fd<br \/>Staroindick\u00e9 sanskrtsk\u00e9 slovo \u201eratanraj\u201c = kr\u00e1l drahokam\u016f<\/p><p><strong>Charakteristika kamene<br \/><\/strong><\/p><ul><li>Chemicky \u2013 Ca<sub>2<\/sub>Al<sub>3<\/sub>(SiO<sub>4<\/sub>)<sub>3<\/sub>(OH)<\/li><li>Mineralogicky \u2013 v\u00e1penat\u00fd k\u0159emi\u010ditan hlinit\u00fd (zoist)<\/li><li>Tvrdost \u2013 6,5-7<\/li><li>P\u0159\u00edrodn\u00ed barva \u2013 hn\u011bd\u00e1, \u017elut\u00e1 a\u017e sv\u011btle fialov\u00e1<\/li><li>Hlavn\u00ed nalezi\u0161t\u011b \u2013Tanzanie<\/li><li>K\u00e1men zrozen\u00ed \u2013 prosinec<\/li><li>V\u00fdro\u010d\u00ed svatby \u2013 8. (bronzov\u00e1\/plechov\u00e1)<\/li><li>Koso\u010dtvere\u010dn\u00e1 krystalick\u00e1 soustava<\/li><li>V\u00fdskyt v podob\u011b sloupcovit\u00fdch prismatick\u00fdch krystal\u016f<\/li><li>B\u00edl\u00fd vryp, skeln\u00fd lesk, pom\u011brn\u011b k\u0159ehk\u00fd<\/li><li>Modr\u00e1 barva vznik\u00e1 \u017e\u00edh\u00e1n\u00edm kamene na 400-600 \u00b0C<\/li><li>Modr\u00e1 barva je zp\u016fsobena vanadem<\/li><li>Pozorovateln\u00e9 efekty u tanzanitu jsou pleochroismus a zoning<\/li><\/ul><p><strong>\u00a0<\/strong><strong>4C parametry<\/strong><\/p><ul><li>1C &#8211; Barva C (color)<\/li><li>2C &#8211; \u010cistota (clarity)<\/li><li>3C &#8211; Hmotnost (Carat weight)<\/li><li>4C &#8211; Brus (cut)<\/li><li>5C &#8211; country of origin \u2013 p\u0159\u00edrodn\u00ed p\u016fvod<\/li><\/ul>\t\t\t\t\t\t\t\t<\/div>\n\t\t\t\t<\/div>\n\t\t\t\t<div class=\"elementor-element elementor-element-32e3fa7 sc_fly_static elementor-widget elementor-widget-spacer\" data-id=\"32e3fa7\" data-element_type=\"widget\" data-e-type=\"widget\" data-widget_type=\"spacer.default\">\n\t\t\t\t<div class=\"elementor-widget-container\">\n\t\t\t\t\t\t\t<div class=\"elementor-spacer\">\n\t\t\t<div class=\"elementor-spacer-inner\"><\/div>\n\t\t<\/div>\n\t\t\t\t\t\t<\/div>\n\t\t\t\t<\/div>\n\t\t\t\t<div class=\"elementor-element elementor-element-f543824 sc_fly_static elementor-widget elementor-widget-spacer\" data-id=\"f543824\" data-element_type=\"widget\" data-e-type=\"widget\" data-widget_type=\"spacer.default\">\n\t\t\t\t<div class=\"elementor-widget-container\">\n\t\t\t\t\t\t\t<div class=\"elementor-spacer\">\n\t\t\t<div class=\"elementor-spacer-inner\"><\/div>\n\t\t<\/div>\n\t\t\t\t\t\t<\/div>\n\t\t\t\t<\/div>\n\t\t\t\t\t<\/div>\n\t\t<\/div>\n\t\t\t\t<div class=\"elementor-column elementor-col-50 elementor-inner-column elementor-element elementor-element-69d75d5 sc_content_align_inherit sc_layouts_column_icons_position_left sc_fly_static\" data-id=\"69d75d5\" data-element_type=\"column\" data-e-type=\"column\">\n\t\t\t<div class=\"elementor-widget-wrap elementor-element-populated\">\n\t\t\t\t\t\t<div class=\"elementor-element elementor-element-2a42ff6 elementor-widget__width-initial sc_fly_static elementor-widget elementor-widget-image\" data-id=\"2a42ff6\" data-element_type=\"widget\" data-e-type=\"widget\" data-widget_type=\"image.default\">\n\t\t\t\t<div class=\"elementor-widget-container\">\n\t\t\t\t\t\t\t\t\t\t\t\t\t\t\t<img fetchpriority=\"high\" decoding=\"async\" width=\"687\" height=\"440\" src=\"https:\/\/mojeprilezitost.cz\/wp-content\/uploads\/2025\/03\/tanzanit.jpg\" class=\"attachment-large size-large wp-image-23793\" alt=\"\" srcset=\"https:\/\/mojeprilezitost.cz\/wp-content\/uploads\/2025\/03\/tanzanit.jpg 687w, https:\/\/mojeprilezitost.cz\/wp-content\/uploads\/2025\/03\/tanzanit-300x192.jpg 300w, https:\/\/mojeprilezitost.cz\/wp-content\/uploads\/2025\/03\/tanzanit-18x12.jpg 18w, https:\/\/mojeprilezitost.cz\/wp-content\/uploads\/2025\/03\/tanzanit-370x237.jpg 370w, https:\/\/mojeprilezitost.cz\/wp-content\/uploads\/2025\/03\/tanzanit-410x263.jpg 410w\" sizes=\"(max-width: 687px) 100vw, 687px\" \/>\t\t\t\t\t\t\t\t\t\t\t\t\t\t\t<\/div>\n\t\t\t\t<\/div>\n\t\t\t\t<div class=\"elementor-element elementor-element-3957c8f sc_fly_static elementor-widget elementor-widget-spacer\" data-id=\"3957c8f\" data-element_type=\"widget\" data-e-type=\"widget\" data-widget_type=\"spacer.default\">\n\t\t\t\t<div class=\"elementor-widget-container\">\n\t\t\t\t\t\t\t<div class=\"elementor-spacer\">\n\t\t\t<div class=\"elementor-spacer-inner\"><\/div>\n\t\t<\/div>\n\t\t\t\t\t\t<\/div>\n\t\t\t\t<\/div>\n\t\t\t\t<div class=\"elementor-element elementor-element-9d0a251 sc_height_small sc_fly_static elementor-widget elementor-widget-spacer\" data-id=\"9d0a251\" data-element_type=\"widget\" data-e-type=\"widget\" data-widget_type=\"spacer.default\">\n\t\t\t\t<div class=\"elementor-widget-container\">\n\t\t\t\t\t\t\t<div class=\"elementor-spacer\">\n\t\t\t<div class=\"elementor-spacer-inner\"><\/div>\n\t\t<\/div>\n\t\t\t\t\t\t<\/div>\n\t\t\t\t<\/div>\n\t\t\t\t<div class=\"elementor-element elementor-element-0b8cb32 sc_fly_static elementor-widget elementor-widget-text-editor\" data-id=\"0b8cb32\" data-element_type=\"widget\" data-e-type=\"widget\" data-widget_type=\"text-editor.default\">\n\t\t\t\t<div class=\"elementor-widget-container\">\n\t\t\t\t\t\t\t\t\t<ul><li>Je to investi\u010dn\u00ed p\u0159\u00edle\u017eitost generace.<\/li><li>Drahokam tanzanitu je 1000x vz\u00e1cn\u011bj\u0161\u00ed ne\u017e diamant.<\/li><li>T\u011b\u017eba tanzanitu prob\u00edh\u00e1 pouze na jednom m\u00edst\u011b na sv\u011bt\u011b.<\/li><li>surovina doch\u00e1z\u00ed a o\u010dek\u00e1v\u00e1 se uzav\u0159en\u00ed dolu v\u00a0horizontu max. 10 let.<\/li><li>K\u00e1men je unik\u00e1tn\u00ed sv\u00fdm vzhledem, barvu a investi\u010dn\u00edm potenci\u00e1lem.<\/li><li>Tanzanit se dok\u00e1\u017ee za rok generovat zhodnocen\u00ed a\u017e 15-35 % sv\u00e9 hodnoty velk\u00e9 kameny i 100 %.<\/li><li>St\u00e1le se je\u0161t\u011b obchoduje za dostupn\u00fdch cen.<\/li><li>Nejde o krvav\u00e9 diamanty, produkce tanzanitu jsou pod kuratelou Tanzansk\u00e9 vl\u00e1dy se st\u00e1tn\u00ed \u00fa\u010dast\u00ed.<\/li><li>Jakmile se tanzanit dot\u011b\u017e\u00ed, tak se cena m\u016f\u017ee a\u017e zdvacetin\u00e1sobit.<\/li><\/ul>\t\t\t\t\t\t\t\t<\/div>\n\t\t\t\t<\/div>\n\t\t\t\t<div class=\"elementor-element elementor-element-b7303f8 sc_fly_static elementor-widget elementor-widget-spacer\" data-id=\"b7303f8\" data-element_type=\"widget\" data-e-type=\"widget\" data-widget_type=\"spacer.default\">\n\t\t\t\t<div class=\"elementor-widget-container\">\n\t\t\t\t\t\t\t<div class=\"elementor-spacer\">\n\t\t\t<div class=\"elementor-spacer-inner\"><\/div>\n\t\t<\/div>\n\t\t\t\t\t\t<\/div>\n\t\t\t\t<\/div>\n\t\t\t\t<div class=\"elementor-element elementor-element-d2a0f05 sc_fly_static elementor-widget elementor-widget-image\" data-id=\"d2a0f05\" data-element_type=\"widget\" data-e-type=\"widget\" data-widget_type=\"image.default\">\n\t\t\t\t<div class=\"elementor-widget-container\">\n\t\t\t\t\t\t\t\t\t\t\t\t\t\t\t\t<a href=\"https:\/\/mojeprilezitost.cz\/wp-content\/uploads\/2025\/04\/tanzanit.png\" data-elementor-open-lightbox=\"yes\" data-e-action-hash=\"#elementor-action%3Aaction%3Dlightbox%26settings%3DeyJpZCI6MjQyNTAsInVybCI6Imh0dHBzOlwvXC9tb2plcHJpbGV6aXRvc3QuY3pcL3dwLWNvbnRlbnRcL3VwbG9hZHNcLzIwMjVcLzA0XC90YW56YW5pdC5wbmcifQ%3D%3D\">\n\t\t\t\t\t\t\t<img decoding=\"async\" width=\"1024\" height=\"576\" src=\"https:\/\/mojeprilezitost.cz\/wp-content\/uploads\/2025\/04\/tanzanit-1024x576.png\" class=\"attachment-large size-large wp-image-24250\" alt=\"\" srcset=\"https:\/\/mojeprilezitost.cz\/wp-content\/uploads\/2025\/04\/tanzanit-1024x576.png 1024w, https:\/\/mojeprilezitost.cz\/wp-content\/uploads\/2025\/04\/tanzanit-300x169.png 300w, https:\/\/mojeprilezitost.cz\/wp-content\/uploads\/2025\/04\/tanzanit-768x432.png 768w, https:\/\/mojeprilezitost.cz\/wp-content\/uploads\/2025\/04\/tanzanit-1536x864.png 1536w, https:\/\/mojeprilezitost.cz\/wp-content\/uploads\/2025\/04\/tanzanit-18x10.png 18w, https:\/\/mojeprilezitost.cz\/wp-content\/uploads\/2025\/04\/tanzanit-370x208.png 370w, https:\/\/mojeprilezitost.cz\/wp-content\/uploads\/2025\/04\/tanzanit-1290x725.png 1290w, https:\/\/mojeprilezitost.cz\/wp-content\/uploads\/2025\/04\/tanzanit-840x473.png 840w, https:\/\/mojeprilezitost.cz\/wp-content\/uploads\/2025\/04\/tanzanit-410x231.png 410w, https:\/\/mojeprilezitost.cz\/wp-content\/uploads\/2025\/04\/tanzanit-270x152.png 270w, https:\/\/mojeprilezitost.cz\/wp-content\/uploads\/2025\/04\/tanzanit.png 1920w\" sizes=\"(max-width: 1024px) 100vw, 1024px\" \/>\t\t\t\t\t\t\t\t<\/a>\n\t\t\t\t\t\t\t\t\t\t\t\t\t\t\t<\/div>\n\t\t\t\t<\/div>\n\t\t\t\t\t<\/div>\n\t\t<\/div>\n\t\t\t\t\t<\/div>\n\t\t<\/section>\n\t\t\t\t<section class=\"elementor-section elementor-inner-section elementor-element elementor-element-533756b elementor-section-boxed elementor-section-height-default elementor-section-height-default sc_fly_static\" data-id=\"533756b\" data-element_type=\"section\" data-e-type=\"section\">\n\t\t\t\t\t\t<div class=\"elementor-container elementor-column-gap-extended\">\n\t\t\t\t\t<div class=\"elementor-column elementor-col-100 elementor-inner-column elementor-element elementor-element-065deeb sc_content_align_inherit sc_layouts_column_icons_position_left sc_fly_static\" data-id=\"065deeb\" data-element_type=\"column\" data-e-type=\"column\">\n\t\t\t<div class=\"elementor-widget-wrap elementor-element-populated\">\n\t\t\t\t\t\t<div class=\"elementor-element elementor-element-d242d50 sc_height_medium sc_fly_static elementor-widget elementor-widget-spacer\" data-id=\"d242d50\" data-element_type=\"widget\" data-e-type=\"widget\" data-widget_type=\"spacer.default\">\n\t\t\t\t<div class=\"elementor-widget-container\">\n\t\t\t\t\t\t\t<div class=\"elementor-spacer\">\n\t\t\t<div class=\"elementor-spacer-inner\"><\/div>\n\t\t<\/div>\n\t\t\t\t\t\t<\/div>\n\t\t\t\t<\/div>\n\t\t\t\t<div class=\"elementor-element elementor-element-383809d sc_fly_static elementor-widget elementor-widget-trx_sc_button\" data-id=\"383809d\" data-element_type=\"widget\" data-e-type=\"widget\" data-widget_type=\"trx_sc_button.default\">\n\t\t\t\t<div class=\"elementor-widget-container\">\n\t\t\t\t\t<div\tclass=\"sc_item_button sc_button_wrap sc_align_center\" ><a href=\"https:\/\/mojeprilezitost.cz\/en\/kontakt\/\" class=\"sc_button sc_button_default sc_button_size_large sc_button_icon_left\" ><span class=\"sc_button_text\"><span class=\"sc_button_title\">JAK INVESTOVAT DO TANZANITU<\/span><\/span><\/a><\/div>\t\t\t\t<\/div>\n\t\t\t\t<\/div>\n\t\t\t\t<div class=\"elementor-element elementor-element-ddf94e6 sc_height_huge sc_fly_static elementor-widget elementor-widget-spacer\" data-id=\"ddf94e6\" data-element_type=\"widget\" data-e-type=\"widget\" data-widget_type=\"spacer.default\">\n\t\t\t\t<div class=\"elementor-widget-container\">\n\t\t\t\t\t\t\t<div class=\"elementor-spacer\">\n\t\t\t<div class=\"elementor-spacer-inner\"><\/div>\n\t\t<\/div>\n\t\t\t\t\t\t<\/div>\n\t\t\t\t<\/div>\n\t\t\t\t\t<\/div>\n\t\t<\/div>\n\t\t\t\t\t<\/div>\n\t\t<\/section>\n\t\t\t\t\t<\/div>\n\t\t<\/div>\n\t\t\t\t\t<\/div>\n\t\t<\/section>\n\t\t\t\t<\/div>","protected":false},"excerpt":{"rendered":"<p>TANZANIT Investice 21. stolen\u00ed \u2013 nejkr\u00e1sn\u011bj\u0161\u00ed modr\u00fd k\u00e1men na planet\u011b Tanzanit stimuluje vy\u0161\u0161\u00ed v\u011bdom\u00ed, intuici&hellip;<\/p>","protected":false},"author":1,"featured_media":24489,"parent":0,"menu_order":0,"comment_status":"closed","ping_status":"closed","template":"","meta":{"footnotes":""},"class_list":["post-23988","page","type-page","status-publish","has-post-thumbnail","hentry"],"yoast_head":"<!-- This site is optimized with the Yoast SEO Premium plugin v20.11 (Yoast SEO v27.4) - https:\/\/yoast.com\/product\/yoast-seo-premium-wordpress\/ -->\n<title>Tanzanit - Moje p\u0159\u00edle\u017eitost CZ s.r.o.<\/title>\n<meta name=\"robots\" content=\"index, follow, max-snippet:-1, max-image-preview:large, max-video-preview:-1\" \/>\n<link rel=\"canonical\" href=\"https:\/\/mojeprilezitost.cz\/en\/tanzanit\/\" \/>\n<meta property=\"og:locale\" content=\"en_US\" \/>\n<meta property=\"og:type\" content=\"article\" \/>\n<meta property=\"og:title\" content=\"Tanzanit\" \/>\n<meta property=\"og:description\" content=\"TANZANIT Investice 21. stolen\u00ed \u2013 nejkr\u00e1sn\u011bj\u0161\u00ed modr\u00fd k\u00e1men na planet\u011b Tanzanit stimuluje vy\u0161\u0161\u00ed v\u011bdom\u00ed, intuici&hellip;\" \/>\n<meta property=\"og:url\" content=\"https:\/\/mojeprilezitost.cz\/en\/tanzanit\/\" \/>\n<meta property=\"og:site_name\" content=\"Moje p\u0159\u00edle\u017eitost CZ s.r.o.\" \/>\n<meta property=\"article:modified_time\" content=\"2025-11-24T11:12:12+00:00\" \/>\n<meta property=\"og:image\" content=\"https:\/\/mojeprilezitost.cz\/wp-content\/uploads\/2025\/11\/Tanzanit.png\" \/>\n\t<meta property=\"og:image:width\" content=\"1000\" \/>\n\t<meta property=\"og:image:height\" content=\"1000\" \/>\n\t<meta property=\"og:image:type\" content=\"image\/png\" \/>\n<meta name=\"twitter:card\" content=\"summary_large_image\" \/>\n<meta name=\"twitter:label1\" content=\"Est. reading time\" \/>\n\t<meta name=\"twitter:data1\" content=\"2 minutes\" \/>\n<script type=\"application\/ld+json\" class=\"yoast-schema-graph\">{\"@context\":\"https:\\\/\\\/schema.org\",\"@graph\":[{\"@type\":\"WebPage\",\"@id\":\"https:\\\/\\\/mojeprilezitost.cz\\\/en\\\/tanzanit\\\/\",\"url\":\"https:\\\/\\\/mojeprilezitost.cz\\\/en\\\/tanzanit\\\/\",\"name\":\"Tanzanit - Moje p\u0159\u00edle\u017eitost CZ s.r.o.\",\"isPartOf\":{\"@id\":\"https:\\\/\\\/mojeprilezitost.cz\\\/en\\\/#website\"},\"primaryImageOfPage\":{\"@id\":\"https:\\\/\\\/mojeprilezitost.cz\\\/en\\\/tanzanit\\\/#primaryimage\"},\"image\":{\"@id\":\"https:\\\/\\\/mojeprilezitost.cz\\\/en\\\/tanzanit\\\/#primaryimage\"},\"thumbnailUrl\":\"https:\\\/\\\/mojeprilezitost.cz\\\/wp-content\\\/uploads\\\/2025\\\/11\\\/Tanzanit.png\",\"datePublished\":\"2025-04-07T21:09:49+00:00\",\"dateModified\":\"2025-11-24T11:12:12+00:00\",\"breadcrumb\":{\"@id\":\"https:\\\/\\\/mojeprilezitost.cz\\\/en\\\/tanzanit\\\/#breadcrumb\"},\"inLanguage\":\"en-US\",\"potentialAction\":[{\"@type\":\"ReadAction\",\"target\":[\"https:\\\/\\\/mojeprilezitost.cz\\\/en\\\/tanzanit\\\/\"]}]},{\"@type\":\"ImageObject\",\"inLanguage\":\"en-US\",\"@id\":\"https:\\\/\\\/mojeprilezitost.cz\\\/en\\\/tanzanit\\\/#primaryimage\",\"url\":\"https:\\\/\\\/mojeprilezitost.cz\\\/wp-content\\\/uploads\\\/2025\\\/11\\\/Tanzanit.png\",\"contentUrl\":\"https:\\\/\\\/mojeprilezitost.cz\\\/wp-content\\\/uploads\\\/2025\\\/11\\\/Tanzanit.png\",\"width\":1000,\"height\":1000},{\"@type\":\"BreadcrumbList\",\"@id\":\"https:\\\/\\\/mojeprilezitost.cz\\\/en\\\/tanzanit\\\/#breadcrumb\",\"itemListElement\":[{\"@type\":\"ListItem\",\"position\":1,\"name\":\"Home\",\"item\":\"https:\\\/\\\/mojeprilezitost.cz\\\/\"},{\"@type\":\"ListItem\",\"position\":2,\"name\":\"Tanzanit\"}]},{\"@type\":\"WebSite\",\"@id\":\"https:\\\/\\\/mojeprilezitost.cz\\\/en\\\/#website\",\"url\":\"https:\\\/\\\/mojeprilezitost.cz\\\/en\\\/\",\"name\":\"Moje p\u0159\u00edle\u017eitost CZ s.r.o.\",\"description\":\"Co je doma, to se po\u010d\u00edt\u00e1\",\"publisher\":{\"@id\":\"https:\\\/\\\/mojeprilezitost.cz\\\/en\\\/#organization\"},\"potentialAction\":[{\"@type\":\"SearchAction\",\"target\":{\"@type\":\"EntryPoint\",\"urlTemplate\":\"https:\\\/\\\/mojeprilezitost.cz\\\/en\\\/?s={search_term_string}\"},\"query-input\":{\"@type\":\"PropertyValueSpecification\",\"valueRequired\":true,\"valueName\":\"search_term_string\"}}],\"inLanguage\":\"en-US\"},{\"@type\":\"Organization\",\"@id\":\"https:\\\/\\\/mojeprilezitost.cz\\\/en\\\/#organization\",\"name\":\"Moje p\u0159\u00edle\u017eitost CZ s.r.o.\",\"url\":\"https:\\\/\\\/mojeprilezitost.cz\\\/en\\\/\",\"logo\":{\"@type\":\"ImageObject\",\"inLanguage\":\"en-US\",\"@id\":\"https:\\\/\\\/mojeprilezitost.cz\\\/en\\\/#\\\/schema\\\/logo\\\/image\\\/\",\"url\":\"https:\\\/\\\/mojeprilezitost.cz\\\/wp-content\\\/uploads\\\/2022\\\/01\\\/Jiri-Ovsik-predni.png\",\"contentUrl\":\"https:\\\/\\\/mojeprilezitost.cz\\\/wp-content\\\/uploads\\\/2022\\\/01\\\/Jiri-Ovsik-predni.png\",\"width\":500,\"height\":500,\"caption\":\"Moje p\u0159\u00edle\u017eitost CZ s.r.o.\"},\"image\":{\"@id\":\"https:\\\/\\\/mojeprilezitost.cz\\\/en\\\/#\\\/schema\\\/logo\\\/image\\\/\"}}]}<\/script>\n<!-- \/ Yoast SEO Premium plugin. -->","yoast_head_json":{"title":"Tanzanit - Moje p\u0159\u00edle\u017eitost CZ s.r.o.","robots":{"index":"index","follow":"follow","max-snippet":"max-snippet:-1","max-image-preview":"max-image-preview:large","max-video-preview":"max-video-preview:-1"},"canonical":"https:\/\/mojeprilezitost.cz\/en\/tanzanit\/","og_locale":"en_US","og_type":"article","og_title":"Tanzanit","og_description":"TANZANIT Investice 21. stolen\u00ed \u2013 nejkr\u00e1sn\u011bj\u0161\u00ed modr\u00fd k\u00e1men na planet\u011b Tanzanit stimuluje vy\u0161\u0161\u00ed v\u011bdom\u00ed, intuici&hellip;","og_url":"https:\/\/mojeprilezitost.cz\/en\/tanzanit\/","og_site_name":"Moje p\u0159\u00edle\u017eitost CZ s.r.o.","article_modified_time":"2025-11-24T11:12:12+00:00","og_image":[{"width":1000,"height":1000,"url":"https:\/\/mojeprilezitost.cz\/wp-content\/uploads\/2025\/11\/Tanzanit.png","type":"image\/png"}],"twitter_card":"summary_large_image","twitter_misc":{"Est. reading time":"2 minutes"},"schema":{"@context":"https:\/\/schema.org","@graph":[{"@type":"WebPage","@id":"https:\/\/mojeprilezitost.cz\/en\/tanzanit\/","url":"https:\/\/mojeprilezitost.cz\/en\/tanzanit\/","name":"Tanzanit - Moje p\u0159\u00edle\u017eitost CZ s.r.o.","isPartOf":{"@id":"https:\/\/mojeprilezitost.cz\/en\/#website"},"primaryImageOfPage":{"@id":"https:\/\/mojeprilezitost.cz\/en\/tanzanit\/#primaryimage"},"image":{"@id":"https:\/\/mojeprilezitost.cz\/en\/tanzanit\/#primaryimage"},"thumbnailUrl":"https:\/\/mojeprilezitost.cz\/wp-content\/uploads\/2025\/11\/Tanzanit.png","datePublished":"2025-04-07T21:09:49+00:00","dateModified":"2025-11-24T11:12:12+00:00","breadcrumb":{"@id":"https:\/\/mojeprilezitost.cz\/en\/tanzanit\/#breadcrumb"},"inLanguage":"en-US","potentialAction":[{"@type":"ReadAction","target":["https:\/\/mojeprilezitost.cz\/en\/tanzanit\/"]}]},{"@type":"ImageObject","inLanguage":"en-US","@id":"https:\/\/mojeprilezitost.cz\/en\/tanzanit\/#primaryimage","url":"https:\/\/mojeprilezitost.cz\/wp-content\/uploads\/2025\/11\/Tanzanit.png","contentUrl":"https:\/\/mojeprilezitost.cz\/wp-content\/uploads\/2025\/11\/Tanzanit.png","width":1000,"height":1000},{"@type":"BreadcrumbList","@id":"https:\/\/mojeprilezitost.cz\/en\/tanzanit\/#breadcrumb","itemListElement":[{"@type":"ListItem","position":1,"name":"Home","item":"https:\/\/mojeprilezitost.cz\/"},{"@type":"ListItem","position":2,"name":"Tanzanit"}]},{"@type":"WebSite","@id":"https:\/\/mojeprilezitost.cz\/en\/#website","url":"https:\/\/mojeprilezitost.cz\/en\/","name":"Moje p\u0159\u00edle\u017eitost CZ s.r.o.","description":"Co je doma, to se po\u010d\u00edt\u00e1","publisher":{"@id":"https:\/\/mojeprilezitost.cz\/en\/#organization"},"potentialAction":[{"@type":"SearchAction","target":{"@type":"EntryPoint","urlTemplate":"https:\/\/mojeprilezitost.cz\/en\/?s={search_term_string}"},"query-input":{"@type":"PropertyValueSpecification","valueRequired":true,"valueName":"search_term_string"}}],"inLanguage":"en-US"},{"@type":"Organization","@id":"https:\/\/mojeprilezitost.cz\/en\/#organization","name":"Moje p\u0159\u00edle\u017eitost CZ s.r.o.","url":"https:\/\/mojeprilezitost.cz\/en\/","logo":{"@type":"ImageObject","inLanguage":"en-US","@id":"https:\/\/mojeprilezitost.cz\/en\/#\/schema\/logo\/image\/","url":"https:\/\/mojeprilezitost.cz\/wp-content\/uploads\/2022\/01\/Jiri-Ovsik-predni.png","contentUrl":"https:\/\/mojeprilezitost.cz\/wp-content\/uploads\/2022\/01\/Jiri-Ovsik-predni.png","width":500,"height":500,"caption":"Moje p\u0159\u00edle\u017eitost CZ s.r.o."},"image":{"@id":"https:\/\/mojeprilezitost.cz\/en\/#\/schema\/logo\/image\/"}}]}},"_links":{"self":[{"href":"https:\/\/mojeprilezitost.cz\/en\/wp-json\/wp\/v2\/pages\/23988","targetHints":{"allow":["GET"]}}],"collection":[{"href":"https:\/\/mojeprilezitost.cz\/en\/wp-json\/wp\/v2\/pages"}],"about":[{"href":"https:\/\/mojeprilezitost.cz\/en\/wp-json\/wp\/v2\/types\/page"}],"author":[{"embeddable":true,"href":"https:\/\/mojeprilezitost.cz\/en\/wp-json\/wp\/v2\/users\/1"}],"replies":[{"embeddable":true,"href":"https:\/\/mojeprilezitost.cz\/en\/wp-json\/wp\/v2\/comments?post=23988"}],"version-history":[{"count":17,"href":"https:\/\/mojeprilezitost.cz\/en\/wp-json\/wp\/v2\/pages\/23988\/revisions"}],"predecessor-version":[{"id":24493,"href":"https:\/\/mojeprilezitost.cz\/en\/wp-json\/wp\/v2\/pages\/23988\/revisions\/24493"}],"wp:featuredmedia":[{"embeddable":true,"href":"https:\/\/mojeprilezitost.cz\/en\/wp-json\/wp\/v2\/media\/24489"}],"wp:attachment":[{"href":"https:\/\/mojeprilezitost.cz\/en\/wp-json\/wp\/v2\/media?parent=23988"}],"curies":[{"name":"wp","href":"https:\/\/api.w.org\/{rel}","templated":true}]}}