{"id":23971,"date":"2025-04-07T20:57:58","date_gmt":"2025-04-07T20:57:58","guid":{"rendered":"https:\/\/mojeprilezitost.cz\/?page_id=23971"},"modified":"2025-04-23T21:09:46","modified_gmt":"2025-04-23T21:09:46","slug":"investicni-platina","status":"publish","type":"page","link":"https:\/\/mojeprilezitost.cz\/en\/investicni-platina\/","title":{"rendered":"Investi\u010dn\u00ed platina"},"content":{"rendered":"<div data-elementor-type=\"wp-page\" data-elementor-id=\"23971\" class=\"elementor elementor-23971\" data-elementor-post-type=\"page\">\n\t\t\t\t\t\t<section class=\"elementor-section elementor-top-section elementor-element elementor-element-91dcd2c elementor-section-boxed elementor-section-height-default elementor-section-height-default sc_fly_static\" data-id=\"91dcd2c\" data-element_type=\"section\" data-e-type=\"section\">\n\t\t\t\t\t\t<div class=\"elementor-container elementor-column-gap-extended\">\n\t\t\t\t\t<div class=\"elementor-column elementor-col-100 elementor-top-column elementor-element elementor-element-001837f sc_content_align_inherit sc_layouts_column_icons_position_left sc_fly_static\" data-id=\"001837f\" data-element_type=\"column\" data-e-type=\"column\">\n\t\t\t<div class=\"elementor-widget-wrap elementor-element-populated\">\n\t\t\t\t\t\t<div class=\"elementor-element elementor-element-e5f9e7e sc_height_huge sc_fly_static elementor-widget elementor-widget-spacer\" data-id=\"e5f9e7e\" data-element_type=\"widget\" data-e-type=\"widget\" data-widget_type=\"spacer.default\">\n\t\t\t\t<div class=\"elementor-widget-container\">\n\t\t\t\t\t\t\t<div class=\"elementor-spacer\">\n\t\t\t<div class=\"elementor-spacer-inner\"><\/div>\n\t\t<\/div>\n\t\t\t\t\t\t<\/div>\n\t\t\t\t<\/div>\n\t\t\t\t\t<\/div>\n\t\t<\/div>\n\t\t\t\t\t<\/div>\n\t\t<\/section>\n\t\t\t\t<section class=\"elementor-section elementor-top-section elementor-element elementor-element-f6895e0 elementor-section-content-middle elementor-section-boxed elementor-section-height-default elementor-section-height-default sc_fly_static\" data-id=\"f6895e0\" data-element_type=\"section\" data-e-type=\"section\">\n\t\t\t\t\t\t<div class=\"elementor-container elementor-column-gap-extended\">\n\t\t\t\t\t<div class=\"elementor-column elementor-col-100 elementor-top-column elementor-element elementor-element-4ddefc2 sc_content_align_inherit sc_layouts_column_icons_position_left sc_fly_static\" data-id=\"4ddefc2\" data-element_type=\"column\" data-e-type=\"column\">\n\t\t\t<div class=\"elementor-widget-wrap elementor-element-populated\">\n\t\t\t\t\t\t<div class=\"elementor-element elementor-element-5f23ebc sc_fly_static elementor-widget elementor-widget-trx_sc_title\" data-id=\"5f23ebc\" data-element_type=\"widget\" data-e-type=\"widget\" data-widget_type=\"trx_sc_title.default\">\n\t\t\t\t<div class=\"elementor-widget-container\">\n\t\t\t\t\t<div\t\tclass=\"sc_title sc_title_default\" ><h1 class=\"sc_item_title sc_title_title sc_item_title_style_default sc_item_title_tag\"\n\t\t\t><span class=\"sc_item_title_text\">Drah\u00e9 kovy<\/span><\/h1><\/div>\t\t\t\t<\/div>\n\t\t\t\t<\/div>\n\t\t\t\t<div class=\"elementor-element elementor-element-66f602e sc_fly_static elementor-widget elementor-widget-spacer\" data-id=\"66f602e\" data-element_type=\"widget\" data-e-type=\"widget\" data-widget_type=\"spacer.default\">\n\t\t\t\t<div class=\"elementor-widget-container\">\n\t\t\t\t\t\t\t<div class=\"elementor-spacer\">\n\t\t\t<div class=\"elementor-spacer-inner\"><\/div>\n\t\t<\/div>\n\t\t\t\t\t\t<\/div>\n\t\t\t\t<\/div>\n\t\t\t\t\t<\/div>\n\t\t<\/div>\n\t\t\t\t\t<\/div>\n\t\t<\/section>\n\t\t\t\t<section class=\"elementor-section elementor-top-section elementor-element elementor-element-343b448 elementor-section-boxed elementor-section-height-default elementor-section-height-default sc_fly_static\" data-id=\"343b448\" data-element_type=\"section\" data-e-type=\"section\" data-settings=\"{&quot;background_background&quot;:&quot;classic&quot;}\">\n\t\t\t\t\t\t<div class=\"elementor-container elementor-column-gap-extended\">\n\t\t\t\t\t<div class=\"elementor-column elementor-col-100 elementor-top-column elementor-element elementor-element-80b7762 sc_content_align_inherit sc_layouts_column_icons_position_left sc_fly_static\" data-id=\"80b7762\" data-element_type=\"column\" data-e-type=\"column\">\n\t\t\t<div class=\"elementor-widget-wrap elementor-element-populated\">\n\t\t\t\t\t\t<div class=\"elementor-element elementor-element-d5835cc sc_height_small sc_fly_static elementor-widget elementor-widget-spacer\" data-id=\"d5835cc\" data-element_type=\"widget\" data-e-type=\"widget\" data-widget_type=\"spacer.default\">\n\t\t\t\t<div class=\"elementor-widget-container\">\n\t\t\t\t\t\t\t<div class=\"elementor-spacer\">\n\t\t\t<div class=\"elementor-spacer-inner\"><\/div>\n\t\t<\/div>\n\t\t\t\t\t\t<\/div>\n\t\t\t\t<\/div>\n\t\t\t\t<section class=\"elementor-section elementor-inner-section elementor-element elementor-element-034b2ea elementor-section-boxed elementor-section-height-default elementor-section-height-default sc_fly_static\" data-id=\"034b2ea\" data-element_type=\"section\" data-e-type=\"section\">\n\t\t\t\t\t\t<div class=\"elementor-container elementor-column-gap-extended\">\n\t\t\t\t\t<div class=\"elementor-column elementor-col-100 elementor-inner-column elementor-element elementor-element-898364b sc_content_align_inherit sc_layouts_column_icons_position_left sc_fly_static\" data-id=\"898364b\" data-element_type=\"column\" data-e-type=\"column\">\n\t\t\t<div class=\"elementor-widget-wrap elementor-element-populated\">\n\t\t\t\t\t\t<div class=\"elementor-element elementor-element-097a67f sc_fly_static elementor-widget elementor-widget-text-editor\" data-id=\"097a67f\" data-element_type=\"widget\" data-e-type=\"widget\" data-widget_type=\"text-editor.default\">\n\t\t\t\t<div class=\"elementor-widget-container\">\n\t\t\t\t\t\t\t\t\t<h3>Investi\u010dn\u00ed platina<\/h3><p>Investi\u010dn\u00ed platina je velmi podobn\u00e1 jako st\u0159\u00edbro a z\u00e1rove\u0148 je pr\u016fmyslov\u00fdm kovem. M\u00e1 st\u0159\u00edb\u0159it\u011b b\u00edlou barvu, je velmi t\u011b\u017ek\u00e1 a chemicky mimo\u0159\u00e1dn\u011b odoln\u00e1. D\u00edky sv\u00fdm vlastnostem je v pr\u016fmyslu prakticky nenahraditeln\u00e1. Hojn\u011b se vyskytuje ve \u0161perka\u0159sk\u00fdch a high-tech aplikac\u00edch. Platina byla objevena na konci 18. stolet\u00ed. Jej\u00ed investi\u010dn\u00ed hodnota je nepochybn\u00e1, ale je vysoce volatiln\u00ed.<\/p>\t\t\t\t\t\t\t\t<\/div>\n\t\t\t\t<\/div>\n\t\t\t\t<div class=\"elementor-element elementor-element-de87178 sc_fly_static elementor-widget elementor-widget-spacer\" data-id=\"de87178\" data-element_type=\"widget\" data-e-type=\"widget\" data-widget_type=\"spacer.default\">\n\t\t\t\t<div class=\"elementor-widget-container\">\n\t\t\t\t\t\t\t<div class=\"elementor-spacer\">\n\t\t\t<div class=\"elementor-spacer-inner\"><\/div>\n\t\t<\/div>\n\t\t\t\t\t\t<\/div>\n\t\t\t\t<\/div>\n\t\t\t\t<div class=\"elementor-element elementor-element-5118890 sc_fly_static elementor-widget elementor-widget-spacer\" data-id=\"5118890\" data-element_type=\"widget\" data-e-type=\"widget\" data-widget_type=\"spacer.default\">\n\t\t\t\t<div class=\"elementor-widget-container\">\n\t\t\t\t\t\t\t<div class=\"elementor-spacer\">\n\t\t\t<div class=\"elementor-spacer-inner\"><\/div>\n\t\t<\/div>\n\t\t\t\t\t\t<\/div>\n\t\t\t\t<\/div>\n\t\t\t\t\t<\/div>\n\t\t<\/div>\n\t\t\t\t\t<\/div>\n\t\t<\/section>\n\t\t\t\t<section class=\"elementor-section elementor-inner-section elementor-element elementor-element-8cb493f elementor-section-boxed elementor-section-height-default elementor-section-height-default sc_fly_static\" data-id=\"8cb493f\" data-element_type=\"section\" data-e-type=\"section\">\n\t\t\t\t\t\t<div class=\"elementor-container elementor-column-gap-extended\">\n\t\t\t\t\t<div class=\"elementor-column elementor-col-33 elementor-inner-column elementor-element elementor-element-a88aba7 sc_content_align_inherit sc_layouts_column_icons_position_left sc_fly_static\" data-id=\"a88aba7\" data-element_type=\"column\" data-e-type=\"column\">\n\t\t\t<div class=\"elementor-widget-wrap elementor-element-populated\">\n\t\t\t\t\t\t<div class=\"elementor-element elementor-element-6c13449 sc_fly_static elementor-widget elementor-widget-text-editor\" data-id=\"6c13449\" data-element_type=\"widget\" data-e-type=\"widget\" data-widget_type=\"text-editor.default\">\n\t\t\t\t<div class=\"elementor-widget-container\">\n\t\t\t\t\t\t\t\t\t<p><strong>Pro\u010d nakupovat investi\u010dn\u00ed platinu<\/strong><\/p><ul><li>Jeden z nejvz\u00e1cn\u011bj\u0161\u00edch kov\u016f na planet\u011b (kdy je skute\u010dn\u00e1 hodnota vy\u0161\u0161\u00ed ne\u017e aktu\u00e1ln\u00ed cena.)<\/li><li>Svou hodnotou p\u0159evy\u0161uje i zlato i st\u0159\u00edbro (dlouhodob\u011b opom\u00edjen\u00e1)<\/li><li>St\u00e1le popul\u00e1rn\u011bj\u0161\u00ed v oblasti \u0161perka\u0159stv\u00ed (kombinace s diamanty)<\/li><li>Platina m\u00e1 vysok\u00fd potenci\u00e1l proti boji s rakovinou<\/li><li>neregistrovan\u00fd majetek<\/li><\/ul>\t\t\t\t\t\t\t\t<\/div>\n\t\t\t\t<\/div>\n\t\t\t\t<div class=\"elementor-element elementor-element-bf9524f sc_fly_static elementor-widget elementor-widget-spacer\" data-id=\"bf9524f\" data-element_type=\"widget\" data-e-type=\"widget\" data-widget_type=\"spacer.default\">\n\t\t\t\t<div class=\"elementor-widget-container\">\n\t\t\t\t\t\t\t<div class=\"elementor-spacer\">\n\t\t\t<div class=\"elementor-spacer-inner\"><\/div>\n\t\t<\/div>\n\t\t\t\t\t\t<\/div>\n\t\t\t\t<\/div>\n\t\t\t\t<div class=\"elementor-element elementor-element-bf2448d sc_fly_static elementor-widget elementor-widget-spacer\" data-id=\"bf2448d\" data-element_type=\"widget\" data-e-type=\"widget\" data-widget_type=\"spacer.default\">\n\t\t\t\t<div class=\"elementor-widget-container\">\n\t\t\t\t\t\t\t<div class=\"elementor-spacer\">\n\t\t\t<div class=\"elementor-spacer-inner\"><\/div>\n\t\t<\/div>\n\t\t\t\t\t\t<\/div>\n\t\t\t\t<\/div>\n\t\t\t\t<div class=\"elementor-element elementor-element-70c6780 elementor-widget__width-initial sc_fly_static elementor-widget elementor-widget-image\" data-id=\"70c6780\" data-element_type=\"widget\" data-e-type=\"widget\" data-widget_type=\"image.default\">\n\t\t\t\t<div class=\"elementor-widget-container\">\n\t\t\t\t\t\t\t\t\t\t\t\t\t\t\t<img decoding=\"async\" src=\"https:\/\/mojeprilezitost.cz\/wp-content\/uploads\/elementor\/thumbs\/platina-e1744111905845-r8vsztp4vop202zueytue5rrdtkodcdo0b83l6lnas.png\" title=\"\" alt=\"\" loading=\"lazy\" \/>\t\t\t\t\t\t\t\t\t\t\t\t\t\t\t<\/div>\n\t\t\t\t<\/div>\n\t\t\t\t\t<\/div>\n\t\t<\/div>\n\t\t\t\t<div class=\"elementor-column elementor-col-33 elementor-inner-column elementor-element elementor-element-e414642 sc_content_align_inherit sc_layouts_column_icons_position_left sc_fly_static\" data-id=\"e414642\" data-element_type=\"column\" data-e-type=\"column\">\n\t\t\t<div class=\"elementor-widget-wrap elementor-element-populated\">\n\t\t\t\t\t\t<div class=\"elementor-element elementor-element-cbc844e elementor-widget__width-initial sc_fly_static elementor-widget elementor-widget-image\" data-id=\"cbc844e\" data-element_type=\"widget\" data-e-type=\"widget\" data-widget_type=\"image.default\">\n\t\t\t\t<div class=\"elementor-widget-container\">\n\t\t\t\t\t\t\t\t\t\t\t\t\t\t\t<img fetchpriority=\"high\" decoding=\"async\" width=\"652\" height=\"1024\" src=\"https:\/\/mojeprilezitost.cz\/wp-content\/uploads\/2025\/04\/WEB-obrazky-2-e1744115676152-652x1024.png\" class=\"attachment-large size-large wp-image-24329\" alt=\"\" srcset=\"https:\/\/mojeprilezitost.cz\/wp-content\/uploads\/2025\/04\/WEB-obrazky-2-e1744115676152-652x1024.png 652w, https:\/\/mojeprilezitost.cz\/wp-content\/uploads\/2025\/04\/WEB-obrazky-2-e1744115676152-191x300.png 191w, https:\/\/mojeprilezitost.cz\/wp-content\/uploads\/2025\/04\/WEB-obrazky-2-e1744115676152-8x12.png 8w, https:\/\/mojeprilezitost.cz\/wp-content\/uploads\/2025\/04\/WEB-obrazky-2-e1744115676152-370x581.png 370w, https:\/\/mojeprilezitost.cz\/wp-content\/uploads\/2025\/04\/WEB-obrazky-2-e1744115676152-410x644.png 410w, https:\/\/mojeprilezitost.cz\/wp-content\/uploads\/2025\/04\/WEB-obrazky-2-e1744115676152.png 662w\" sizes=\"(max-width: 652px) 100vw, 652px\" \/>\t\t\t\t\t\t\t\t\t\t\t\t\t\t\t<\/div>\n\t\t\t\t<\/div>\n\t\t\t\t<div class=\"elementor-element elementor-element-35eee08 sc_fly_static elementor-widget elementor-widget-spacer\" data-id=\"35eee08\" data-element_type=\"widget\" data-e-type=\"widget\" data-widget_type=\"spacer.default\">\n\t\t\t\t<div class=\"elementor-widget-container\">\n\t\t\t\t\t\t\t<div class=\"elementor-spacer\">\n\t\t\t<div class=\"elementor-spacer-inner\"><\/div>\n\t\t<\/div>\n\t\t\t\t\t\t<\/div>\n\t\t\t\t<\/div>\n\t\t\t\t\t<\/div>\n\t\t<\/div>\n\t\t\t\t<div class=\"elementor-column elementor-col-33 elementor-inner-column elementor-element elementor-element-2de8ca5 sc_content_align_inherit sc_layouts_column_icons_position_left sc_fly_static\" data-id=\"2de8ca5\" data-element_type=\"column\" data-e-type=\"column\">\n\t\t\t<div class=\"elementor-widget-wrap elementor-element-populated\">\n\t\t\t\t\t\t<div class=\"elementor-element elementor-element-b9e2278 sc_fly_static elementor-widget elementor-widget-html\" data-id=\"b9e2278\" data-element_type=\"widget\" data-e-type=\"widget\" data-widget_type=\"html.default\">\n\t\t\t\t<div class=\"elementor-widget-container\">\n\t\t\t\t\t<!--komodity_grafy start -->\r\n\t<div id=\"kg_t\">\r\n\t\r\n\t\t<div id=\"kg_platina\">\r\n\t\t<a href=\"https:\/\/www.kurzy.cz\/komodity\/platina-graf-vyvoje-ceny\/\" id=\"kg_platina\" title=\"Platina\"><img decoding=\"async\" loading=\"lazy\" src=\"https:\/\/data.kurzy.cz\/komodity\/grafy\/platina-graf-cena-w670.png\" alt=\"Platina - graf ceny\" \/><\/a>\r\n\t\t<\/div>\r\n\t\r\n\t<\/div>\r\n\t\r\n\t\r\n\t<div id=\"komodity_grafy_head\" style=\"white-space: nowrap;\">\r\n\t<a href=\"https:\/\/www.kurzy.cz\/komodity\/\"\r\n\t title=\"Komodity - Zlato, st\u0159\u00edbro, ropa, Cukr, zem\u011bd\u011blsk\u00e9, ceny a grafy\" \r\n\t id=\"\">Komodity a deriv\u00e1ty<\/a> ze str\u00e1nek <a href=\"https:\/\/www.kurzy.cz\/\" \r\n\t title=\"Kurzy m\u011bn, akcie cz, komodity, ekonomika, zpravodajstv\u00ed\">Kurzy.cz<\/a>\r\n\t<\/div>\r\n\r\n<!--komodity_grafy end -->\r\n\t\t\t\t<\/div>\n\t\t\t\t<\/div>\n\t\t\t\t<div class=\"elementor-element elementor-element-9bce4c0 sc_height_large sc_fly_static elementor-widget elementor-widget-spacer\" data-id=\"9bce4c0\" data-element_type=\"widget\" data-e-type=\"widget\" data-widget_type=\"spacer.default\">\n\t\t\t\t<div class=\"elementor-widget-container\">\n\t\t\t\t\t\t\t<div class=\"elementor-spacer\">\n\t\t\t<div class=\"elementor-spacer-inner\"><\/div>\n\t\t<\/div>\n\t\t\t\t\t\t<\/div>\n\t\t\t\t<\/div>\n\t\t\t\t<div class=\"elementor-element elementor-element-67c6724 sc_fly_static elementor-widget elementor-widget-trx_sc_button\" data-id=\"67c6724\" data-element_type=\"widget\" data-e-type=\"widget\" data-widget_type=\"trx_sc_button.default\">\n\t\t\t\t<div class=\"elementor-widget-container\">\n\t\t\t\t\t<div\tclass=\"sc_item_button sc_button_wrap sc_align_right\" ><a href=\"https:\/\/mojeprilezitost.cz\/en\/kontakt\/\" class=\"sc_button sc_button_default sc_button_size_large sc_button_icon_left\" ><span class=\"sc_button_text\"><span class=\"sc_button_title\">JAK INVESTOVAT DO PLATINY<\/span><\/span><\/a><\/div>\t\t\t\t<\/div>\n\t\t\t\t<\/div>\n\t\t\t\t\t<\/div>\n\t\t<\/div>\n\t\t\t\t\t<\/div>\n\t\t<\/section>\n\t\t\t\t<section class=\"elementor-section elementor-inner-section elementor-element elementor-element-ce7059f elementor-section-boxed elementor-section-height-default elementor-section-height-default sc_fly_static\" data-id=\"ce7059f\" data-element_type=\"section\" data-e-type=\"section\">\n\t\t\t\t\t\t<div class=\"elementor-container elementor-column-gap-extended\">\n\t\t\t\t\t<div class=\"elementor-column elementor-col-100 elementor-inner-column elementor-element elementor-element-41e1ac3 sc_content_align_inherit sc_layouts_column_icons_position_left sc_fly_static\" data-id=\"41e1ac3\" data-element_type=\"column\" data-e-type=\"column\">\n\t\t\t<div class=\"elementor-widget-wrap elementor-element-populated\">\n\t\t\t\t\t\t<div class=\"elementor-element elementor-element-1789fe4 sc_height_large sc_fly_static elementor-widget elementor-widget-spacer\" data-id=\"1789fe4\" data-element_type=\"widget\" data-e-type=\"widget\" data-widget_type=\"spacer.default\">\n\t\t\t\t<div class=\"elementor-widget-container\">\n\t\t\t\t\t\t\t<div class=\"elementor-spacer\">\n\t\t\t<div class=\"elementor-spacer-inner\"><\/div>\n\t\t<\/div>\n\t\t\t\t\t\t<\/div>\n\t\t\t\t<\/div>\n\t\t\t\t\t<\/div>\n\t\t<\/div>\n\t\t\t\t\t<\/div>\n\t\t<\/section>\n\t\t\t\t\t<\/div>\n\t\t<\/div>\n\t\t\t\t\t<\/div>\n\t\t<\/section>\n\t\t\t\t<\/div>","protected":false},"excerpt":{"rendered":"<p>Drah\u00e9 kovy Investi\u010dn\u00ed platina Investi\u010dn\u00ed platina je velmi podobn\u00e1 jako st\u0159\u00edbro a z\u00e1rove\u0148 je pr\u016fmyslov\u00fdm&hellip;<\/p>","protected":false},"author":1,"featured_media":24119,"parent":0,"menu_order":0,"comment_status":"closed","ping_status":"closed","template":"","meta":{"footnotes":""},"class_list":["post-23971","page","type-page","status-publish","has-post-thumbnail","hentry"],"yoast_head":"<!-- This site is optimized with the Yoast SEO Premium plugin v20.11 (Yoast SEO v27.4) - https:\/\/yoast.com\/product\/yoast-seo-premium-wordpress\/ -->\n<title>Investi\u010dn\u00ed platina - Moje p\u0159\u00edle\u017eitost CZ s.r.o.<\/title>\n<meta name=\"robots\" content=\"index, follow, max-snippet:-1, max-image-preview:large, max-video-preview:-1\" \/>\n<link rel=\"canonical\" href=\"https:\/\/mojeprilezitost.cz\/en\/investicni-platina\/\" \/>\n<meta property=\"og:locale\" content=\"en_US\" \/>\n<meta property=\"og:type\" content=\"article\" \/>\n<meta property=\"og:title\" content=\"Investi\u010dn\u00ed platina\" \/>\n<meta property=\"og:description\" content=\"Drah\u00e9 kovy Investi\u010dn\u00ed platina Investi\u010dn\u00ed platina je velmi podobn\u00e1 jako st\u0159\u00edbro a z\u00e1rove\u0148 je pr\u016fmyslov\u00fdm&hellip;\" \/>\n<meta property=\"og:url\" content=\"https:\/\/mojeprilezitost.cz\/en\/investicni-platina\/\" \/>\n<meta property=\"og:site_name\" content=\"Moje p\u0159\u00edle\u017eitost CZ s.r.o.\" \/>\n<meta property=\"article:modified_time\" content=\"2025-04-23T21:09:46+00:00\" \/>\n<meta property=\"og:image\" content=\"https:\/\/mojeprilezitost.cz\/wp-content\/uploads\/2025\/04\/platina.jpg\" \/>\n\t<meta property=\"og:image:width\" content=\"1920\" \/>\n\t<meta property=\"og:image:height\" content=\"1080\" \/>\n\t<meta property=\"og:image:type\" content=\"image\/jpeg\" \/>\n<meta name=\"twitter:card\" content=\"summary_large_image\" \/>\n<meta name=\"twitter:label1\" content=\"Est. reading time\" \/>\n\t<meta name=\"twitter:data1\" content=\"2 minutes\" \/>\n<script type=\"application\/ld+json\" class=\"yoast-schema-graph\">{\"@context\":\"https:\\\/\\\/schema.org\",\"@graph\":[{\"@type\":\"WebPage\",\"@id\":\"https:\\\/\\\/mojeprilezitost.cz\\\/en\\\/investicni-platina\\\/\",\"url\":\"https:\\\/\\\/mojeprilezitost.cz\\\/en\\\/investicni-platina\\\/\",\"name\":\"Investi\u010dn\u00ed platina - Moje p\u0159\u00edle\u017eitost CZ s.r.o.\",\"isPartOf\":{\"@id\":\"https:\\\/\\\/mojeprilezitost.cz\\\/en\\\/#website\"},\"primaryImageOfPage\":{\"@id\":\"https:\\\/\\\/mojeprilezitost.cz\\\/en\\\/investicni-platina\\\/#primaryimage\"},\"image\":{\"@id\":\"https:\\\/\\\/mojeprilezitost.cz\\\/en\\\/investicni-platina\\\/#primaryimage\"},\"thumbnailUrl\":\"https:\\\/\\\/mojeprilezitost.cz\\\/wp-content\\\/uploads\\\/2025\\\/04\\\/platina.jpg\",\"datePublished\":\"2025-04-07T20:57:58+00:00\",\"dateModified\":\"2025-04-23T21:09:46+00:00\",\"breadcrumb\":{\"@id\":\"https:\\\/\\\/mojeprilezitost.cz\\\/en\\\/investicni-platina\\\/#breadcrumb\"},\"inLanguage\":\"en-US\",\"potentialAction\":[{\"@type\":\"ReadAction\",\"target\":[\"https:\\\/\\\/mojeprilezitost.cz\\\/en\\\/investicni-platina\\\/\"]}]},{\"@type\":\"ImageObject\",\"inLanguage\":\"en-US\",\"@id\":\"https:\\\/\\\/mojeprilezitost.cz\\\/en\\\/investicni-platina\\\/#primaryimage\",\"url\":\"https:\\\/\\\/mojeprilezitost.cz\\\/wp-content\\\/uploads\\\/2025\\\/04\\\/platina.jpg\",\"contentUrl\":\"https:\\\/\\\/mojeprilezitost.cz\\\/wp-content\\\/uploads\\\/2025\\\/04\\\/platina.jpg\",\"width\":1920,\"height\":1080},{\"@type\":\"BreadcrumbList\",\"@id\":\"https:\\\/\\\/mojeprilezitost.cz\\\/en\\\/investicni-platina\\\/#breadcrumb\",\"itemListElement\":[{\"@type\":\"ListItem\",\"position\":1,\"name\":\"Home\",\"item\":\"https:\\\/\\\/mojeprilezitost.cz\\\/\"},{\"@type\":\"ListItem\",\"position\":2,\"name\":\"Investi\u010dn\u00ed platina\"}]},{\"@type\":\"WebSite\",\"@id\":\"https:\\\/\\\/mojeprilezitost.cz\\\/en\\\/#website\",\"url\":\"https:\\\/\\\/mojeprilezitost.cz\\\/en\\\/\",\"name\":\"Moje p\u0159\u00edle\u017eitost CZ s.r.o.\",\"description\":\"Co je doma, to se po\u010d\u00edt\u00e1\",\"publisher\":{\"@id\":\"https:\\\/\\\/mojeprilezitost.cz\\\/en\\\/#organization\"},\"potentialAction\":[{\"@type\":\"SearchAction\",\"target\":{\"@type\":\"EntryPoint\",\"urlTemplate\":\"https:\\\/\\\/mojeprilezitost.cz\\\/en\\\/?s={search_term_string}\"},\"query-input\":{\"@type\":\"PropertyValueSpecification\",\"valueRequired\":true,\"valueName\":\"search_term_string\"}}],\"inLanguage\":\"en-US\"},{\"@type\":\"Organization\",\"@id\":\"https:\\\/\\\/mojeprilezitost.cz\\\/en\\\/#organization\",\"name\":\"Moje p\u0159\u00edle\u017eitost CZ s.r.o.\",\"url\":\"https:\\\/\\\/mojeprilezitost.cz\\\/en\\\/\",\"logo\":{\"@type\":\"ImageObject\",\"inLanguage\":\"en-US\",\"@id\":\"https:\\\/\\\/mojeprilezitost.cz\\\/en\\\/#\\\/schema\\\/logo\\\/image\\\/\",\"url\":\"https:\\\/\\\/mojeprilezitost.cz\\\/wp-content\\\/uploads\\\/2022\\\/01\\\/Jiri-Ovsik-predni.png\",\"contentUrl\":\"https:\\\/\\\/mojeprilezitost.cz\\\/wp-content\\\/uploads\\\/2022\\\/01\\\/Jiri-Ovsik-predni.png\",\"width\":500,\"height\":500,\"caption\":\"Moje p\u0159\u00edle\u017eitost CZ s.r.o.\"},\"image\":{\"@id\":\"https:\\\/\\\/mojeprilezitost.cz\\\/en\\\/#\\\/schema\\\/logo\\\/image\\\/\"}}]}<\/script>\n<!-- \/ Yoast SEO Premium plugin. -->","yoast_head_json":{"title":"Investi\u010dn\u00ed platina - Moje p\u0159\u00edle\u017eitost CZ s.r.o.","robots":{"index":"index","follow":"follow","max-snippet":"max-snippet:-1","max-image-preview":"max-image-preview:large","max-video-preview":"max-video-preview:-1"},"canonical":"https:\/\/mojeprilezitost.cz\/en\/investicni-platina\/","og_locale":"en_US","og_type":"article","og_title":"Investi\u010dn\u00ed platina","og_description":"Drah\u00e9 kovy Investi\u010dn\u00ed platina Investi\u010dn\u00ed platina je velmi podobn\u00e1 jako st\u0159\u00edbro a z\u00e1rove\u0148 je pr\u016fmyslov\u00fdm&hellip;","og_url":"https:\/\/mojeprilezitost.cz\/en\/investicni-platina\/","og_site_name":"Moje p\u0159\u00edle\u017eitost CZ s.r.o.","article_modified_time":"2025-04-23T21:09:46+00:00","og_image":[{"width":1920,"height":1080,"url":"https:\/\/mojeprilezitost.cz\/wp-content\/uploads\/2025\/04\/platina.jpg","type":"image\/jpeg"}],"twitter_card":"summary_large_image","twitter_misc":{"Est. reading time":"2 minutes"},"schema":{"@context":"https:\/\/schema.org","@graph":[{"@type":"WebPage","@id":"https:\/\/mojeprilezitost.cz\/en\/investicni-platina\/","url":"https:\/\/mojeprilezitost.cz\/en\/investicni-platina\/","name":"Investi\u010dn\u00ed platina - Moje p\u0159\u00edle\u017eitost CZ s.r.o.","isPartOf":{"@id":"https:\/\/mojeprilezitost.cz\/en\/#website"},"primaryImageOfPage":{"@id":"https:\/\/mojeprilezitost.cz\/en\/investicni-platina\/#primaryimage"},"image":{"@id":"https:\/\/mojeprilezitost.cz\/en\/investicni-platina\/#primaryimage"},"thumbnailUrl":"https:\/\/mojeprilezitost.cz\/wp-content\/uploads\/2025\/04\/platina.jpg","datePublished":"2025-04-07T20:57:58+00:00","dateModified":"2025-04-23T21:09:46+00:00","breadcrumb":{"@id":"https:\/\/mojeprilezitost.cz\/en\/investicni-platina\/#breadcrumb"},"inLanguage":"en-US","potentialAction":[{"@type":"ReadAction","target":["https:\/\/mojeprilezitost.cz\/en\/investicni-platina\/"]}]},{"@type":"ImageObject","inLanguage":"en-US","@id":"https:\/\/mojeprilezitost.cz\/en\/investicni-platina\/#primaryimage","url":"https:\/\/mojeprilezitost.cz\/wp-content\/uploads\/2025\/04\/platina.jpg","contentUrl":"https:\/\/mojeprilezitost.cz\/wp-content\/uploads\/2025\/04\/platina.jpg","width":1920,"height":1080},{"@type":"BreadcrumbList","@id":"https:\/\/mojeprilezitost.cz\/en\/investicni-platina\/#breadcrumb","itemListElement":[{"@type":"ListItem","position":1,"name":"Home","item":"https:\/\/mojeprilezitost.cz\/"},{"@type":"ListItem","position":2,"name":"Investi\u010dn\u00ed platina"}]},{"@type":"WebSite","@id":"https:\/\/mojeprilezitost.cz\/en\/#website","url":"https:\/\/mojeprilezitost.cz\/en\/","name":"Moje p\u0159\u00edle\u017eitost CZ s.r.o.","description":"Co je doma, to se po\u010d\u00edt\u00e1","publisher":{"@id":"https:\/\/mojeprilezitost.cz\/en\/#organization"},"potentialAction":[{"@type":"SearchAction","target":{"@type":"EntryPoint","urlTemplate":"https:\/\/mojeprilezitost.cz\/en\/?s={search_term_string}"},"query-input":{"@type":"PropertyValueSpecification","valueRequired":true,"valueName":"search_term_string"}}],"inLanguage":"en-US"},{"@type":"Organization","@id":"https:\/\/mojeprilezitost.cz\/en\/#organization","name":"Moje p\u0159\u00edle\u017eitost CZ s.r.o.","url":"https:\/\/mojeprilezitost.cz\/en\/","logo":{"@type":"ImageObject","inLanguage":"en-US","@id":"https:\/\/mojeprilezitost.cz\/en\/#\/schema\/logo\/image\/","url":"https:\/\/mojeprilezitost.cz\/wp-content\/uploads\/2022\/01\/Jiri-Ovsik-predni.png","contentUrl":"https:\/\/mojeprilezitost.cz\/wp-content\/uploads\/2022\/01\/Jiri-Ovsik-predni.png","width":500,"height":500,"caption":"Moje p\u0159\u00edle\u017eitost CZ s.r.o."},"image":{"@id":"https:\/\/mojeprilezitost.cz\/en\/#\/schema\/logo\/image\/"}}]}},"_links":{"self":[{"href":"https:\/\/mojeprilezitost.cz\/en\/wp-json\/wp\/v2\/pages\/23971","targetHints":{"allow":["GET"]}}],"collection":[{"href":"https:\/\/mojeprilezitost.cz\/en\/wp-json\/wp\/v2\/pages"}],"about":[{"href":"https:\/\/mojeprilezitost.cz\/en\/wp-json\/wp\/v2\/types\/page"}],"author":[{"embeddable":true,"href":"https:\/\/mojeprilezitost.cz\/en\/wp-json\/wp\/v2\/users\/1"}],"replies":[{"embeddable":true,"href":"https:\/\/mojeprilezitost.cz\/en\/wp-json\/wp\/v2\/comments?post=23971"}],"version-history":[{"count":29,"href":"https:\/\/mojeprilezitost.cz\/en\/wp-json\/wp\/v2\/pages\/23971\/revisions"}],"predecessor-version":[{"id":24448,"href":"https:\/\/mojeprilezitost.cz\/en\/wp-json\/wp\/v2\/pages\/23971\/revisions\/24448"}],"wp:featuredmedia":[{"embeddable":true,"href":"https:\/\/mojeprilezitost.cz\/en\/wp-json\/wp\/v2\/media\/24119"}],"wp:attachment":[{"href":"https:\/\/mojeprilezitost.cz\/en\/wp-json\/wp\/v2\/media?parent=23971"}],"curies":[{"name":"wp","href":"https:\/\/api.w.org\/{rel}","templated":true}]}}