{"id":23967,"date":"2025-04-07T20:56:59","date_gmt":"2025-04-07T20:56:59","guid":{"rendered":"https:\/\/mojeprilezitost.cz\/?page_id=23967"},"modified":"2025-04-23T21:08:39","modified_gmt":"2025-04-23T21:08:39","slug":"investicni-zlato","status":"publish","type":"page","link":"https:\/\/mojeprilezitost.cz\/en\/investicni-zlato\/","title":{"rendered":"Investi\u010dn\u00ed zlato"},"content":{"rendered":"<div data-elementor-type=\"wp-page\" data-elementor-id=\"23967\" class=\"elementor elementor-23967\" data-elementor-post-type=\"page\">\n\t\t\t\t\t\t<section class=\"elementor-section elementor-top-section elementor-element elementor-element-91dcd2c elementor-section-boxed elementor-section-height-default elementor-section-height-default sc_fly_static\" data-id=\"91dcd2c\" data-element_type=\"section\" data-e-type=\"section\">\n\t\t\t\t\t\t<div class=\"elementor-container elementor-column-gap-extended\">\n\t\t\t\t\t<div class=\"elementor-column elementor-col-100 elementor-top-column elementor-element elementor-element-001837f sc_content_align_inherit sc_layouts_column_icons_position_left sc_fly_static\" data-id=\"001837f\" data-element_type=\"column\" data-e-type=\"column\">\n\t\t\t<div class=\"elementor-widget-wrap elementor-element-populated\">\n\t\t\t\t\t\t<div class=\"elementor-element elementor-element-e5f9e7e sc_height_huge sc_fly_static elementor-widget elementor-widget-spacer\" data-id=\"e5f9e7e\" data-element_type=\"widget\" data-e-type=\"widget\" data-widget_type=\"spacer.default\">\n\t\t\t\t<div class=\"elementor-widget-container\">\n\t\t\t\t\t\t\t<div class=\"elementor-spacer\">\n\t\t\t<div class=\"elementor-spacer-inner\"><\/div>\n\t\t<\/div>\n\t\t\t\t\t\t<\/div>\n\t\t\t\t<\/div>\n\t\t\t\t\t<\/div>\n\t\t<\/div>\n\t\t\t\t\t<\/div>\n\t\t<\/section>\n\t\t\t\t<section class=\"elementor-section elementor-top-section elementor-element elementor-element-f6895e0 elementor-section-content-middle elementor-section-boxed elementor-section-height-default elementor-section-height-default sc_fly_static\" data-id=\"f6895e0\" data-element_type=\"section\" data-e-type=\"section\">\n\t\t\t\t\t\t<div class=\"elementor-container elementor-column-gap-extended\">\n\t\t\t\t\t<div class=\"elementor-column elementor-col-100 elementor-top-column elementor-element elementor-element-4ddefc2 sc_content_align_inherit sc_layouts_column_icons_position_left sc_fly_static\" data-id=\"4ddefc2\" data-element_type=\"column\" data-e-type=\"column\">\n\t\t\t<div class=\"elementor-widget-wrap elementor-element-populated\">\n\t\t\t\t\t\t<div class=\"elementor-element elementor-element-5f23ebc sc_fly_static elementor-widget elementor-widget-trx_sc_title\" data-id=\"5f23ebc\" data-element_type=\"widget\" data-e-type=\"widget\" data-widget_type=\"trx_sc_title.default\">\n\t\t\t\t<div class=\"elementor-widget-container\">\n\t\t\t\t\t<div\t\tclass=\"sc_title sc_title_default\" ><h1 class=\"sc_item_title sc_title_title sc_item_title_style_default sc_item_title_tag\"\n\t\t\t><span class=\"sc_item_title_text\">Drah\u00e9 kovy<\/span><\/h1><\/div>\t\t\t\t<\/div>\n\t\t\t\t<\/div>\n\t\t\t\t<div class=\"elementor-element elementor-element-66f602e sc_fly_static elementor-widget elementor-widget-spacer\" data-id=\"66f602e\" data-element_type=\"widget\" data-e-type=\"widget\" data-widget_type=\"spacer.default\">\n\t\t\t\t<div class=\"elementor-widget-container\">\n\t\t\t\t\t\t\t<div class=\"elementor-spacer\">\n\t\t\t<div class=\"elementor-spacer-inner\"><\/div>\n\t\t<\/div>\n\t\t\t\t\t\t<\/div>\n\t\t\t\t<\/div>\n\t\t\t\t\t<\/div>\n\t\t<\/div>\n\t\t\t\t\t<\/div>\n\t\t<\/section>\n\t\t\t\t<section class=\"elementor-section elementor-top-section elementor-element elementor-element-378c7b6 elementor-section-boxed elementor-section-height-default elementor-section-height-default sc_fly_static\" data-id=\"378c7b6\" data-element_type=\"section\" data-e-type=\"section\" data-settings=\"{&quot;background_background&quot;:&quot;classic&quot;}\">\n\t\t\t\t\t\t<div class=\"elementor-container elementor-column-gap-extended\">\n\t\t\t\t\t<div class=\"elementor-column elementor-col-100 elementor-top-column elementor-element elementor-element-5a932fa sc_content_align_inherit sc_layouts_column_icons_position_left sc_fly_static\" data-id=\"5a932fa\" data-element_type=\"column\" data-e-type=\"column\">\n\t\t\t<div class=\"elementor-widget-wrap elementor-element-populated\">\n\t\t\t\t\t\t<div class=\"elementor-element elementor-element-db03c26 sc_height_small sc_fly_static elementor-widget elementor-widget-spacer\" data-id=\"db03c26\" data-element_type=\"widget\" data-e-type=\"widget\" data-widget_type=\"spacer.default\">\n\t\t\t\t<div class=\"elementor-widget-container\">\n\t\t\t\t\t\t\t<div class=\"elementor-spacer\">\n\t\t\t<div class=\"elementor-spacer-inner\"><\/div>\n\t\t<\/div>\n\t\t\t\t\t\t<\/div>\n\t\t\t\t<\/div>\n\t\t\t\t<section class=\"elementor-section elementor-inner-section elementor-element elementor-element-b64f3e2 elementor-section-boxed elementor-section-height-default elementor-section-height-default sc_fly_static\" data-id=\"b64f3e2\" data-element_type=\"section\" data-e-type=\"section\">\n\t\t\t\t\t\t<div class=\"elementor-container elementor-column-gap-extended\">\n\t\t\t\t\t<div class=\"elementor-column elementor-col-50 elementor-inner-column elementor-element elementor-element-291901d sc_content_align_inherit sc_layouts_column_icons_position_left sc_fly_static\" data-id=\"291901d\" data-element_type=\"column\" data-e-type=\"column\">\n\t\t\t<div class=\"elementor-widget-wrap elementor-element-populated\">\n\t\t\t\t\t\t<div class=\"elementor-element elementor-element-94b1559 sc_fly_static elementor-widget elementor-widget-text-editor\" data-id=\"94b1559\" data-element_type=\"widget\" data-e-type=\"widget\" data-widget_type=\"text-editor.default\">\n\t\t\t\t<div class=\"elementor-widget-container\">\n\t\t\t\t\t\t\t\t\t<h3>Investi\u010dn\u00ed zlato<\/h3><p>Zlato bylo v\u017edy jednou\u00a0<strong>z nejbezpe\u010dn\u011bj\u0161\u00edch investic<\/strong>\u00a0a nej\u010dast\u011bj\u0161\u00edm n\u00e1strojem placen\u00ed historie lidstva. Pap\u00edrov\u00e9 pen\u00edze byly v\u017edy odvozen\u00e9 od drah\u00e9ho kovu a nikdy tak spolehliv\u011b neplnili svoji funkci. Zlat\u00e9 slitky a mince jsou <strong>bezpe\u010dn\u00e1 stabiln\u00ed<\/strong> a <strong>konzervativn\u00ed investice<\/strong> nap\u0159\u00ed\u010d investi\u010dn\u00ed nab\u00eddkou. Zlato obecn\u011b neroste, jen do sebe absorbuje v\u0161echny nestability <strong>FIAT <\/strong>neboli<strong> pap\u00edrov\u00fdch m\u011bn<\/strong>. Obecn\u011b plat\u00ed, \u017ee kdo m\u00e1 zlato, ten m\u00e1 pen\u00edze. Zlato je <strong>strategick\u00e1 komodita<\/strong> ve va\u0161em investi\u010dn\u00edm portfoliu a m\u011bla by m\u00edt pevn\u00e9 m\u00edsto v\u00a0<strong>dlouhodob\u00e9m investov\u00e1n\u00ed<\/strong>. Ka\u017ed\u00fd ob\u010dan v\u00a0\u010cR by m\u011bl vlastnit minim\u00e1ln\u00ed objem zlata. Proto nev\u00e1hejte a investujte do zlata. \u010cistota investi\u010dn\u00edho zlata mus\u00ed b\u00fdt <strong>999,9\/1000<\/strong>.<\/p>\t\t\t\t\t\t\t\t<\/div>\n\t\t\t\t<\/div>\n\t\t\t\t<div class=\"elementor-element elementor-element-b65aedc sc_fly_static elementor-widget elementor-widget-spacer\" data-id=\"b65aedc\" data-element_type=\"widget\" data-e-type=\"widget\" data-widget_type=\"spacer.default\">\n\t\t\t\t<div class=\"elementor-widget-container\">\n\t\t\t\t\t\t\t<div class=\"elementor-spacer\">\n\t\t\t<div class=\"elementor-spacer-inner\"><\/div>\n\t\t<\/div>\n\t\t\t\t\t\t<\/div>\n\t\t\t\t<\/div>\n\t\t\t\t\t<\/div>\n\t\t<\/div>\n\t\t\t\t<div class=\"elementor-column elementor-col-50 elementor-inner-column elementor-element elementor-element-947f3c9 sc_content_align_inherit sc_layouts_column_icons_position_left sc_fly_static\" data-id=\"947f3c9\" data-element_type=\"column\" data-e-type=\"column\">\n\t\t\t<div class=\"elementor-widget-wrap elementor-element-populated\">\n\t\t\t\t\t\t<div class=\"elementor-element elementor-element-9e87e07 elementor-widget__width-initial sc_fly_static elementor-widget elementor-widget-image\" data-id=\"9e87e07\" data-element_type=\"widget\" data-e-type=\"widget\" data-widget_type=\"image.default\">\n\t\t\t\t<div class=\"elementor-widget-container\">\n\t\t\t\t\t\t\t\t\t\t\t\t\t\t\t<img fetchpriority=\"high\" decoding=\"async\" width=\"286\" height=\"300\" src=\"https:\/\/mojeprilezitost.cz\/wp-content\/uploads\/2025\/03\/1-1-286x300.png\" class=\"attachment-medium size-medium wp-image-23754\" alt=\"\" srcset=\"https:\/\/mojeprilezitost.cz\/wp-content\/uploads\/2025\/03\/1-1-286x300.png 286w, https:\/\/mojeprilezitost.cz\/wp-content\/uploads\/2025\/03\/1-1-11x12.png 11w, https:\/\/mojeprilezitost.cz\/wp-content\/uploads\/2025\/03\/1-1.png 315w\" sizes=\"(max-width: 286px) 100vw, 286px\" \/>\t\t\t\t\t\t\t\t\t\t\t\t\t\t\t<\/div>\n\t\t\t\t<\/div>\n\t\t\t\t<div class=\"elementor-element elementor-element-8a4ff84 sc_height_tiny sc_fly_static elementor-widget elementor-widget-spacer\" data-id=\"8a4ff84\" data-element_type=\"widget\" data-e-type=\"widget\" data-widget_type=\"spacer.default\">\n\t\t\t\t<div class=\"elementor-widget-container\">\n\t\t\t\t\t\t\t<div class=\"elementor-spacer\">\n\t\t\t<div class=\"elementor-spacer-inner\"><\/div>\n\t\t<\/div>\n\t\t\t\t\t\t<\/div>\n\t\t\t\t<\/div>\n\t\t\t\t\t<\/div>\n\t\t<\/div>\n\t\t\t\t\t<\/div>\n\t\t<\/section>\n\t\t\t\t<section class=\"elementor-section elementor-inner-section elementor-element elementor-element-a83bdef elementor-section-boxed elementor-section-height-default elementor-section-height-default sc_fly_static\" data-id=\"a83bdef\" data-element_type=\"section\" data-e-type=\"section\">\n\t\t\t\t\t\t<div class=\"elementor-container elementor-column-gap-extended\">\n\t\t\t\t\t<div class=\"elementor-column elementor-col-50 elementor-inner-column elementor-element elementor-element-9bd27f6 sc_content_align_inherit sc_layouts_column_icons_position_left sc_fly_static\" data-id=\"9bd27f6\" data-element_type=\"column\" data-e-type=\"column\">\n\t\t\t<div class=\"elementor-widget-wrap elementor-element-populated\">\n\t\t\t\t\t\t<div class=\"elementor-element elementor-element-89b87f7 sc_fly_static elementor-widget elementor-widget-text-editor\" data-id=\"89b87f7\" data-element_type=\"widget\" data-e-type=\"widget\" data-widget_type=\"text-editor.default\">\n\t\t\t\t<div class=\"elementor-widget-container\">\n\t\t\t\t\t\t\t\t\t<p><strong>Pro\u010d nakupovat investi\u010dn\u00ed zlato?<\/strong><\/p><ul><li>Strategick\u00e1 surovina<\/li><li>Jsou to re\u00e1ln\u00e9 pen\u00edze<\/li><li>Zlato nen\u00ed ni\u010d\u00edm dluhem (nen\u00ed bankovn\u00ed deriv\u00e1t)<\/li><li>Zhodnocen\u00ed zlata za rok 2024 bylo 38,63 % v\u00a0K\u010d<\/li><li>Je to ekvivalent mezin\u00e1rodn\u00edho m\u011bnov\u00e9ho \u0159\u00e1du<\/li><li>Vysoce likvidn\u00ed<\/li><li>Zlato je v\u00fdborn\u00fd uchovatel hodnoty<\/li><li>V\u00a0dob\u011b krize, slou\u017e\u00ed jako platidlo, kdy\u017e padne m\u011bna<\/li><li>Je snadno p\u0159enosn\u00e9<\/li><li>Je osvobozeno od 21 % DPH<\/li><li>Neregistrovan\u00fd majetek<\/li><\/ul>\t\t\t\t\t\t\t\t<\/div>\n\t\t\t\t<\/div>\n\t\t\t\t<div class=\"elementor-element elementor-element-bf490f5 sc_fly_static elementor-widget elementor-widget-spacer\" data-id=\"bf490f5\" data-element_type=\"widget\" data-e-type=\"widget\" data-widget_type=\"spacer.default\">\n\t\t\t\t<div class=\"elementor-widget-container\">\n\t\t\t\t\t\t\t<div class=\"elementor-spacer\">\n\t\t\t<div class=\"elementor-spacer-inner\"><\/div>\n\t\t<\/div>\n\t\t\t\t\t\t<\/div>\n\t\t\t\t<\/div>\n\t\t\t\t<div class=\"elementor-element elementor-element-fe5dd59 sc_fly_static elementor-widget elementor-widget-spacer\" data-id=\"fe5dd59\" data-element_type=\"widget\" data-e-type=\"widget\" data-widget_type=\"spacer.default\">\n\t\t\t\t<div class=\"elementor-widget-container\">\n\t\t\t\t\t\t\t<div class=\"elementor-spacer\">\n\t\t\t<div class=\"elementor-spacer-inner\"><\/div>\n\t\t<\/div>\n\t\t\t\t\t\t<\/div>\n\t\t\t\t<\/div>\n\t\t\t\t\t<\/div>\n\t\t<\/div>\n\t\t\t\t<div class=\"elementor-column elementor-col-50 elementor-inner-column elementor-element elementor-element-a64327c sc_content_align_inherit sc_layouts_column_icons_position_left sc_fly_static\" data-id=\"a64327c\" data-element_type=\"column\" data-e-type=\"column\">\n\t\t\t<div class=\"elementor-widget-wrap elementor-element-populated\">\n\t\t\t\t\t\t<div class=\"elementor-element elementor-element-a215a64 sc_fly_static elementor-widget elementor-widget-html\" data-id=\"a215a64\" data-element_type=\"widget\" data-e-type=\"widget\" data-widget_type=\"html.default\">\n\t\t\t\t<div class=\"elementor-widget-container\">\n\t\t\t\t\t<!--komodity_grafy start -->\r\n\t<div id=\"kg_t\">\r\n\t\r\n\t\t<div id=\"kg_zlato_ecbot\">\r\n\t\t<a href=\"https:\/\/www.kurzy.cz\/komodity\/zlato-graf-vyvoje-ceny\/\" id=\"kg_zlato_ecbot\" title=\"Zlato\"><img decoding=\"async\" loading=\"lazy\" src=\"https:\/\/data.kurzy.cz\/komodity\/grafy\/zlato_ecbot-graf-cena-w670.png\" alt=\"Zlato - graf ceny\" \/><\/a>\r\n\t\t<\/div>\r\n\t\r\n\t<\/div>\r\n\t\r\n\t\r\n\t<div id=\"komodity_grafy_head\" style=\"white-space: nowrap;\">\r\n\t<a href=\"https:\/\/www.kurzy.cz\/komodity\/\"\r\n\t title=\"Komodity - Zlato, st\u0159\u00edbro, ropa, Cukr, zem\u011bd\u011blsk\u00e9, ceny a grafy\" \r\n\t id=\"\">Komodity a deriv\u00e1ty<\/a> ze str\u00e1nek <a href=\"https:\/\/www.kurzy.cz\/\" \r\n\t title=\"Kurzy m\u011bn, akcie cz, komodity, ekonomika, zpravodajstv\u00ed\">Kurzy.cz<\/a>\r\n\t<\/div>\r\n\r\n<!--komodity_grafy end -->\r\n\t\t\t\t<\/div>\n\t\t\t\t<\/div>\n\t\t\t\t<div class=\"elementor-element elementor-element-e193e95 sc_fly_static elementor-widget elementor-widget-spacer\" data-id=\"e193e95\" data-element_type=\"widget\" data-e-type=\"widget\" data-widget_type=\"spacer.default\">\n\t\t\t\t<div class=\"elementor-widget-container\">\n\t\t\t\t\t\t\t<div class=\"elementor-spacer\">\n\t\t\t<div class=\"elementor-spacer-inner\"><\/div>\n\t\t<\/div>\n\t\t\t\t\t\t<\/div>\n\t\t\t\t<\/div>\n\t\t\t\t<div class=\"elementor-element elementor-element-279b12b elementor-widget__width-initial sc_fly_static elementor-widget elementor-widget-image\" data-id=\"279b12b\" data-element_type=\"widget\" data-e-type=\"widget\" data-widget_type=\"image.default\">\n\t\t\t\t<div class=\"elementor-widget-container\">\n\t\t\t\t\t\t\t\t\t\t\t\t\t\t\t<img decoding=\"async\" src=\"https:\/\/mojeprilezitost.cz\/wp-content\/uploads\/elementor\/thumbs\/zlato-r8vsztp46909c8alwvqx00zf0c0lzzzcj1080m6aim.png\" title=\"\" alt=\"\" loading=\"lazy\" \/>\t\t\t\t\t\t\t\t\t\t\t\t\t\t\t<\/div>\n\t\t\t\t<\/div>\n\t\t\t\t<div class=\"elementor-element elementor-element-0159a9f sc_height_small sc_fly_static elementor-widget elementor-widget-spacer\" data-id=\"0159a9f\" data-element_type=\"widget\" data-e-type=\"widget\" data-widget_type=\"spacer.default\">\n\t\t\t\t<div class=\"elementor-widget-container\">\n\t\t\t\t\t\t\t<div class=\"elementor-spacer\">\n\t\t\t<div class=\"elementor-spacer-inner\"><\/div>\n\t\t<\/div>\n\t\t\t\t\t\t<\/div>\n\t\t\t\t<\/div>\n\t\t\t\t\t<\/div>\n\t\t<\/div>\n\t\t\t\t\t<\/div>\n\t\t<\/section>\n\t\t\t\t<section class=\"elementor-section elementor-inner-section elementor-element elementor-element-cf17b8b elementor-section-boxed elementor-section-height-default elementor-section-height-default sc_fly_static\" data-id=\"cf17b8b\" data-element_type=\"section\" data-e-type=\"section\">\n\t\t\t\t\t\t<div class=\"elementor-container elementor-column-gap-extended\">\n\t\t\t\t\t<div class=\"elementor-column elementor-col-100 elementor-inner-column elementor-element elementor-element-16a8406 sc_content_align_inherit sc_layouts_column_icons_position_left sc_fly_static\" data-id=\"16a8406\" data-element_type=\"column\" data-e-type=\"column\">\n\t\t\t<div class=\"elementor-widget-wrap elementor-element-populated\">\n\t\t\t\t\t\t<div class=\"elementor-element elementor-element-c7b289e sc_fly_static elementor-widget elementor-widget-trx_sc_button\" data-id=\"c7b289e\" data-element_type=\"widget\" data-e-type=\"widget\" data-widget_type=\"trx_sc_button.default\">\n\t\t\t\t<div class=\"elementor-widget-container\">\n\t\t\t\t\t<div\tclass=\"sc_item_button sc_button_wrap sc_align_right\" ><a href=\"https:\/\/mojeprilezitost.cz\/en\/kontakt\/\" class=\"sc_button sc_button_default sc_button_size_large sc_button_icon_left\" ><span class=\"sc_button_text\"><span class=\"sc_button_title\">JAK INVESTOVAT DO ZLATA<\/span><\/span><\/a><\/div>\t\t\t\t<\/div>\n\t\t\t\t<\/div>\n\t\t\t\t<div class=\"elementor-element elementor-element-e8092ce sc_height_large sc_fly_static elementor-widget elementor-widget-spacer\" data-id=\"e8092ce\" data-element_type=\"widget\" data-e-type=\"widget\" data-widget_type=\"spacer.default\">\n\t\t\t\t<div class=\"elementor-widget-container\">\n\t\t\t\t\t\t\t<div class=\"elementor-spacer\">\n\t\t\t<div class=\"elementor-spacer-inner\"><\/div>\n\t\t<\/div>\n\t\t\t\t\t\t<\/div>\n\t\t\t\t<\/div>\n\t\t\t\t\t<\/div>\n\t\t<\/div>\n\t\t\t\t\t<\/div>\n\t\t<\/section>\n\t\t\t\t\t<\/div>\n\t\t<\/div>\n\t\t\t\t\t<\/div>\n\t\t<\/section>\n\t\t\t\t<\/div>","protected":false},"excerpt":{"rendered":"<p>Drah\u00e9 kovy Investi\u010dn\u00ed zlato Zlato bylo v\u017edy jednou\u00a0z nejbezpe\u010dn\u011bj\u0161\u00edch investic\u00a0a nej\u010dast\u011bj\u0161\u00edm n\u00e1strojem placen\u00ed historie lidstva.&hellip;<\/p>","protected":false},"author":1,"featured_media":24118,"parent":0,"menu_order":0,"comment_status":"closed","ping_status":"closed","template":"","meta":{"footnotes":""},"class_list":["post-23967","page","type-page","status-publish","has-post-thumbnail","hentry"],"yoast_head":"<!-- This site is optimized with the Yoast SEO Premium plugin v20.11 (Yoast SEO v27.4) - https:\/\/yoast.com\/product\/yoast-seo-premium-wordpress\/ -->\n<title>Investi\u010dn\u00ed zlato - Moje p\u0159\u00edle\u017eitost CZ s.r.o.<\/title>\n<meta name=\"robots\" content=\"index, follow, max-snippet:-1, max-image-preview:large, max-video-preview:-1\" \/>\n<link rel=\"canonical\" href=\"https:\/\/mojeprilezitost.cz\/en\/investicni-zlato\/\" \/>\n<meta property=\"og:locale\" content=\"en_US\" \/>\n<meta property=\"og:type\" content=\"article\" \/>\n<meta property=\"og:title\" content=\"Investi\u010dn\u00ed zlato\" \/>\n<meta property=\"og:description\" content=\"Drah\u00e9 kovy Investi\u010dn\u00ed zlato Zlato bylo v\u017edy jednou\u00a0z nejbezpe\u010dn\u011bj\u0161\u00edch investic\u00a0a nej\u010dast\u011bj\u0161\u00edm n\u00e1strojem placen\u00ed historie lidstva.&hellip;\" \/>\n<meta property=\"og:url\" content=\"https:\/\/mojeprilezitost.cz\/en\/investicni-zlato\/\" \/>\n<meta property=\"og:site_name\" content=\"Moje p\u0159\u00edle\u017eitost CZ s.r.o.\" \/>\n<meta property=\"article:modified_time\" content=\"2025-04-23T21:08:39+00:00\" \/>\n<meta property=\"og:image\" content=\"https:\/\/mojeprilezitost.cz\/wp-content\/uploads\/2025\/04\/kovy.png\" \/>\n\t<meta property=\"og:image:width\" content=\"1629\" \/>\n\t<meta property=\"og:image:height\" content=\"1080\" \/>\n\t<meta property=\"og:image:type\" content=\"image\/png\" \/>\n<meta name=\"twitter:card\" content=\"summary_large_image\" \/>\n<meta name=\"twitter:label1\" content=\"Est. reading time\" \/>\n\t<meta name=\"twitter:data1\" content=\"2 minutes\" \/>\n<script type=\"application\/ld+json\" class=\"yoast-schema-graph\">{\"@context\":\"https:\\\/\\\/schema.org\",\"@graph\":[{\"@type\":\"WebPage\",\"@id\":\"https:\\\/\\\/mojeprilezitost.cz\\\/en\\\/investicni-zlato\\\/\",\"url\":\"https:\\\/\\\/mojeprilezitost.cz\\\/en\\\/investicni-zlato\\\/\",\"name\":\"Investi\u010dn\u00ed zlato - Moje p\u0159\u00edle\u017eitost CZ s.r.o.\",\"isPartOf\":{\"@id\":\"https:\\\/\\\/mojeprilezitost.cz\\\/en\\\/#website\"},\"primaryImageOfPage\":{\"@id\":\"https:\\\/\\\/mojeprilezitost.cz\\\/en\\\/investicni-zlato\\\/#primaryimage\"},\"image\":{\"@id\":\"https:\\\/\\\/mojeprilezitost.cz\\\/en\\\/investicni-zlato\\\/#primaryimage\"},\"thumbnailUrl\":\"https:\\\/\\\/mojeprilezitost.cz\\\/wp-content\\\/uploads\\\/2025\\\/04\\\/kovy.png\",\"datePublished\":\"2025-04-07T20:56:59+00:00\",\"dateModified\":\"2025-04-23T21:08:39+00:00\",\"breadcrumb\":{\"@id\":\"https:\\\/\\\/mojeprilezitost.cz\\\/en\\\/investicni-zlato\\\/#breadcrumb\"},\"inLanguage\":\"en-US\",\"potentialAction\":[{\"@type\":\"ReadAction\",\"target\":[\"https:\\\/\\\/mojeprilezitost.cz\\\/en\\\/investicni-zlato\\\/\"]}]},{\"@type\":\"ImageObject\",\"inLanguage\":\"en-US\",\"@id\":\"https:\\\/\\\/mojeprilezitost.cz\\\/en\\\/investicni-zlato\\\/#primaryimage\",\"url\":\"https:\\\/\\\/mojeprilezitost.cz\\\/wp-content\\\/uploads\\\/2025\\\/04\\\/kovy.png\",\"contentUrl\":\"https:\\\/\\\/mojeprilezitost.cz\\\/wp-content\\\/uploads\\\/2025\\\/04\\\/kovy.png\",\"width\":1629,\"height\":1080},{\"@type\":\"BreadcrumbList\",\"@id\":\"https:\\\/\\\/mojeprilezitost.cz\\\/en\\\/investicni-zlato\\\/#breadcrumb\",\"itemListElement\":[{\"@type\":\"ListItem\",\"position\":1,\"name\":\"Home\",\"item\":\"https:\\\/\\\/mojeprilezitost.cz\\\/\"},{\"@type\":\"ListItem\",\"position\":2,\"name\":\"Investi\u010dn\u00ed zlato\"}]},{\"@type\":\"WebSite\",\"@id\":\"https:\\\/\\\/mojeprilezitost.cz\\\/en\\\/#website\",\"url\":\"https:\\\/\\\/mojeprilezitost.cz\\\/en\\\/\",\"name\":\"Moje p\u0159\u00edle\u017eitost CZ s.r.o.\",\"description\":\"Co je doma, to se po\u010d\u00edt\u00e1\",\"publisher\":{\"@id\":\"https:\\\/\\\/mojeprilezitost.cz\\\/en\\\/#organization\"},\"potentialAction\":[{\"@type\":\"SearchAction\",\"target\":{\"@type\":\"EntryPoint\",\"urlTemplate\":\"https:\\\/\\\/mojeprilezitost.cz\\\/en\\\/?s={search_term_string}\"},\"query-input\":{\"@type\":\"PropertyValueSpecification\",\"valueRequired\":true,\"valueName\":\"search_term_string\"}}],\"inLanguage\":\"en-US\"},{\"@type\":\"Organization\",\"@id\":\"https:\\\/\\\/mojeprilezitost.cz\\\/en\\\/#organization\",\"name\":\"Moje p\u0159\u00edle\u017eitost CZ s.r.o.\",\"url\":\"https:\\\/\\\/mojeprilezitost.cz\\\/en\\\/\",\"logo\":{\"@type\":\"ImageObject\",\"inLanguage\":\"en-US\",\"@id\":\"https:\\\/\\\/mojeprilezitost.cz\\\/en\\\/#\\\/schema\\\/logo\\\/image\\\/\",\"url\":\"https:\\\/\\\/mojeprilezitost.cz\\\/wp-content\\\/uploads\\\/2022\\\/01\\\/Jiri-Ovsik-predni.png\",\"contentUrl\":\"https:\\\/\\\/mojeprilezitost.cz\\\/wp-content\\\/uploads\\\/2022\\\/01\\\/Jiri-Ovsik-predni.png\",\"width\":500,\"height\":500,\"caption\":\"Moje p\u0159\u00edle\u017eitost CZ s.r.o.\"},\"image\":{\"@id\":\"https:\\\/\\\/mojeprilezitost.cz\\\/en\\\/#\\\/schema\\\/logo\\\/image\\\/\"}}]}<\/script>\n<!-- \/ Yoast SEO Premium plugin. -->","yoast_head_json":{"title":"Investi\u010dn\u00ed zlato - Moje p\u0159\u00edle\u017eitost CZ s.r.o.","robots":{"index":"index","follow":"follow","max-snippet":"max-snippet:-1","max-image-preview":"max-image-preview:large","max-video-preview":"max-video-preview:-1"},"canonical":"https:\/\/mojeprilezitost.cz\/en\/investicni-zlato\/","og_locale":"en_US","og_type":"article","og_title":"Investi\u010dn\u00ed zlato","og_description":"Drah\u00e9 kovy Investi\u010dn\u00ed zlato Zlato bylo v\u017edy jednou\u00a0z nejbezpe\u010dn\u011bj\u0161\u00edch investic\u00a0a nej\u010dast\u011bj\u0161\u00edm n\u00e1strojem placen\u00ed historie lidstva.&hellip;","og_url":"https:\/\/mojeprilezitost.cz\/en\/investicni-zlato\/","og_site_name":"Moje p\u0159\u00edle\u017eitost CZ s.r.o.","article_modified_time":"2025-04-23T21:08:39+00:00","og_image":[{"width":1629,"height":1080,"url":"https:\/\/mojeprilezitost.cz\/wp-content\/uploads\/2025\/04\/kovy.png","type":"image\/png"}],"twitter_card":"summary_large_image","twitter_misc":{"Est. reading time":"2 minutes"},"schema":{"@context":"https:\/\/schema.org","@graph":[{"@type":"WebPage","@id":"https:\/\/mojeprilezitost.cz\/en\/investicni-zlato\/","url":"https:\/\/mojeprilezitost.cz\/en\/investicni-zlato\/","name":"Investi\u010dn\u00ed zlato - Moje p\u0159\u00edle\u017eitost CZ s.r.o.","isPartOf":{"@id":"https:\/\/mojeprilezitost.cz\/en\/#website"},"primaryImageOfPage":{"@id":"https:\/\/mojeprilezitost.cz\/en\/investicni-zlato\/#primaryimage"},"image":{"@id":"https:\/\/mojeprilezitost.cz\/en\/investicni-zlato\/#primaryimage"},"thumbnailUrl":"https:\/\/mojeprilezitost.cz\/wp-content\/uploads\/2025\/04\/kovy.png","datePublished":"2025-04-07T20:56:59+00:00","dateModified":"2025-04-23T21:08:39+00:00","breadcrumb":{"@id":"https:\/\/mojeprilezitost.cz\/en\/investicni-zlato\/#breadcrumb"},"inLanguage":"en-US","potentialAction":[{"@type":"ReadAction","target":["https:\/\/mojeprilezitost.cz\/en\/investicni-zlato\/"]}]},{"@type":"ImageObject","inLanguage":"en-US","@id":"https:\/\/mojeprilezitost.cz\/en\/investicni-zlato\/#primaryimage","url":"https:\/\/mojeprilezitost.cz\/wp-content\/uploads\/2025\/04\/kovy.png","contentUrl":"https:\/\/mojeprilezitost.cz\/wp-content\/uploads\/2025\/04\/kovy.png","width":1629,"height":1080},{"@type":"BreadcrumbList","@id":"https:\/\/mojeprilezitost.cz\/en\/investicni-zlato\/#breadcrumb","itemListElement":[{"@type":"ListItem","position":1,"name":"Home","item":"https:\/\/mojeprilezitost.cz\/"},{"@type":"ListItem","position":2,"name":"Investi\u010dn\u00ed zlato"}]},{"@type":"WebSite","@id":"https:\/\/mojeprilezitost.cz\/en\/#website","url":"https:\/\/mojeprilezitost.cz\/en\/","name":"Moje p\u0159\u00edle\u017eitost CZ s.r.o.","description":"Co je doma, to se po\u010d\u00edt\u00e1","publisher":{"@id":"https:\/\/mojeprilezitost.cz\/en\/#organization"},"potentialAction":[{"@type":"SearchAction","target":{"@type":"EntryPoint","urlTemplate":"https:\/\/mojeprilezitost.cz\/en\/?s={search_term_string}"},"query-input":{"@type":"PropertyValueSpecification","valueRequired":true,"valueName":"search_term_string"}}],"inLanguage":"en-US"},{"@type":"Organization","@id":"https:\/\/mojeprilezitost.cz\/en\/#organization","name":"Moje p\u0159\u00edle\u017eitost CZ s.r.o.","url":"https:\/\/mojeprilezitost.cz\/en\/","logo":{"@type":"ImageObject","inLanguage":"en-US","@id":"https:\/\/mojeprilezitost.cz\/en\/#\/schema\/logo\/image\/","url":"https:\/\/mojeprilezitost.cz\/wp-content\/uploads\/2022\/01\/Jiri-Ovsik-predni.png","contentUrl":"https:\/\/mojeprilezitost.cz\/wp-content\/uploads\/2022\/01\/Jiri-Ovsik-predni.png","width":500,"height":500,"caption":"Moje p\u0159\u00edle\u017eitost CZ s.r.o."},"image":{"@id":"https:\/\/mojeprilezitost.cz\/en\/#\/schema\/logo\/image\/"}}]}},"_links":{"self":[{"href":"https:\/\/mojeprilezitost.cz\/en\/wp-json\/wp\/v2\/pages\/23967","targetHints":{"allow":["GET"]}}],"collection":[{"href":"https:\/\/mojeprilezitost.cz\/en\/wp-json\/wp\/v2\/pages"}],"about":[{"href":"https:\/\/mojeprilezitost.cz\/en\/wp-json\/wp\/v2\/types\/page"}],"author":[{"embeddable":true,"href":"https:\/\/mojeprilezitost.cz\/en\/wp-json\/wp\/v2\/users\/1"}],"replies":[{"embeddable":true,"href":"https:\/\/mojeprilezitost.cz\/en\/wp-json\/wp\/v2\/comments?post=23967"}],"version-history":[{"count":14,"href":"https:\/\/mojeprilezitost.cz\/en\/wp-json\/wp\/v2\/pages\/23967\/revisions"}],"predecessor-version":[{"id":24439,"href":"https:\/\/mojeprilezitost.cz\/en\/wp-json\/wp\/v2\/pages\/23967\/revisions\/24439"}],"wp:featuredmedia":[{"embeddable":true,"href":"https:\/\/mojeprilezitost.cz\/en\/wp-json\/wp\/v2\/media\/24118"}],"wp:attachment":[{"href":"https:\/\/mojeprilezitost.cz\/en\/wp-json\/wp\/v2\/media?parent=23967"}],"curies":[{"name":"wp","href":"https:\/\/api.w.org\/{rel}","templated":true}]}}