{"id":23871,"date":"2025-04-07T19:47:24","date_gmt":"2025-04-07T19:47:24","guid":{"rendered":"https:\/\/mojeprilezitost.cz\/?page_id=23871"},"modified":"2025-04-07T20:38:48","modified_gmt":"2025-04-07T20:38:48","slug":"podnikatele-firmy","status":"publish","type":"page","link":"https:\/\/mojeprilezitost.cz\/en\/podnikatele-firmy\/","title":{"rendered":"Podnikatel\u00e9 \/ firmy"},"content":{"rendered":"<div data-elementor-type=\"wp-page\" data-elementor-id=\"23871\" class=\"elementor elementor-23871\" data-elementor-post-type=\"page\">\n\t\t\t\t\t\t<section class=\"elementor-section elementor-top-section elementor-element elementor-element-91dcd2c elementor-section-boxed elementor-section-height-default elementor-section-height-default sc_fly_static\" data-id=\"91dcd2c\" data-element_type=\"section\" data-e-type=\"section\">\n\t\t\t\t\t\t<div class=\"elementor-container elementor-column-gap-extended\">\n\t\t\t\t\t<div class=\"elementor-column elementor-col-100 elementor-top-column elementor-element elementor-element-001837f sc_content_align_inherit sc_layouts_column_icons_position_left sc_fly_static\" data-id=\"001837f\" data-element_type=\"column\" data-e-type=\"column\">\n\t\t\t<div class=\"elementor-widget-wrap elementor-element-populated\">\n\t\t\t\t\t\t<div class=\"elementor-element elementor-element-e5f9e7e sc_height_huge sc_fly_static elementor-widget elementor-widget-spacer\" data-id=\"e5f9e7e\" data-element_type=\"widget\" data-e-type=\"widget\" data-widget_type=\"spacer.default\">\n\t\t\t\t<div class=\"elementor-widget-container\">\n\t\t\t\t\t\t\t<div class=\"elementor-spacer\">\n\t\t\t<div class=\"elementor-spacer-inner\"><\/div>\n\t\t<\/div>\n\t\t\t\t\t\t<\/div>\n\t\t\t\t<\/div>\n\t\t\t\t\t<\/div>\n\t\t<\/div>\n\t\t\t\t\t<\/div>\n\t\t<\/section>\n\t\t\t\t<section class=\"elementor-section elementor-top-section elementor-element elementor-element-5a542c6 elementor-section-boxed elementor-section-height-default elementor-section-height-default sc_fly_static\" data-id=\"5a542c6\" data-element_type=\"section\" data-e-type=\"section\" id=\"firmy\">\n\t\t\t\t\t\t<div class=\"elementor-container elementor-column-gap-extended\">\n\t\t\t\t\t<div class=\"elementor-column elementor-col-100 elementor-top-column elementor-element elementor-element-c304067 sc_content_align_inherit sc_layouts_column_icons_position_left sc_fly_static\" data-id=\"c304067\" data-element_type=\"column\" data-e-type=\"column\" data-settings=\"{&quot;background_background&quot;:&quot;classic&quot;}\">\n\t\t\t<div class=\"elementor-widget-wrap elementor-element-populated\">\n\t\t\t\t\t\t<section class=\"elementor-section elementor-inner-section elementor-element elementor-element-b24827e elementor-section-boxed elementor-section-height-default elementor-section-height-default sc_fly_static\" data-id=\"b24827e\" data-element_type=\"section\" data-e-type=\"section\">\n\t\t\t\t\t\t<div class=\"elementor-container elementor-column-gap-extended\">\n\t\t\t\t\t<div class=\"elementor-column elementor-col-50 elementor-inner-column elementor-element elementor-element-02f3d26 sc_content_align_inherit sc_layouts_column_icons_position_left sc_fly_static\" data-id=\"02f3d26\" data-element_type=\"column\" data-e-type=\"column\">\n\t\t\t<div class=\"elementor-widget-wrap elementor-element-populated\">\n\t\t\t\t\t\t<div class=\"elementor-element elementor-element-f481cc8 sc_fly_static elementor-widget elementor-widget-text-editor\" data-id=\"f481cc8\" data-element_type=\"widget\" data-e-type=\"widget\" data-widget_type=\"text-editor.default\">\n\t\t\t\t<div class=\"elementor-widget-container\">\n\t\t\t\t\t\t\t\t\t<h4><strong>Podnikatel\u00e9 \/ firmy<\/strong><\/h4><ul><li>Poradenstv\u00ed v\u00a0oblasti komodit pro podnikatele a spole\u010dnosti.<\/li><li>Optimalizace dan\u00ed v\u00a0oblasti n\u00e1kupu komodit do firmy.<\/li><li>Poradenstv\u00ed v\u00a0oblasti benefit\u016f a motiva\u010dn\u00edch program\u016f pro zam\u011bstnance.<\/li><li>Zprost\u0159edkov\u00e1n\u00ed n\u00e1kupu komodit (drah\u00e9 kovy a investi\u010dn\u00ed drahokamy) pro zam\u011bstnance.\u00a0<\/li><li>Zprost\u0159edkov\u00e1n\u00ed n\u00e1kupu komodit pro majitel\u00e9 firem a majetku firmy.<\/li><li>P\u0159iprav\u00edme v\u00e1m strategii pro V\u00e1s ale i pro Va\u0161e zam\u011bstnance, jak ochr\u00e1nit sv\u016fj majetek.<\/li><\/ul>\t\t\t\t\t\t\t\t<\/div>\n\t\t\t\t<\/div>\n\t\t\t\t<div class=\"elementor-element elementor-element-1cf053c sc_fly_static elementor-widget elementor-widget-spacer\" data-id=\"1cf053c\" data-element_type=\"widget\" data-e-type=\"widget\" data-widget_type=\"spacer.default\">\n\t\t\t\t<div class=\"elementor-widget-container\">\n\t\t\t\t\t\t\t<div class=\"elementor-spacer\">\n\t\t\t<div class=\"elementor-spacer-inner\"><\/div>\n\t\t<\/div>\n\t\t\t\t\t\t<\/div>\n\t\t\t\t<\/div>\n\t\t\t\t<div class=\"elementor-element elementor-element-b2a8abd sc_fly_static elementor-widget elementor-widget-spacer\" data-id=\"b2a8abd\" data-element_type=\"widget\" data-e-type=\"widget\" data-widget_type=\"spacer.default\">\n\t\t\t\t<div class=\"elementor-widget-container\">\n\t\t\t\t\t\t\t<div class=\"elementor-spacer\">\n\t\t\t<div class=\"elementor-spacer-inner\"><\/div>\n\t\t<\/div>\n\t\t\t\t\t\t<\/div>\n\t\t\t\t<\/div>\n\t\t\t\t\t<\/div>\n\t\t<\/div>\n\t\t\t\t<div class=\"elementor-column elementor-col-50 elementor-inner-column elementor-element elementor-element-f9ed484 sc_content_align_inherit sc_layouts_column_icons_position_left sc_fly_static\" data-id=\"f9ed484\" data-element_type=\"column\" data-e-type=\"column\">\n\t\t\t<div class=\"elementor-widget-wrap elementor-element-populated\">\n\t\t\t\t\t\t<div class=\"elementor-element elementor-element-85cf437 elementor-widget__width-initial sc_fly_static elementor-widget elementor-widget-image\" data-id=\"85cf437\" data-element_type=\"widget\" data-e-type=\"widget\" data-widget_type=\"image.default\">\n\t\t\t\t<div class=\"elementor-widget-container\">\n\t\t\t\t\t\t\t\t\t\t\t\t\t\t\t<img fetchpriority=\"high\" decoding=\"async\" width=\"1024\" height=\"686\" src=\"https:\/\/mojeprilezitost.cz\/wp-content\/uploads\/2025\/03\/WEB-obrazky-3-e1742853616214-1024x686.png\" class=\"attachment-large size-large wp-image-23372\" alt=\"\" srcset=\"https:\/\/mojeprilezitost.cz\/wp-content\/uploads\/2025\/03\/WEB-obrazky-3-e1742853616214-1024x686.png 1024w, https:\/\/mojeprilezitost.cz\/wp-content\/uploads\/2025\/03\/WEB-obrazky-3-e1742853616214-300x201.png 300w, https:\/\/mojeprilezitost.cz\/wp-content\/uploads\/2025\/03\/WEB-obrazky-3-e1742853616214-768x515.png 768w, https:\/\/mojeprilezitost.cz\/wp-content\/uploads\/2025\/03\/WEB-obrazky-3-e1742853616214-18x12.png 18w, https:\/\/mojeprilezitost.cz\/wp-content\/uploads\/2025\/03\/WEB-obrazky-3-e1742853616214-370x248.png 370w, https:\/\/mojeprilezitost.cz\/wp-content\/uploads\/2025\/03\/WEB-obrazky-3-e1742853616214-840x563.png 840w, https:\/\/mojeprilezitost.cz\/wp-content\/uploads\/2025\/03\/WEB-obrazky-3-e1742853616214-410x275.png 410w, https:\/\/mojeprilezitost.cz\/wp-content\/uploads\/2025\/03\/WEB-obrazky-3-e1742853616214.png 1283w\" sizes=\"(max-width: 1024px) 100vw, 1024px\" \/>\t\t\t\t\t\t\t\t\t\t\t\t\t\t\t<\/div>\n\t\t\t\t<\/div>\n\t\t\t\t\t<\/div>\n\t\t<\/div>\n\t\t\t\t\t<\/div>\n\t\t<\/section>\n\t\t\t\t\t<\/div>\n\t\t<\/div>\n\t\t\t\t\t<\/div>\n\t\t<\/section>\n\t\t\t\t<section class=\"elementor-section elementor-top-section elementor-element elementor-element-add0558 scheme_light elementor-section-boxed elementor-section-height-default elementor-section-height-default sc_fly_static\" data-id=\"add0558\" data-element_type=\"section\" data-e-type=\"section\" data-settings=\"{&quot;background_background&quot;:&quot;classic&quot;}\">\n\t\t\t\t\t\t<div class=\"elementor-container elementor-column-gap-extended\">\n\t\t\t\t\t<div class=\"elementor-column elementor-col-50 elementor-top-column elementor-element elementor-element-087182b sc_content_align_inherit sc_layouts_column_icons_position_left sc_fly_static\" data-id=\"087182b\" data-element_type=\"column\" data-e-type=\"column\">\n\t\t\t<div class=\"elementor-widget-wrap elementor-element-populated\">\n\t\t\t\t\t\t<div class=\"elementor-element elementor-element-1d47019 sc_height_small sc_fly_static elementor-widget elementor-widget-spacer\" data-id=\"1d47019\" data-element_type=\"widget\" data-e-type=\"widget\" data-widget_type=\"spacer.default\">\n\t\t\t\t<div class=\"elementor-widget-container\">\n\t\t\t\t\t\t\t<div class=\"elementor-spacer\">\n\t\t\t<div class=\"elementor-spacer-inner\"><\/div>\n\t\t<\/div>\n\t\t\t\t\t\t<\/div>\n\t\t\t\t<\/div>\n\t\t\t\t<div class=\"elementor-element elementor-element-9d3edb7 sc_fly_static elementor-widget elementor-widget-text-editor\" data-id=\"9d3edb7\" data-element_type=\"widget\" data-e-type=\"widget\" data-widget_type=\"text-editor.default\">\n\t\t\t\t<div class=\"elementor-widget-container\">\n\t\t\t\t\t\t\t\t\t<p><strong>Jak to funguje?<\/strong><\/p><ol><li>Kontaktujete n\u00e1s, telefonicky, emailem, nebo formul\u00e1\u0159em na webu.<\/li><li>Potk\u00e1me se osobn\u011b a probereme Va\u0161e pot\u0159eby a\u0165 u\u017e investice spole\u010dnosti nebo programy zam\u011bstnaneck\u00fdch benefit\u016f.<\/li><li>P\u0159edstav\u00edme individu\u00e1ln\u00ed investi\u010dn\u00ed pl\u00e1n pro firmu.<\/li><li>P\u0159edstav\u00edme individu\u00e1ln\u00ed programy benefit\u016f pro zam\u011bstnance<\/li><li>Sjedn\u00e1me n\u00e1kup a fyzick\u00e9 p\u0159ed\u00e1n\u00ed vybran\u00fdch komodit na pobo\u010dce.<\/li><\/ol>\t\t\t\t\t\t\t\t<\/div>\n\t\t\t\t<\/div>\n\t\t\t\t<div class=\"elementor-element elementor-element-2ac87ea sc_fly_static elementor-widget elementor-widget-spacer\" data-id=\"2ac87ea\" data-element_type=\"widget\" data-e-type=\"widget\" data-widget_type=\"spacer.default\">\n\t\t\t\t<div class=\"elementor-widget-container\">\n\t\t\t\t\t\t\t<div class=\"elementor-spacer\">\n\t\t\t<div class=\"elementor-spacer-inner\"><\/div>\n\t\t<\/div>\n\t\t\t\t\t\t<\/div>\n\t\t\t\t<\/div>\n\t\t\t\t<div class=\"elementor-element elementor-element-e97703c sc_height_medium sc_fly_static elementor-widget elementor-widget-spacer\" data-id=\"e97703c\" data-element_type=\"widget\" data-e-type=\"widget\" data-widget_type=\"spacer.default\">\n\t\t\t\t<div class=\"elementor-widget-container\">\n\t\t\t\t\t\t\t<div class=\"elementor-spacer\">\n\t\t\t<div class=\"elementor-spacer-inner\"><\/div>\n\t\t<\/div>\n\t\t\t\t\t\t<\/div>\n\t\t\t\t<\/div>\n\t\t\t\t\t<\/div>\n\t\t<\/div>\n\t\t\t\t<div class=\"elementor-column elementor-col-50 elementor-top-column elementor-element elementor-element-88a46ed sc_content_align_inherit sc_layouts_column_icons_position_left sc_fly_static\" data-id=\"88a46ed\" data-element_type=\"column\" data-e-type=\"column\">\n\t\t\t<div class=\"elementor-widget-wrap elementor-element-populated\">\n\t\t\t\t\t\t<div class=\"elementor-element elementor-element-b878045 sc_fly_static elementor-widget elementor-widget-spacer\" data-id=\"b878045\" data-element_type=\"widget\" data-e-type=\"widget\" data-widget_type=\"spacer.default\">\n\t\t\t\t<div class=\"elementor-widget-container\">\n\t\t\t\t\t\t\t<div class=\"elementor-spacer\">\n\t\t\t<div class=\"elementor-spacer-inner\"><\/div>\n\t\t<\/div>\n\t\t\t\t\t\t<\/div>\n\t\t\t\t<\/div>\n\t\t\t\t<div class=\"elementor-element elementor-element-143b3bf sc_height_tiny sc_fly_static elementor-widget elementor-widget-spacer\" data-id=\"143b3bf\" data-element_type=\"widget\" data-e-type=\"widget\" data-widget_type=\"spacer.default\">\n\t\t\t\t<div class=\"elementor-widget-container\">\n\t\t\t\t\t\t\t<div class=\"elementor-spacer\">\n\t\t\t<div class=\"elementor-spacer-inner\"><\/div>\n\t\t<\/div>\n\t\t\t\t\t\t<\/div>\n\t\t\t\t<\/div>\n\t\t\t\t<div class=\"elementor-element elementor-element-3f53811 sc_fly_static elementor-widget elementor-widget-trx_sc_button\" data-id=\"3f53811\" data-element_type=\"widget\" data-e-type=\"widget\" data-widget_type=\"trx_sc_button.default\">\n\t\t\t\t<div class=\"elementor-widget-container\">\n\t\t\t\t\t<div\tclass=\"sc_item_button sc_button_wrap sc_align_center\" ><a href=\"https:\/\/mojeprilezitost.cz\/en\/kontakt\/\" class=\"sc_button sc_button_default sc_button_size_large sc_button_icon_left\" ><span class=\"sc_button_text\"><span class=\"sc_button_title\">Konzultace<\/span><\/span><\/a><\/div>\t\t\t\t<\/div>\n\t\t\t\t<\/div>\n\t\t\t\t<div class=\"elementor-element elementor-element-1ec5fd1 sc_height_medium sc_fly_static elementor-widget elementor-widget-spacer\" data-id=\"1ec5fd1\" data-element_type=\"widget\" data-e-type=\"widget\" data-widget_type=\"spacer.default\">\n\t\t\t\t<div class=\"elementor-widget-container\">\n\t\t\t\t\t\t\t<div class=\"elementor-spacer\">\n\t\t\t<div class=\"elementor-spacer-inner\"><\/div>\n\t\t<\/div>\n\t\t\t\t\t\t<\/div>\n\t\t\t\t<\/div>\n\t\t\t\t<div class=\"elementor-element elementor-element-6bfc2d2 sc_height_tiny sc_fly_static elementor-widget elementor-widget-spacer\" data-id=\"6bfc2d2\" data-element_type=\"widget\" data-e-type=\"widget\" data-widget_type=\"spacer.default\">\n\t\t\t\t<div class=\"elementor-widget-container\">\n\t\t\t\t\t\t\t<div class=\"elementor-spacer\">\n\t\t\t<div class=\"elementor-spacer-inner\"><\/div>\n\t\t<\/div>\n\t\t\t\t\t\t<\/div>\n\t\t\t\t<\/div>\n\t\t\t\t\t<\/div>\n\t\t<\/div>\n\t\t\t\t\t<\/div>\n\t\t<\/section>\n\t\t\t\t<section class=\"elementor-section elementor-top-section elementor-element elementor-element-659b5b4 elementor-section-boxed elementor-section-height-default elementor-section-height-default sc_fly_static\" data-id=\"659b5b4\" data-element_type=\"section\" data-e-type=\"section\" data-settings=\"{&quot;background_background&quot;:&quot;classic&quot;}\">\n\t\t\t\t\t\t<div class=\"elementor-container elementor-column-gap-extended\">\n\t\t\t\t\t<div class=\"elementor-column elementor-col-100 elementor-top-column elementor-element elementor-element-b9fa047 sc_content_align_inherit sc_layouts_column_icons_position_left sc_fly_static\" data-id=\"b9fa047\" data-element_type=\"column\" data-e-type=\"column\">\n\t\t\t<div class=\"elementor-widget-wrap elementor-element-populated\">\n\t\t\t\t\t\t<div class=\"elementor-element elementor-element-11ed919 sc_height_small sc_fly_static elementor-widget elementor-widget-spacer\" data-id=\"11ed919\" data-element_type=\"widget\" data-e-type=\"widget\" data-widget_type=\"spacer.default\">\n\t\t\t\t<div class=\"elementor-widget-container\">\n\t\t\t\t\t\t\t<div class=\"elementor-spacer\">\n\t\t\t<div class=\"elementor-spacer-inner\"><\/div>\n\t\t<\/div>\n\t\t\t\t\t\t<\/div>\n\t\t\t\t<\/div>\n\t\t\t\t\t<\/div>\n\t\t<\/div>\n\t\t\t\t\t<\/div>\n\t\t<\/section>\n\t\t\t\t<\/div>","protected":false},"excerpt":{"rendered":"<p>Podnikatel\u00e9 \/ firmy Poradenstv\u00ed v\u00a0oblasti komodit pro podnikatele a spole\u010dnosti. Optimalizace dan\u00ed v\u00a0oblasti n\u00e1kupu komodit&hellip;<\/p>","protected":false},"author":1,"featured_media":23726,"parent":0,"menu_order":0,"comment_status":"closed","ping_status":"closed","template":"","meta":{"footnotes":""},"class_list":["post-23871","page","type-page","status-publish","has-post-thumbnail","hentry"],"yoast_head":"<!-- This site is optimized with the Yoast SEO Premium plugin v20.11 (Yoast SEO v27.4) - https:\/\/yoast.com\/product\/yoast-seo-premium-wordpress\/ -->\n<title>Podnikatel\u00e9 \/ firmy - Moje p\u0159\u00edle\u017eitost CZ s.r.o.<\/title>\n<meta name=\"robots\" content=\"index, follow, max-snippet:-1, max-image-preview:large, max-video-preview:-1\" \/>\n<link rel=\"canonical\" href=\"https:\/\/mojeprilezitost.cz\/en\/podnikatele-firmy\/\" \/>\n<meta property=\"og:locale\" content=\"en_US\" \/>\n<meta property=\"og:type\" content=\"article\" \/>\n<meta property=\"og:title\" content=\"Podnikatel\u00e9 \/ firmy\" \/>\n<meta property=\"og:description\" content=\"Podnikatel\u00e9 \/ firmy Poradenstv\u00ed v\u00a0oblasti komodit pro podnikatele a spole\u010dnosti. Optimalizace dan\u00ed v\u00a0oblasti n\u00e1kupu komodit&hellip;\" \/>\n<meta property=\"og:url\" content=\"https:\/\/mojeprilezitost.cz\/en\/podnikatele-firmy\/\" \/>\n<meta property=\"og:site_name\" content=\"Moje p\u0159\u00edle\u017eitost CZ s.r.o.\" \/>\n<meta property=\"article:modified_time\" content=\"2025-04-07T20:38:48+00:00\" \/>\n<meta property=\"og:image\" content=\"https:\/\/mojeprilezitost.cz\/wp-content\/uploads\/2024\/10\/3.png\" \/>\n\t<meta property=\"og:image:width\" content=\"1024\" \/>\n\t<meta property=\"og:image:height\" content=\"686\" \/>\n\t<meta property=\"og:image:type\" content=\"image\/png\" \/>\n<meta name=\"twitter:card\" content=\"summary_large_image\" \/>\n<meta name=\"twitter:label1\" content=\"Est. reading time\" \/>\n\t<meta name=\"twitter:data1\" content=\"1 minute\" \/>\n<script type=\"application\/ld+json\" class=\"yoast-schema-graph\">{\"@context\":\"https:\\\/\\\/schema.org\",\"@graph\":[{\"@type\":\"WebPage\",\"@id\":\"https:\\\/\\\/mojeprilezitost.cz\\\/en\\\/podnikatele-firmy\\\/\",\"url\":\"https:\\\/\\\/mojeprilezitost.cz\\\/en\\\/podnikatele-firmy\\\/\",\"name\":\"Podnikatel\u00e9 \\\/ firmy - Moje p\u0159\u00edle\u017eitost CZ s.r.o.\",\"isPartOf\":{\"@id\":\"https:\\\/\\\/mojeprilezitost.cz\\\/en\\\/#website\"},\"primaryImageOfPage\":{\"@id\":\"https:\\\/\\\/mojeprilezitost.cz\\\/en\\\/podnikatele-firmy\\\/#primaryimage\"},\"image\":{\"@id\":\"https:\\\/\\\/mojeprilezitost.cz\\\/en\\\/podnikatele-firmy\\\/#primaryimage\"},\"thumbnailUrl\":\"https:\\\/\\\/mojeprilezitost.cz\\\/wp-content\\\/uploads\\\/2024\\\/10\\\/3.png\",\"datePublished\":\"2025-04-07T19:47:24+00:00\",\"dateModified\":\"2025-04-07T20:38:48+00:00\",\"breadcrumb\":{\"@id\":\"https:\\\/\\\/mojeprilezitost.cz\\\/en\\\/podnikatele-firmy\\\/#breadcrumb\"},\"inLanguage\":\"en-US\",\"potentialAction\":[{\"@type\":\"ReadAction\",\"target\":[\"https:\\\/\\\/mojeprilezitost.cz\\\/en\\\/podnikatele-firmy\\\/\"]}]},{\"@type\":\"ImageObject\",\"inLanguage\":\"en-US\",\"@id\":\"https:\\\/\\\/mojeprilezitost.cz\\\/en\\\/podnikatele-firmy\\\/#primaryimage\",\"url\":\"https:\\\/\\\/mojeprilezitost.cz\\\/wp-content\\\/uploads\\\/2024\\\/10\\\/3.png\",\"contentUrl\":\"https:\\\/\\\/mojeprilezitost.cz\\\/wp-content\\\/uploads\\\/2024\\\/10\\\/3.png\",\"width\":1024,\"height\":686},{\"@type\":\"BreadcrumbList\",\"@id\":\"https:\\\/\\\/mojeprilezitost.cz\\\/en\\\/podnikatele-firmy\\\/#breadcrumb\",\"itemListElement\":[{\"@type\":\"ListItem\",\"position\":1,\"name\":\"Home\",\"item\":\"https:\\\/\\\/mojeprilezitost.cz\\\/\"},{\"@type\":\"ListItem\",\"position\":2,\"name\":\"Podnikatel\u00e9 \\\/ firmy\"}]},{\"@type\":\"WebSite\",\"@id\":\"https:\\\/\\\/mojeprilezitost.cz\\\/en\\\/#website\",\"url\":\"https:\\\/\\\/mojeprilezitost.cz\\\/en\\\/\",\"name\":\"Moje p\u0159\u00edle\u017eitost CZ s.r.o.\",\"description\":\"Co je doma, to se po\u010d\u00edt\u00e1\",\"publisher\":{\"@id\":\"https:\\\/\\\/mojeprilezitost.cz\\\/en\\\/#organization\"},\"potentialAction\":[{\"@type\":\"SearchAction\",\"target\":{\"@type\":\"EntryPoint\",\"urlTemplate\":\"https:\\\/\\\/mojeprilezitost.cz\\\/en\\\/?s={search_term_string}\"},\"query-input\":{\"@type\":\"PropertyValueSpecification\",\"valueRequired\":true,\"valueName\":\"search_term_string\"}}],\"inLanguage\":\"en-US\"},{\"@type\":\"Organization\",\"@id\":\"https:\\\/\\\/mojeprilezitost.cz\\\/en\\\/#organization\",\"name\":\"Moje p\u0159\u00edle\u017eitost CZ s.r.o.\",\"url\":\"https:\\\/\\\/mojeprilezitost.cz\\\/en\\\/\",\"logo\":{\"@type\":\"ImageObject\",\"inLanguage\":\"en-US\",\"@id\":\"https:\\\/\\\/mojeprilezitost.cz\\\/en\\\/#\\\/schema\\\/logo\\\/image\\\/\",\"url\":\"https:\\\/\\\/mojeprilezitost.cz\\\/wp-content\\\/uploads\\\/2022\\\/01\\\/Jiri-Ovsik-predni.png\",\"contentUrl\":\"https:\\\/\\\/mojeprilezitost.cz\\\/wp-content\\\/uploads\\\/2022\\\/01\\\/Jiri-Ovsik-predni.png\",\"width\":500,\"height\":500,\"caption\":\"Moje p\u0159\u00edle\u017eitost CZ s.r.o.\"},\"image\":{\"@id\":\"https:\\\/\\\/mojeprilezitost.cz\\\/en\\\/#\\\/schema\\\/logo\\\/image\\\/\"}}]}<\/script>\n<!-- \/ Yoast SEO Premium plugin. -->","yoast_head_json":{"title":"Podnikatel\u00e9 \/ firmy - Moje p\u0159\u00edle\u017eitost CZ s.r.o.","robots":{"index":"index","follow":"follow","max-snippet":"max-snippet:-1","max-image-preview":"max-image-preview:large","max-video-preview":"max-video-preview:-1"},"canonical":"https:\/\/mojeprilezitost.cz\/en\/podnikatele-firmy\/","og_locale":"en_US","og_type":"article","og_title":"Podnikatel\u00e9 \/ firmy","og_description":"Podnikatel\u00e9 \/ firmy Poradenstv\u00ed v\u00a0oblasti komodit pro podnikatele a spole\u010dnosti. Optimalizace dan\u00ed v\u00a0oblasti n\u00e1kupu komodit&hellip;","og_url":"https:\/\/mojeprilezitost.cz\/en\/podnikatele-firmy\/","og_site_name":"Moje p\u0159\u00edle\u017eitost CZ s.r.o.","article_modified_time":"2025-04-07T20:38:48+00:00","og_image":[{"width":1024,"height":686,"url":"https:\/\/mojeprilezitost.cz\/wp-content\/uploads\/2024\/10\/3.png","type":"image\/png"}],"twitter_card":"summary_large_image","twitter_misc":{"Est. reading time":"1 minute"},"schema":{"@context":"https:\/\/schema.org","@graph":[{"@type":"WebPage","@id":"https:\/\/mojeprilezitost.cz\/en\/podnikatele-firmy\/","url":"https:\/\/mojeprilezitost.cz\/en\/podnikatele-firmy\/","name":"Podnikatel\u00e9 \/ firmy - Moje p\u0159\u00edle\u017eitost CZ s.r.o.","isPartOf":{"@id":"https:\/\/mojeprilezitost.cz\/en\/#website"},"primaryImageOfPage":{"@id":"https:\/\/mojeprilezitost.cz\/en\/podnikatele-firmy\/#primaryimage"},"image":{"@id":"https:\/\/mojeprilezitost.cz\/en\/podnikatele-firmy\/#primaryimage"},"thumbnailUrl":"https:\/\/mojeprilezitost.cz\/wp-content\/uploads\/2024\/10\/3.png","datePublished":"2025-04-07T19:47:24+00:00","dateModified":"2025-04-07T20:38:48+00:00","breadcrumb":{"@id":"https:\/\/mojeprilezitost.cz\/en\/podnikatele-firmy\/#breadcrumb"},"inLanguage":"en-US","potentialAction":[{"@type":"ReadAction","target":["https:\/\/mojeprilezitost.cz\/en\/podnikatele-firmy\/"]}]},{"@type":"ImageObject","inLanguage":"en-US","@id":"https:\/\/mojeprilezitost.cz\/en\/podnikatele-firmy\/#primaryimage","url":"https:\/\/mojeprilezitost.cz\/wp-content\/uploads\/2024\/10\/3.png","contentUrl":"https:\/\/mojeprilezitost.cz\/wp-content\/uploads\/2024\/10\/3.png","width":1024,"height":686},{"@type":"BreadcrumbList","@id":"https:\/\/mojeprilezitost.cz\/en\/podnikatele-firmy\/#breadcrumb","itemListElement":[{"@type":"ListItem","position":1,"name":"Home","item":"https:\/\/mojeprilezitost.cz\/"},{"@type":"ListItem","position":2,"name":"Podnikatel\u00e9 \/ firmy"}]},{"@type":"WebSite","@id":"https:\/\/mojeprilezitost.cz\/en\/#website","url":"https:\/\/mojeprilezitost.cz\/en\/","name":"Moje p\u0159\u00edle\u017eitost CZ s.r.o.","description":"Co je doma, to se po\u010d\u00edt\u00e1","publisher":{"@id":"https:\/\/mojeprilezitost.cz\/en\/#organization"},"potentialAction":[{"@type":"SearchAction","target":{"@type":"EntryPoint","urlTemplate":"https:\/\/mojeprilezitost.cz\/en\/?s={search_term_string}"},"query-input":{"@type":"PropertyValueSpecification","valueRequired":true,"valueName":"search_term_string"}}],"inLanguage":"en-US"},{"@type":"Organization","@id":"https:\/\/mojeprilezitost.cz\/en\/#organization","name":"Moje p\u0159\u00edle\u017eitost CZ s.r.o.","url":"https:\/\/mojeprilezitost.cz\/en\/","logo":{"@type":"ImageObject","inLanguage":"en-US","@id":"https:\/\/mojeprilezitost.cz\/en\/#\/schema\/logo\/image\/","url":"https:\/\/mojeprilezitost.cz\/wp-content\/uploads\/2022\/01\/Jiri-Ovsik-predni.png","contentUrl":"https:\/\/mojeprilezitost.cz\/wp-content\/uploads\/2022\/01\/Jiri-Ovsik-predni.png","width":500,"height":500,"caption":"Moje p\u0159\u00edle\u017eitost CZ s.r.o."},"image":{"@id":"https:\/\/mojeprilezitost.cz\/en\/#\/schema\/logo\/image\/"}}]}},"_links":{"self":[{"href":"https:\/\/mojeprilezitost.cz\/en\/wp-json\/wp\/v2\/pages\/23871","targetHints":{"allow":["GET"]}}],"collection":[{"href":"https:\/\/mojeprilezitost.cz\/en\/wp-json\/wp\/v2\/pages"}],"about":[{"href":"https:\/\/mojeprilezitost.cz\/en\/wp-json\/wp\/v2\/types\/page"}],"author":[{"embeddable":true,"href":"https:\/\/mojeprilezitost.cz\/en\/wp-json\/wp\/v2\/users\/1"}],"replies":[{"embeddable":true,"href":"https:\/\/mojeprilezitost.cz\/en\/wp-json\/wp\/v2\/comments?post=23871"}],"version-history":[{"count":16,"href":"https:\/\/mojeprilezitost.cz\/en\/wp-json\/wp\/v2\/pages\/23871\/revisions"}],"predecessor-version":[{"id":23945,"href":"https:\/\/mojeprilezitost.cz\/en\/wp-json\/wp\/v2\/pages\/23871\/revisions\/23945"}],"wp:featuredmedia":[{"embeddable":true,"href":"https:\/\/mojeprilezitost.cz\/en\/wp-json\/wp\/v2\/media\/23726"}],"wp:attachment":[{"href":"https:\/\/mojeprilezitost.cz\/en\/wp-json\/wp\/v2\/media?parent=23871"}],"curies":[{"name":"wp","href":"https:\/\/api.w.org\/{rel}","templated":true}]}}