{"id":23361,"date":"2025-03-24T21:44:45","date_gmt":"2025-03-24T21:44:45","guid":{"rendered":"https:\/\/mojeprilezitost.cz\/?page_id=23361"},"modified":"2025-04-07T22:06:40","modified_gmt":"2025-04-07T22:06:40","slug":"investicni-komodity","status":"publish","type":"page","link":"https:\/\/mojeprilezitost.cz\/en\/investicni-komodity\/","title":{"rendered":"Investi\u010dn\u00ed komodity"},"content":{"rendered":"<div data-elementor-type=\"wp-page\" data-elementor-id=\"23361\" class=\"elementor elementor-23361\" data-elementor-post-type=\"page\">\n\t\t\t\t\t\t<section class=\"elementor-section elementor-top-section elementor-element elementor-element-91dcd2c elementor-section-boxed elementor-section-height-default elementor-section-height-default sc_fly_static\" data-id=\"91dcd2c\" data-element_type=\"section\" data-e-type=\"section\">\n\t\t\t\t\t\t<div class=\"elementor-container elementor-column-gap-extended\">\n\t\t\t\t\t<div class=\"elementor-column elementor-col-100 elementor-top-column elementor-element elementor-element-001837f sc_content_align_inherit sc_layouts_column_icons_position_left sc_fly_static\" data-id=\"001837f\" data-element_type=\"column\" data-e-type=\"column\">\n\t\t\t<div class=\"elementor-widget-wrap elementor-element-populated\">\n\t\t\t\t\t\t<div class=\"elementor-element elementor-element-e5f9e7e sc_height_huge sc_fly_static elementor-widget elementor-widget-spacer\" data-id=\"e5f9e7e\" data-element_type=\"widget\" data-e-type=\"widget\" data-widget_type=\"spacer.default\">\n\t\t\t\t<div class=\"elementor-widget-container\">\n\t\t\t\t\t\t\t<div class=\"elementor-spacer\">\n\t\t\t<div class=\"elementor-spacer-inner\"><\/div>\n\t\t<\/div>\n\t\t\t\t\t\t<\/div>\n\t\t\t\t<\/div>\n\t\t\t\t\t<\/div>\n\t\t<\/div>\n\t\t\t\t\t<\/div>\n\t\t<\/section>\n\t\t\t\t<section class=\"elementor-section elementor-top-section elementor-element elementor-element-f6895e0 elementor-section-content-middle elementor-section-boxed elementor-section-height-default elementor-section-height-default sc_fly_static\" data-id=\"f6895e0\" data-element_type=\"section\" data-e-type=\"section\">\n\t\t\t\t\t\t<div class=\"elementor-container elementor-column-gap-extended\">\n\t\t\t\t\t<div class=\"elementor-column elementor-col-100 elementor-top-column elementor-element elementor-element-4ddefc2 sc_content_align_inherit sc_layouts_column_icons_position_left sc_fly_static\" data-id=\"4ddefc2\" data-element_type=\"column\" data-e-type=\"column\">\n\t\t\t<div class=\"elementor-widget-wrap elementor-element-populated\">\n\t\t\t\t\t\t<div class=\"elementor-element elementor-element-5f23ebc sc_fly_static elementor-widget elementor-widget-trx_sc_title\" data-id=\"5f23ebc\" data-element_type=\"widget\" data-e-type=\"widget\" data-widget_type=\"trx_sc_title.default\">\n\t\t\t\t<div class=\"elementor-widget-container\">\n\t\t\t\t\t<div\t\tclass=\"sc_title sc_title_default\" ><h1 class=\"sc_item_title sc_title_title sc_item_title_style_default sc_item_title_tag\"\n\t\t\t><span class=\"sc_item_title_text\">Investi\u010dn\u00ed komodity<\/span><\/h1><div class=\"sc_item_descr sc_title_descr\"><p>Obecn\u011b komodity jsou z\u00e1kladn\u00ed zbo\u017e\u00ed pou\u017e\u00edvan\u00e9 v mezin\u00e1rodn\u00edm obchod\u011b. Je to fyzick\u00e9 zbo\u017e\u00ed (m\u016f\u017ee b\u00fdt i pap\u00edrov\u00e9) a do komodit \u0159ad\u00edme <strong>energetick\u00e9 produkty<\/strong> (ropa, plyn, uhl\u00ed), <strong>pr\u016fmyslov\u00e9 a drah\u00e9 kovy<\/strong> (zlato, st\u0159\u00edbro, m\u011b\u010f, titan, hlin\u00edk), <strong>zem\u011bd\u011blsk\u00e9 produkty<\/strong> (p\u0161enice, kakao, k\u00e1va, kuku\u0159ice, s\u00f3ja) a <strong>hospod\u00e1\u0159sk\u00e9 produkty<\/strong> (zv\u00ed\u0159ata, maso a jin\u00e9). Komodity slou\u017e\u00ed ke strategick\u00e9 diverzifikaci investi\u010dn\u00edho portfolia. <\/p>\n<p> Na t\u00e9to str\u00e1nce se zab\u00fdv\u00e1m v\u00fdhradn\u011b drah\u00fdmi kovy a drah\u00fdmi kameny.<\/p>\n<\/div><\/div>\t\t\t\t<\/div>\n\t\t\t\t<\/div>\n\t\t\t\t<div class=\"elementor-element elementor-element-66f602e sc_fly_static elementor-widget elementor-widget-spacer\" data-id=\"66f602e\" data-element_type=\"widget\" data-e-type=\"widget\" data-widget_type=\"spacer.default\">\n\t\t\t\t<div class=\"elementor-widget-container\">\n\t\t\t\t\t\t\t<div class=\"elementor-spacer\">\n\t\t\t<div class=\"elementor-spacer-inner\"><\/div>\n\t\t<\/div>\n\t\t\t\t\t\t<\/div>\n\t\t\t\t<\/div>\n\t\t\t\t<div class=\"elementor-element elementor-element-b9a44b6 sc_fly_static elementor-widget elementor-widget-image\" data-id=\"b9a44b6\" data-element_type=\"widget\" data-e-type=\"widget\" data-widget_type=\"image.default\">\n\t\t\t\t<div class=\"elementor-widget-container\">\n\t\t\t\t\t\t\t\t\t\t\t\t\t\t\t<img fetchpriority=\"high\" decoding=\"async\" width=\"1024\" height=\"177\" src=\"https:\/\/mojeprilezitost.cz\/wp-content\/uploads\/2025\/03\/WEB-obrazky-5-1-1024x177.png\" class=\"attachment-large size-large wp-image-23635\" alt=\"\" srcset=\"https:\/\/mojeprilezitost.cz\/wp-content\/uploads\/2025\/03\/WEB-obrazky-5-1-1024x177.png 1024w, https:\/\/mojeprilezitost.cz\/wp-content\/uploads\/2025\/03\/WEB-obrazky-5-1-300x52.png 300w, https:\/\/mojeprilezitost.cz\/wp-content\/uploads\/2025\/03\/WEB-obrazky-5-1-768x133.png 768w, https:\/\/mojeprilezitost.cz\/wp-content\/uploads\/2025\/03\/WEB-obrazky-5-1-18x3.png 18w, https:\/\/mojeprilezitost.cz\/wp-content\/uploads\/2025\/03\/WEB-obrazky-5-1-370x64.png 370w, https:\/\/mojeprilezitost.cz\/wp-content\/uploads\/2025\/03\/WEB-obrazky-5-1-840x145.png 840w, https:\/\/mojeprilezitost.cz\/wp-content\/uploads\/2025\/03\/WEB-obrazky-5-1-410x71.png 410w, https:\/\/mojeprilezitost.cz\/wp-content\/uploads\/2025\/03\/WEB-obrazky-5-1.png 1366w\" sizes=\"(max-width: 1024px) 100vw, 1024px\" \/>\t\t\t\t\t\t\t\t\t\t\t\t\t\t\t<\/div>\n\t\t\t\t<\/div>\n\t\t\t\t\t<\/div>\n\t\t<\/div>\n\t\t\t\t\t<\/div>\n\t\t<\/section>\n\t\t\t\t<section class=\"elementor-section elementor-top-section elementor-element elementor-element-378c7b6 elementor-section-boxed elementor-section-height-default elementor-section-height-default sc_fly_static\" data-id=\"378c7b6\" data-element_type=\"section\" data-e-type=\"section\">\n\t\t\t\t\t\t<div class=\"elementor-container elementor-column-gap-extended\">\n\t\t\t\t\t<div class=\"elementor-column elementor-col-100 elementor-top-column elementor-element elementor-element-98c7733 sc_content_align_inherit sc_layouts_column_icons_position_left sc_fly_static\" data-id=\"98c7733\" data-element_type=\"column\" data-e-type=\"column\">\n\t\t\t<div class=\"elementor-widget-wrap elementor-element-populated\">\n\t\t\t\t\t\t<div class=\"elementor-element elementor-element-322fccb sc_fly_static elementor-widget elementor-widget-spacer\" data-id=\"322fccb\" data-element_type=\"widget\" data-e-type=\"widget\" data-widget_type=\"spacer.default\">\n\t\t\t\t<div class=\"elementor-widget-container\">\n\t\t\t\t\t\t\t<div class=\"elementor-spacer\">\n\t\t\t<div class=\"elementor-spacer-inner\"><\/div>\n\t\t<\/div>\n\t\t\t\t\t\t<\/div>\n\t\t\t\t<\/div>\n\t\t\t\t<div class=\"elementor-element elementor-element-d24a000 sc_fly_static elementor-widget elementor-widget-spacer\" data-id=\"d24a000\" data-element_type=\"widget\" data-e-type=\"widget\" data-widget_type=\"spacer.default\">\n\t\t\t\t<div class=\"elementor-widget-container\">\n\t\t\t\t\t\t\t<div class=\"elementor-spacer\">\n\t\t\t<div class=\"elementor-spacer-inner\"><\/div>\n\t\t<\/div>\n\t\t\t\t\t\t<\/div>\n\t\t\t\t<\/div>\n\t\t\t\t\t<\/div>\n\t\t<\/div>\n\t\t\t\t\t<\/div>\n\t\t<\/section>\n\t\t\t\t<section class=\"elementor-section elementor-top-section elementor-element elementor-element-add0558 scheme_light elementor-section-boxed elementor-section-height-default elementor-section-height-default sc_fly_static\" data-id=\"add0558\" data-element_type=\"section\" data-e-type=\"section\" data-settings=\"{&quot;background_background&quot;:&quot;classic&quot;}\">\n\t\t\t\t\t\t<div class=\"elementor-container elementor-column-gap-extended\">\n\t\t\t\t\t<div class=\"elementor-column elementor-col-100 elementor-top-column elementor-element elementor-element-087182b sc_content_align_inherit sc_layouts_column_icons_position_left sc_fly_static\" data-id=\"087182b\" data-element_type=\"column\" data-e-type=\"column\">\n\t\t\t<div class=\"elementor-widget-wrap elementor-element-populated\">\n\t\t\t\t\t\t<div class=\"elementor-element elementor-element-a8bb00d sc_fly_static elementor-widget elementor-widget-spacer\" data-id=\"a8bb00d\" data-element_type=\"widget\" data-e-type=\"widget\" data-widget_type=\"spacer.default\">\n\t\t\t\t<div class=\"elementor-widget-container\">\n\t\t\t\t\t\t\t<div class=\"elementor-spacer\">\n\t\t\t<div class=\"elementor-spacer-inner\"><\/div>\n\t\t<\/div>\n\t\t\t\t\t\t<\/div>\n\t\t\t\t<\/div>\n\t\t\t\t<div class=\"elementor-element elementor-element-9d3edb7 sc_fly_static elementor-widget elementor-widget-text-editor\" data-id=\"9d3edb7\" data-element_type=\"widget\" data-e-type=\"widget\" data-widget_type=\"text-editor.default\">\n\t\t\t\t<div class=\"elementor-widget-container\">\n\t\t\t\t\t\t\t\t\t<p><strong>Pro\u010d investovat do investi\u010dn\u00edch komodit?<\/strong><\/p><p><strong>Investi\u010dn\u00ed komodity<\/strong> jsou obecn\u011b dlouhodob\u011b velmi <strong>stabiln\u00ed aktivum<\/strong>, proto\u017ee jsou fyzick\u00e9 a nejsou to bankovn\u00ed deriv\u00e1ty vytvo\u0159en\u00e9 ze vzduchu a ni\u010d\u00edm nepodlo\u017een\u00e9.\u00a0 P\u0159i pohledu na dlouhodob\u00e9 chov\u00e1n\u00ed tr\u017en\u00ed hodnoty <strong>drah\u00fdch kov\u016f<\/strong> a <strong>drah\u00fdch kamen\u016f<\/strong>, m\u016f\u017eeme pozorovat, jak tyto investi\u010dn\u00ed komodity do sebe absorbuj\u00ed znehodnocov\u00e1n\u00ed <strong>FIAT m\u011bn<\/strong> nap\u0159\u00ed\u010d m\u011bnov\u00fdm spektrem a reaguj\u00ed velmi <strong>transparentn\u011b<\/strong> na geopolitickou a ekonomickou glob\u00e1ln\u00ed situaci. V\u00a0dne\u0161n\u00edm sv\u011bt\u011b investic jsou drah\u00e9 kovy a drah\u00e9 kameny nejen symbolem ekonomick\u00e9 stability ale i z\u00e1rukou budouc\u00ed hodnoty, kterou lze op\u011bt sm\u011bnit za jakoukoli m\u011bnu. Po\u0159\u00edzen\u00edm fyzick\u00fdch investi\u010dn\u00edch komodit si budujete <strong>skute\u010dn\u00e9 bohatstv\u00ed<\/strong>.<\/p><p>Obecn\u011b je dobr\u00e9 sledovat na trhu, co d\u011blaj\u00ed <strong>velc\u00ed hr\u00e1\u010di<\/strong> (glob\u00e1ln\u00ed investo\u0159i, hedgeov\u00e9 fondy, n\u00e1rodn\u00ed centr\u00e1ln\u00ed banky a banka JP Morgan). Zda-li se pod\u00edv\u00e1te, jak se chovaj\u00ed velc\u00ed investo\u0159i, tak ti u\u017e n\u011bkolik m\u011bs\u00edc\u016f akumuluj\u00ed sv\u016fj majetek do zlata (odkaz). Stejn\u00fdm principem se \u0159\u00edd\u00ed i v\u0161echny <strong>centr\u00e1ln\u00ed banky<\/strong> na sv\u011bt\u011b, v\u010detn\u011b t\u00e9 \u010desk\u00e9 centr\u00e1ln\u00ed banky <strong>\u010cNB<\/strong>. Pokud je zlato dostate\u010dn\u00e9 dobr\u00e9 pro centr\u00e1ln\u00ed banky, je samoz\u0159ejm\u011b nasnad\u011b tuto <strong>strategii<\/strong> zrcadlit.<\/p><p>K\u00a0\u010demu se investi\u010dn\u00ed komodity pou\u017e\u00edvaj\u00ed:<\/p><ul><li>Ochrana majetku p\u0159ed inflac\u00ed<\/li><li>Vytvo\u0159en\u00ed finan\u010dn\u00ed rezervy v\u00a0rodinn\u00e9m nebo firemn\u00edm rozpo\u010dtu<\/li><li>Zaji\u0161t\u011bn\u00ed pasivn\u00edho p\u0159\u00edjmu<\/li><li>Budov\u00e1n\u00ed skute\u010dn\u00e9ho majetku<\/li><li>Diverzifikace investi\u010dn\u00edho portfolia<\/li><\/ul>\t\t\t\t\t\t\t\t<\/div>\n\t\t\t\t<\/div>\n\t\t\t\t<div class=\"elementor-element elementor-element-2ac87ea sc_fly_static elementor-widget elementor-widget-spacer\" data-id=\"2ac87ea\" data-element_type=\"widget\" data-e-type=\"widget\" data-widget_type=\"spacer.default\">\n\t\t\t\t<div class=\"elementor-widget-container\">\n\t\t\t\t\t\t\t<div class=\"elementor-spacer\">\n\t\t\t<div class=\"elementor-spacer-inner\"><\/div>\n\t\t<\/div>\n\t\t\t\t\t\t<\/div>\n\t\t\t\t<\/div>\n\t\t\t\t<div class=\"elementor-element elementor-element-426a21a sc_fly_static elementor-widget elementor-widget-spacer\" data-id=\"426a21a\" data-element_type=\"widget\" data-e-type=\"widget\" data-widget_type=\"spacer.default\">\n\t\t\t\t<div class=\"elementor-widget-container\">\n\t\t\t\t\t\t\t<div class=\"elementor-spacer\">\n\t\t\t<div class=\"elementor-spacer-inner\"><\/div>\n\t\t<\/div>\n\t\t\t\t\t\t<\/div>\n\t\t\t\t<\/div>\n\t\t\t\t<div class=\"elementor-element elementor-element-d4fa70d sc_style_default sc_fly_static elementor-widget elementor-widget-trx_sc_blogger\" data-id=\"d4fa70d\" data-element_type=\"widget\" data-e-type=\"widget\" data-widget_type=\"trx_sc_blogger.default\">\n\t\t\t\t<div class=\"elementor-widget-container\">\n\t\t\t\t\t<div \t\tclass=\"sc_blogger sc_blogger_default sc_blogger_default_classic sc_item_filters_tabs_none alignnone\" ><div class=\"sc_blogger_columns_wrap sc_item_columns sc_item_posts_container trx_addons_columns_wrap columns_padding_bottom columns_in_single_row\" ><div class=\"trx_addons_column-1_2\"><div data-post-id=\"24003\" data-item-number=\"1\" class=\"sc_blogger_item sc_item_container post_container sc_blogger_item_default sc_blogger_item_default_classic sc_blogger_item_odd sc_blogger_item_align_none post_format_standard sc_blogger_item_with_image sc_blogger_item_no_excerpt sc_blogger_item_image_position_top post-24003 page type-page status-publish has-post-thumbnail hentry\" ><div class=\"sc_blogger_item_body\"><div class=\"post_featured with_thumb hover_link sc_item_featured sc_blogger_item_featured\"><img decoding=\"async\" width=\"840\" height=\"473\" src=\"https:\/\/mojeprilezitost.cz\/wp-content\/uploads\/2024\/10\/kovy-840x473.png\" class=\"attachment-invetex-thumb-big size-invetex-thumb-big wp-post-image\" alt=\"\" srcset=\"https:\/\/mojeprilezitost.cz\/wp-content\/uploads\/2024\/10\/kovy-840x473.png 840w, https:\/\/mojeprilezitost.cz\/wp-content\/uploads\/2024\/10\/kovy-410x230.png 410w, https:\/\/mojeprilezitost.cz\/wp-content\/uploads\/2024\/10\/kovy-270x152.png 270w\" sizes=\"(max-width: 840px) 100vw, 840px\" \/>\t\t\t\t\t\t<div class=\"mask\"><\/div>\n\t\t\t\t\t\t\t\t\t<a href=\"https:\/\/mojeprilezitost.cz\/en\/drahe-kovy\/\"  aria-hidden=\"true\" class=\"link\"><\/a>\n\t\t\t<\/div><div class=\"sc_blogger_item_content entry-content\"><h5 class=\"sc_blogger_item_title entry-title\" data-item-number=\"1\"><a href=\"https:\/\/mojeprilezitost.cz\/en\/drahe-kovy\/\" rel=\"bookmark\">Drah\u00e9 kovy<\/a><\/h5><div class=\"post_meta sc_blogger_item_meta post_meta\"><span class=\"post_meta_item post_date\"><a href=\"https:\/\/mojeprilezitost.cz\/en\/drahe-kovy\/\">7. 4. 2025<\/a><\/span><\/div><\/div><!-- .entry-content --><\/div><!-- .sc_blogger_item_body --><\/div><!-- .sc_blogger_item --><\/div><div class=\"trx_addons_column-1_2\"><div data-post-id=\"23791\" data-item-number=\"2\" class=\"sc_blogger_item sc_item_container post_container sc_blogger_item_default sc_blogger_item_default_classic sc_blogger_item_even sc_blogger_item_align_none post_format_standard sc_blogger_item_with_image sc_blogger_item_no_excerpt sc_blogger_item_image_position_top post-23791 page type-page status-publish has-post-thumbnail hentry\" ><div class=\"sc_blogger_item_body\"><div class=\"post_featured with_thumb hover_link sc_item_featured sc_blogger_item_featured\"><img decoding=\"async\" width=\"840\" height=\"473\" src=\"https:\/\/mojeprilezitost.cz\/wp-content\/uploads\/2024\/10\/kameny-840x473.png\" class=\"attachment-invetex-thumb-big size-invetex-thumb-big wp-post-image\" alt=\"\" srcset=\"https:\/\/mojeprilezitost.cz\/wp-content\/uploads\/2024\/10\/kameny-840x473.png 840w, https:\/\/mojeprilezitost.cz\/wp-content\/uploads\/2024\/10\/kameny-410x230.png 410w, https:\/\/mojeprilezitost.cz\/wp-content\/uploads\/2024\/10\/kameny-270x152.png 270w\" sizes=\"(max-width: 840px) 100vw, 840px\" \/>\t\t\t\t\t\t<div class=\"mask\"><\/div>\n\t\t\t\t\t\t\t\t\t<a href=\"https:\/\/mojeprilezitost.cz\/en\/drahe-kameny\/\"  aria-hidden=\"true\" class=\"link\"><\/a>\n\t\t\t<\/div><div class=\"sc_blogger_item_content entry-content\"><h5 class=\"sc_blogger_item_title entry-title\" data-item-number=\"2\"><a href=\"https:\/\/mojeprilezitost.cz\/en\/drahe-kameny\/\" rel=\"bookmark\">Drah\u00e9 kameny<\/a><\/h5><div class=\"post_meta sc_blogger_item_meta post_meta\"><span class=\"post_meta_item post_date\"><a href=\"https:\/\/mojeprilezitost.cz\/en\/drahe-kameny\/\">25. 3. 2025<\/a><\/span><\/div><\/div><!-- .entry-content --><\/div><!-- .sc_blogger_item_body --><\/div><!-- .sc_blogger_item --><\/div><\/div><\/div>\t\t\t\t<\/div>\n\t\t\t\t<\/div>\n\t\t\t\t<div class=\"elementor-element elementor-element-bd27b9e sc_height_huge sc_fly_static elementor-widget elementor-widget-spacer\" data-id=\"bd27b9e\" data-element_type=\"widget\" data-e-type=\"widget\" data-widget_type=\"spacer.default\">\n\t\t\t\t<div class=\"elementor-widget-container\">\n\t\t\t\t\t\t\t<div class=\"elementor-spacer\">\n\t\t\t<div class=\"elementor-spacer-inner\"><\/div>\n\t\t<\/div>\n\t\t\t\t\t\t<\/div>\n\t\t\t\t<\/div>\n\t\t\t\t\t<\/div>\n\t\t<\/div>\n\t\t\t\t\t<\/div>\n\t\t<\/section>\n\t\t\t\t<\/div>","protected":false},"excerpt":{"rendered":"<p>Investi\u010dn\u00ed komodity Obecn\u011b komodity jsou z\u00e1kladn\u00ed zbo\u017e\u00ed pou\u017e\u00edvan\u00e9 v mezin\u00e1rodn\u00edm obchod\u011b. Je to fyzick\u00e9 zbo\u017e\u00ed&hellip;<\/p>","protected":false},"author":1,"featured_media":0,"parent":0,"menu_order":0,"comment_status":"closed","ping_status":"closed","template":"","meta":{"footnotes":""},"class_list":["post-23361","page","type-page","status-publish","hentry"],"yoast_head":"<!-- This site is optimized with the Yoast SEO Premium plugin v20.11 (Yoast SEO v27.4) - https:\/\/yoast.com\/product\/yoast-seo-premium-wordpress\/ -->\n<title>Investi\u010dn\u00ed komodity - Moje p\u0159\u00edle\u017eitost CZ s.r.o.<\/title>\n<meta name=\"robots\" content=\"index, follow, max-snippet:-1, max-image-preview:large, max-video-preview:-1\" \/>\n<link rel=\"canonical\" href=\"https:\/\/mojeprilezitost.cz\/en\/investicni-komodity\/\" \/>\n<meta property=\"og:locale\" content=\"en_US\" \/>\n<meta property=\"og:type\" content=\"article\" \/>\n<meta property=\"og:title\" content=\"Investi\u010dn\u00ed komodity\" \/>\n<meta property=\"og:description\" content=\"Investi\u010dn\u00ed komodity Obecn\u011b komodity jsou z\u00e1kladn\u00ed zbo\u017e\u00ed pou\u017e\u00edvan\u00e9 v mezin\u00e1rodn\u00edm obchod\u011b. Je to fyzick\u00e9 zbo\u017e\u00ed&hellip;\" \/>\n<meta property=\"og:url\" content=\"https:\/\/mojeprilezitost.cz\/en\/investicni-komodity\/\" \/>\n<meta property=\"og:site_name\" content=\"Moje p\u0159\u00edle\u017eitost CZ s.r.o.\" \/>\n<meta property=\"article:modified_time\" content=\"2025-04-07T22:06:40+00:00\" \/>\n<meta property=\"og:image\" content=\"https:\/\/mojeprilezitost.cz\/wp-content\/uploads\/2025\/03\/WEB-obrazky-5-1.png\" \/>\n\t<meta property=\"og:image:width\" content=\"1366\" \/>\n\t<meta property=\"og:image:height\" content=\"236\" \/>\n\t<meta property=\"og:image:type\" content=\"image\/png\" \/>\n<meta name=\"twitter:card\" content=\"summary_large_image\" \/>\n<meta name=\"twitter:label1\" content=\"Est. reading time\" \/>\n\t<meta name=\"twitter:data1\" content=\"3 minutes\" \/>\n<script type=\"application\/ld+json\" class=\"yoast-schema-graph\">{\"@context\":\"https:\\\/\\\/schema.org\",\"@graph\":[{\"@type\":\"WebPage\",\"@id\":\"https:\\\/\\\/mojeprilezitost.cz\\\/en\\\/investicni-komodity\\\/\",\"url\":\"https:\\\/\\\/mojeprilezitost.cz\\\/en\\\/investicni-komodity\\\/\",\"name\":\"Investi\u010dn\u00ed komodity - Moje p\u0159\u00edle\u017eitost CZ s.r.o.\",\"isPartOf\":{\"@id\":\"https:\\\/\\\/mojeprilezitost.cz\\\/en\\\/#website\"},\"primaryImageOfPage\":{\"@id\":\"https:\\\/\\\/mojeprilezitost.cz\\\/en\\\/investicni-komodity\\\/#primaryimage\"},\"image\":{\"@id\":\"https:\\\/\\\/mojeprilezitost.cz\\\/en\\\/investicni-komodity\\\/#primaryimage\"},\"thumbnailUrl\":\"https:\\\/\\\/mojeprilezitost.cz\\\/wp-content\\\/uploads\\\/2025\\\/03\\\/WEB-obrazky-5-1-1024x177.png\",\"datePublished\":\"2025-03-24T21:44:45+00:00\",\"dateModified\":\"2025-04-07T22:06:40+00:00\",\"breadcrumb\":{\"@id\":\"https:\\\/\\\/mojeprilezitost.cz\\\/en\\\/investicni-komodity\\\/#breadcrumb\"},\"inLanguage\":\"en-US\",\"potentialAction\":[{\"@type\":\"ReadAction\",\"target\":[\"https:\\\/\\\/mojeprilezitost.cz\\\/en\\\/investicni-komodity\\\/\"]}]},{\"@type\":\"ImageObject\",\"inLanguage\":\"en-US\",\"@id\":\"https:\\\/\\\/mojeprilezitost.cz\\\/en\\\/investicni-komodity\\\/#primaryimage\",\"url\":\"https:\\\/\\\/mojeprilezitost.cz\\\/wp-content\\\/uploads\\\/2025\\\/03\\\/WEB-obrazky-5-1-1024x177.png\",\"contentUrl\":\"https:\\\/\\\/mojeprilezitost.cz\\\/wp-content\\\/uploads\\\/2025\\\/03\\\/WEB-obrazky-5-1-1024x177.png\"},{\"@type\":\"BreadcrumbList\",\"@id\":\"https:\\\/\\\/mojeprilezitost.cz\\\/en\\\/investicni-komodity\\\/#breadcrumb\",\"itemListElement\":[{\"@type\":\"ListItem\",\"position\":1,\"name\":\"Home\",\"item\":\"https:\\\/\\\/mojeprilezitost.cz\\\/\"},{\"@type\":\"ListItem\",\"position\":2,\"name\":\"Investi\u010dn\u00ed komodity\"}]},{\"@type\":\"WebSite\",\"@id\":\"https:\\\/\\\/mojeprilezitost.cz\\\/en\\\/#website\",\"url\":\"https:\\\/\\\/mojeprilezitost.cz\\\/en\\\/\",\"name\":\"Moje p\u0159\u00edle\u017eitost CZ s.r.o.\",\"description\":\"Co je doma, to se po\u010d\u00edt\u00e1\",\"publisher\":{\"@id\":\"https:\\\/\\\/mojeprilezitost.cz\\\/en\\\/#organization\"},\"potentialAction\":[{\"@type\":\"SearchAction\",\"target\":{\"@type\":\"EntryPoint\",\"urlTemplate\":\"https:\\\/\\\/mojeprilezitost.cz\\\/en\\\/?s={search_term_string}\"},\"query-input\":{\"@type\":\"PropertyValueSpecification\",\"valueRequired\":true,\"valueName\":\"search_term_string\"}}],\"inLanguage\":\"en-US\"},{\"@type\":\"Organization\",\"@id\":\"https:\\\/\\\/mojeprilezitost.cz\\\/en\\\/#organization\",\"name\":\"Moje p\u0159\u00edle\u017eitost CZ s.r.o.\",\"url\":\"https:\\\/\\\/mojeprilezitost.cz\\\/en\\\/\",\"logo\":{\"@type\":\"ImageObject\",\"inLanguage\":\"en-US\",\"@id\":\"https:\\\/\\\/mojeprilezitost.cz\\\/en\\\/#\\\/schema\\\/logo\\\/image\\\/\",\"url\":\"https:\\\/\\\/mojeprilezitost.cz\\\/wp-content\\\/uploads\\\/2022\\\/01\\\/Jiri-Ovsik-predni.png\",\"contentUrl\":\"https:\\\/\\\/mojeprilezitost.cz\\\/wp-content\\\/uploads\\\/2022\\\/01\\\/Jiri-Ovsik-predni.png\",\"width\":500,\"height\":500,\"caption\":\"Moje p\u0159\u00edle\u017eitost CZ s.r.o.\"},\"image\":{\"@id\":\"https:\\\/\\\/mojeprilezitost.cz\\\/en\\\/#\\\/schema\\\/logo\\\/image\\\/\"}}]}<\/script>\n<!-- \/ Yoast SEO Premium plugin. -->","yoast_head_json":{"title":"Investi\u010dn\u00ed komodity - Moje p\u0159\u00edle\u017eitost CZ s.r.o.","robots":{"index":"index","follow":"follow","max-snippet":"max-snippet:-1","max-image-preview":"max-image-preview:large","max-video-preview":"max-video-preview:-1"},"canonical":"https:\/\/mojeprilezitost.cz\/en\/investicni-komodity\/","og_locale":"en_US","og_type":"article","og_title":"Investi\u010dn\u00ed komodity","og_description":"Investi\u010dn\u00ed komodity Obecn\u011b komodity jsou z\u00e1kladn\u00ed zbo\u017e\u00ed pou\u017e\u00edvan\u00e9 v mezin\u00e1rodn\u00edm obchod\u011b. Je to fyzick\u00e9 zbo\u017e\u00ed&hellip;","og_url":"https:\/\/mojeprilezitost.cz\/en\/investicni-komodity\/","og_site_name":"Moje p\u0159\u00edle\u017eitost CZ s.r.o.","article_modified_time":"2025-04-07T22:06:40+00:00","og_image":[{"width":1366,"height":236,"url":"https:\/\/mojeprilezitost.cz\/wp-content\/uploads\/2025\/03\/WEB-obrazky-5-1.png","type":"image\/png"}],"twitter_card":"summary_large_image","twitter_misc":{"Est. reading time":"3 minutes"},"schema":{"@context":"https:\/\/schema.org","@graph":[{"@type":"WebPage","@id":"https:\/\/mojeprilezitost.cz\/en\/investicni-komodity\/","url":"https:\/\/mojeprilezitost.cz\/en\/investicni-komodity\/","name":"Investi\u010dn\u00ed komodity - Moje p\u0159\u00edle\u017eitost CZ s.r.o.","isPartOf":{"@id":"https:\/\/mojeprilezitost.cz\/en\/#website"},"primaryImageOfPage":{"@id":"https:\/\/mojeprilezitost.cz\/en\/investicni-komodity\/#primaryimage"},"image":{"@id":"https:\/\/mojeprilezitost.cz\/en\/investicni-komodity\/#primaryimage"},"thumbnailUrl":"https:\/\/mojeprilezitost.cz\/wp-content\/uploads\/2025\/03\/WEB-obrazky-5-1-1024x177.png","datePublished":"2025-03-24T21:44:45+00:00","dateModified":"2025-04-07T22:06:40+00:00","breadcrumb":{"@id":"https:\/\/mojeprilezitost.cz\/en\/investicni-komodity\/#breadcrumb"},"inLanguage":"en-US","potentialAction":[{"@type":"ReadAction","target":["https:\/\/mojeprilezitost.cz\/en\/investicni-komodity\/"]}]},{"@type":"ImageObject","inLanguage":"en-US","@id":"https:\/\/mojeprilezitost.cz\/en\/investicni-komodity\/#primaryimage","url":"https:\/\/mojeprilezitost.cz\/wp-content\/uploads\/2025\/03\/WEB-obrazky-5-1-1024x177.png","contentUrl":"https:\/\/mojeprilezitost.cz\/wp-content\/uploads\/2025\/03\/WEB-obrazky-5-1-1024x177.png"},{"@type":"BreadcrumbList","@id":"https:\/\/mojeprilezitost.cz\/en\/investicni-komodity\/#breadcrumb","itemListElement":[{"@type":"ListItem","position":1,"name":"Home","item":"https:\/\/mojeprilezitost.cz\/"},{"@type":"ListItem","position":2,"name":"Investi\u010dn\u00ed komodity"}]},{"@type":"WebSite","@id":"https:\/\/mojeprilezitost.cz\/en\/#website","url":"https:\/\/mojeprilezitost.cz\/en\/","name":"Moje p\u0159\u00edle\u017eitost CZ s.r.o.","description":"Co je doma, to se po\u010d\u00edt\u00e1","publisher":{"@id":"https:\/\/mojeprilezitost.cz\/en\/#organization"},"potentialAction":[{"@type":"SearchAction","target":{"@type":"EntryPoint","urlTemplate":"https:\/\/mojeprilezitost.cz\/en\/?s={search_term_string}"},"query-input":{"@type":"PropertyValueSpecification","valueRequired":true,"valueName":"search_term_string"}}],"inLanguage":"en-US"},{"@type":"Organization","@id":"https:\/\/mojeprilezitost.cz\/en\/#organization","name":"Moje p\u0159\u00edle\u017eitost CZ s.r.o.","url":"https:\/\/mojeprilezitost.cz\/en\/","logo":{"@type":"ImageObject","inLanguage":"en-US","@id":"https:\/\/mojeprilezitost.cz\/en\/#\/schema\/logo\/image\/","url":"https:\/\/mojeprilezitost.cz\/wp-content\/uploads\/2022\/01\/Jiri-Ovsik-predni.png","contentUrl":"https:\/\/mojeprilezitost.cz\/wp-content\/uploads\/2022\/01\/Jiri-Ovsik-predni.png","width":500,"height":500,"caption":"Moje p\u0159\u00edle\u017eitost CZ s.r.o."},"image":{"@id":"https:\/\/mojeprilezitost.cz\/en\/#\/schema\/logo\/image\/"}}]}},"_links":{"self":[{"href":"https:\/\/mojeprilezitost.cz\/en\/wp-json\/wp\/v2\/pages\/23361","targetHints":{"allow":["GET"]}}],"collection":[{"href":"https:\/\/mojeprilezitost.cz\/en\/wp-json\/wp\/v2\/pages"}],"about":[{"href":"https:\/\/mojeprilezitost.cz\/en\/wp-json\/wp\/v2\/types\/page"}],"author":[{"embeddable":true,"href":"https:\/\/mojeprilezitost.cz\/en\/wp-json\/wp\/v2\/users\/1"}],"replies":[{"embeddable":true,"href":"https:\/\/mojeprilezitost.cz\/en\/wp-json\/wp\/v2\/comments?post=23361"}],"version-history":[{"count":22,"href":"https:\/\/mojeprilezitost.cz\/en\/wp-json\/wp\/v2\/pages\/23361\/revisions"}],"predecessor-version":[{"id":24091,"href":"https:\/\/mojeprilezitost.cz\/en\/wp-json\/wp\/v2\/pages\/23361\/revisions\/24091"}],"wp:attachment":[{"href":"https:\/\/mojeprilezitost.cz\/en\/wp-json\/wp\/v2\/media?parent=23361"}],"curies":[{"name":"wp","href":"https:\/\/api.w.org\/{rel}","templated":true}]}}