{"id":23350,"date":"2025-03-24T21:36:43","date_gmt":"2025-03-24T21:36:43","guid":{"rendered":"https:\/\/mojeprilezitost.cz\/?page_id=23350"},"modified":"2025-03-24T21:39:50","modified_gmt":"2025-03-24T21:39:50","slug":"faq","status":"publish","type":"page","link":"https:\/\/mojeprilezitost.cz\/en\/faq\/","title":{"rendered":"FAQ"},"content":{"rendered":"<div data-elementor-type=\"wp-page\" data-elementor-id=\"23350\" class=\"elementor elementor-23350\" data-elementor-post-type=\"page\">\n\t\t\t\t\t\t<section class=\"elementor-section elementor-top-section elementor-element elementor-element-91dcd2c elementor-section-boxed elementor-section-height-default elementor-section-height-default sc_fly_static\" data-id=\"91dcd2c\" data-element_type=\"section\" data-e-type=\"section\">\n\t\t\t\t\t\t<div class=\"elementor-container elementor-column-gap-extended\">\n\t\t\t\t\t<div class=\"elementor-column elementor-col-100 elementor-top-column elementor-element elementor-element-001837f sc_content_align_inherit sc_layouts_column_icons_position_left sc_fly_static\" data-id=\"001837f\" data-element_type=\"column\" data-e-type=\"column\">\n\t\t\t<div class=\"elementor-widget-wrap elementor-element-populated\">\n\t\t\t\t\t\t<div class=\"elementor-element elementor-element-e5f9e7e sc_height_huge sc_fly_static elementor-widget elementor-widget-spacer\" data-id=\"e5f9e7e\" data-element_type=\"widget\" data-e-type=\"widget\" data-widget_type=\"spacer.default\">\n\t\t\t\t<div class=\"elementor-widget-container\">\n\t\t\t\t\t\t\t<div class=\"elementor-spacer\">\n\t\t\t<div class=\"elementor-spacer-inner\"><\/div>\n\t\t<\/div>\n\t\t\t\t\t\t<\/div>\n\t\t\t\t<\/div>\n\t\t\t\t\t<\/div>\n\t\t<\/div>\n\t\t\t\t\t<\/div>\n\t\t<\/section>\n\t\t\t\t<section class=\"elementor-section elementor-top-section elementor-element elementor-element-f6895e0 elementor-section-content-middle elementor-section-boxed elementor-section-height-default elementor-section-height-default sc_fly_static\" data-id=\"f6895e0\" data-element_type=\"section\" data-e-type=\"section\">\n\t\t\t\t\t\t<div class=\"elementor-container elementor-column-gap-extended\">\n\t\t\t\t\t<div class=\"elementor-column elementor-col-100 elementor-top-column elementor-element elementor-element-4ddefc2 sc_content_align_inherit sc_layouts_column_icons_position_left sc_fly_static\" data-id=\"4ddefc2\" data-element_type=\"column\" data-e-type=\"column\">\n\t\t\t<div class=\"elementor-widget-wrap elementor-element-populated\">\n\t\t\t\t\t\t<div class=\"elementor-element elementor-element-5f23ebc sc_fly_static elementor-widget elementor-widget-trx_sc_title\" data-id=\"5f23ebc\" data-element_type=\"widget\" data-e-type=\"widget\" data-widget_type=\"trx_sc_title.default\">\n\t\t\t\t<div class=\"elementor-widget-container\">\n\t\t\t\t\t<div\t\tclass=\"sc_title sc_title_default\" ><h1 class=\"sc_item_title sc_title_title sc_item_title_style_default sc_item_title_tag\"\n\t\t\t><span class=\"sc_item_title_text\">FAQ<\/span><\/h1><div class=\"sc_item_descr sc_title_descr\"><p>Tato sekce se p\u0159ipravuje.<\/p>\n<\/div><\/div>\t\t\t\t<\/div>\n\t\t\t\t<\/div>\n\t\t\t\t<div class=\"elementor-element elementor-element-66f602e sc_fly_static elementor-widget elementor-widget-spacer\" data-id=\"66f602e\" data-element_type=\"widget\" data-e-type=\"widget\" data-widget_type=\"spacer.default\">\n\t\t\t\t<div class=\"elementor-widget-container\">\n\t\t\t\t\t\t\t<div class=\"elementor-spacer\">\n\t\t\t<div class=\"elementor-spacer-inner\"><\/div>\n\t\t<\/div>\n\t\t\t\t\t\t<\/div>\n\t\t\t\t<\/div>\n\t\t\t\t<div class=\"elementor-element elementor-element-7b325d6 elementor-hidden-desktop elementor-hidden-tablet elementor-hidden-mobile sc_layouts_hide_on_wide sc_layouts_hide_on_desktop sc_layouts_hide_on_notebook sc_layouts_hide_on_tablet sc_layouts_hide_on_mobile sc_fly_static elementor-widget elementor-widget-text-editor\" data-id=\"7b325d6\" data-element_type=\"widget\" data-e-type=\"widget\" data-widget_type=\"text-editor.default\">\n\t\t\t\t<div class=\"elementor-widget-container\">\n\t\t\t\t\t\t\t\t\t<p>Existuj\u00ed 4 z\u00e1kladn\u00ed aktiva, do kter\u00fdch m\u016f\u017eete investovat. (popsat jejich plusy a m\u00ednusy)<\/p>\t\t\t\t\t\t\t\t<\/div>\n\t\t\t\t<\/div>\n\t\t\t\t<div class=\"elementor-element elementor-element-ed6d323 sc_fly_static elementor-widget elementor-widget-spacer\" data-id=\"ed6d323\" data-element_type=\"widget\" data-e-type=\"widget\" data-widget_type=\"spacer.default\">\n\t\t\t\t<div class=\"elementor-widget-container\">\n\t\t\t\t\t\t\t<div class=\"elementor-spacer\">\n\t\t\t<div class=\"elementor-spacer-inner\"><\/div>\n\t\t<\/div>\n\t\t\t\t\t\t<\/div>\n\t\t\t\t<\/div>\n\t\t\t\t<div class=\"elementor-element elementor-element-2e1b8f4 elementor-hidden-desktop elementor-hidden-tablet elementor-hidden-mobile sc_layouts_hide_on_wide sc_layouts_hide_on_desktop sc_layouts_hide_on_notebook sc_layouts_hide_on_tablet sc_layouts_hide_on_mobile sc_fly_static elementor-widget elementor-widget-text-editor\" data-id=\"2e1b8f4\" data-element_type=\"widget\" data-e-type=\"widget\" data-widget_type=\"text-editor.default\">\n\t\t\t\t<div class=\"elementor-widget-container\">\n\t\t\t\t\t\t\t\t\t<p style=\"text-align: center;\"><strong>Podnik\u00e1n\u00ed \u2013 Nemovitosti \u2013 Cenn\u00e9 pap\u00edry \u2013 Komodity<\/strong><\/p>\t\t\t\t\t\t\t\t<\/div>\n\t\t\t\t<\/div>\n\t\t\t\t<div class=\"elementor-element elementor-element-1391c92 sc_height_small sc_layouts_hide_on_tablet sc_fly_static elementor-widget elementor-widget-spacer\" data-id=\"1391c92\" data-element_type=\"widget\" data-e-type=\"widget\" data-widget_type=\"spacer.default\">\n\t\t\t\t<div class=\"elementor-widget-container\">\n\t\t\t\t\t\t\t<div class=\"elementor-spacer\">\n\t\t\t<div class=\"elementor-spacer-inner\"><\/div>\n\t\t<\/div>\n\t\t\t\t\t\t<\/div>\n\t\t\t\t<\/div>\n\t\t\t\t<div class=\"elementor-element elementor-element-b9a44b6 elementor-hidden-desktop elementor-hidden-tablet elementor-hidden-mobile sc_layouts_hide_on_wide sc_layouts_hide_on_desktop sc_layouts_hide_on_notebook sc_layouts_hide_on_tablet sc_layouts_hide_on_mobile sc_fly_static elementor-widget elementor-widget-image\" data-id=\"b9a44b6\" data-element_type=\"widget\" data-e-type=\"widget\" data-widget_type=\"image.default\">\n\t\t\t\t<div class=\"elementor-widget-container\">\n\t\t\t\t\t\t\t\t\t\t\t\t\t\t\t<img fetchpriority=\"high\" decoding=\"async\" width=\"1024\" height=\"177\" src=\"https:\/\/mojeprilezitost.cz\/wp-content\/uploads\/2025\/03\/WEB-obrazky-1024x177.png\" class=\"attachment-large size-large wp-image-23285\" alt=\"\" srcset=\"https:\/\/mojeprilezitost.cz\/wp-content\/uploads\/2025\/03\/WEB-obrazky-1024x177.png 1024w, https:\/\/mojeprilezitost.cz\/wp-content\/uploads\/2025\/03\/WEB-obrazky-300x52.png 300w, https:\/\/mojeprilezitost.cz\/wp-content\/uploads\/2025\/03\/WEB-obrazky-768x133.png 768w, https:\/\/mojeprilezitost.cz\/wp-content\/uploads\/2025\/03\/WEB-obrazky-18x3.png 18w, https:\/\/mojeprilezitost.cz\/wp-content\/uploads\/2025\/03\/WEB-obrazky-370x64.png 370w, https:\/\/mojeprilezitost.cz\/wp-content\/uploads\/2025\/03\/WEB-obrazky-840x145.png 840w, https:\/\/mojeprilezitost.cz\/wp-content\/uploads\/2025\/03\/WEB-obrazky-410x71.png 410w, https:\/\/mojeprilezitost.cz\/wp-content\/uploads\/2025\/03\/WEB-obrazky.png 1366w\" sizes=\"(max-width: 1024px) 100vw, 1024px\" \/>\t\t\t\t\t\t\t\t\t\t\t\t\t\t\t<\/div>\n\t\t\t\t<\/div>\n\t\t\t\t\t<\/div>\n\t\t<\/div>\n\t\t\t\t\t<\/div>\n\t\t<\/section>\n\t\t\t\t<section class=\"elementor-section elementor-top-section elementor-element elementor-element-378c7b6 elementor-section-boxed elementor-section-height-default elementor-section-height-default sc_fly_static\" data-id=\"378c7b6\" data-element_type=\"section\" data-e-type=\"section\">\n\t\t\t\t\t\t<div class=\"elementor-container elementor-column-gap-extended\">\n\t\t\t\t\t<div class=\"elementor-column elementor-col-100 elementor-top-column elementor-element elementor-element-5a932fa sc_content_align_inherit sc_layouts_column_icons_position_left sc_fly_static\" data-id=\"5a932fa\" data-element_type=\"column\" data-e-type=\"column\">\n\t\t\t<div class=\"elementor-widget-wrap elementor-element-populated\">\n\t\t\t\t\t\t<div class=\"elementor-element elementor-element-db03c26 sc_height_huge sc_fly_static elementor-widget elementor-widget-spacer\" data-id=\"db03c26\" data-element_type=\"widget\" data-e-type=\"widget\" data-widget_type=\"spacer.default\">\n\t\t\t\t<div class=\"elementor-widget-container\">\n\t\t\t\t\t\t\t<div class=\"elementor-spacer\">\n\t\t\t<div class=\"elementor-spacer-inner\"><\/div>\n\t\t<\/div>\n\t\t\t\t\t\t<\/div>\n\t\t\t\t<\/div>\n\t\t\t\t<div class=\"elementor-element elementor-element-4fbb9e6 elementor-hidden-desktop elementor-hidden-tablet elementor-hidden-mobile sc_layouts_hide_on_wide sc_layouts_hide_on_desktop sc_layouts_hide_on_notebook sc_layouts_hide_on_tablet sc_layouts_hide_on_mobile sc_fly_static elementor-widget elementor-widget-trx_sc_title\" data-id=\"4fbb9e6\" data-element_type=\"widget\" data-e-type=\"widget\" data-widget_type=\"trx_sc_title.default\">\n\t\t\t\t<div class=\"elementor-widget-container\">\n\t\t\t\t\t<div\t\tclass=\"sc_title sc_title_default\" ><h2 class=\"sc_item_title sc_title_title sc_item_title_style_default sc_item_title_tag\"\n\t\t\t><span class=\"sc_item_title_text\">Kdo jsem<\/span><\/h2><\/div>\t\t\t\t<\/div>\n\t\t\t\t<\/div>\n\t\t\t\t<div class=\"elementor-element elementor-element-c0bc600 sc_fly_static elementor-widget elementor-widget-spacer\" data-id=\"c0bc600\" data-element_type=\"widget\" data-e-type=\"widget\" data-widget_type=\"spacer.default\">\n\t\t\t\t<div class=\"elementor-widget-container\">\n\t\t\t\t\t\t\t<div class=\"elementor-spacer\">\n\t\t\t<div class=\"elementor-spacer-inner\"><\/div>\n\t\t<\/div>\n\t\t\t\t\t\t<\/div>\n\t\t\t\t<\/div>\n\t\t\t\t\t<\/div>\n\t\t<\/div>\n\t\t\t\t\t<\/div>\n\t\t<\/section>\n\t\t\t\t<section class=\"elementor-section elementor-top-section elementor-element elementor-element-add0558 scheme_light elementor-hidden-desktop elementor-hidden-tablet elementor-hidden-mobile sc_layouts_hide_on_wide sc_layouts_hide_on_desktop sc_layouts_hide_on_notebook sc_layouts_hide_on_tablet sc_layouts_hide_on_mobile elementor-section-boxed elementor-section-height-default elementor-section-height-default sc_fly_static\" data-id=\"add0558\" data-element_type=\"section\" data-e-type=\"section\" data-settings=\"{&quot;background_background&quot;:&quot;classic&quot;}\">\n\t\t\t\t\t\t<div class=\"elementor-container elementor-column-gap-extended\">\n\t\t\t\t\t<div class=\"elementor-column elementor-col-100 elementor-top-column elementor-element elementor-element-087182b sc_content_align_inherit sc_layouts_column_icons_position_left sc_fly_static\" data-id=\"087182b\" data-element_type=\"column\" data-e-type=\"column\">\n\t\t\t<div class=\"elementor-widget-wrap elementor-element-populated\">\n\t\t\t\t\t\t<div class=\"elementor-element elementor-element-a8bb00d sc_fly_static elementor-widget elementor-widget-spacer\" data-id=\"a8bb00d\" data-element_type=\"widget\" data-e-type=\"widget\" data-widget_type=\"spacer.default\">\n\t\t\t\t<div class=\"elementor-widget-container\">\n\t\t\t\t\t\t\t<div class=\"elementor-spacer\">\n\t\t\t<div class=\"elementor-spacer-inner\"><\/div>\n\t\t<\/div>\n\t\t\t\t\t\t<\/div>\n\t\t\t\t<\/div>\n\t\t\t\t<div class=\"elementor-element elementor-element-9d3edb7 sc_fly_static elementor-widget elementor-widget-text-editor\" data-id=\"9d3edb7\" data-element_type=\"widget\" data-e-type=\"widget\" data-widget_type=\"text-editor.default\">\n\t\t\t\t<div class=\"elementor-widget-container\">\n\t\t\t\t\t\t\t\t\t<p><strong>Nyn\u00ed se zab\u00fdv\u00e1m anal\u00fdzou:<\/strong><\/p><ul><li>Sou\u010dasn\u00e9 ekonomiky a jej\u00edho vlivu na koncov\u00e9ho spot\u0159ebitele.<\/li><li>Finan\u010dn\u00edho syst\u00e9mu jeho produkt\u016f, kter\u00e9 nab\u00edz\u00ed.<\/li><li>Tr\u017en\u00ed hodnotou zlata a st\u0159\u00edbra a pro\u010d ho m\u00edt v\u00a0portfoliu.<\/li><li>Tr\u017en\u00ed hodnotou drah\u00fdch kamen\u016f a pro\u010d je m\u00edt v\u00a0portfoliu.<\/li><li>Legislativy registrovan\u00e9ho a neregistrovan\u00e9ho majetku.<\/li><li>Strategi\u00ed investic do fyzick\u00fdch komodit.<\/li><\/ul>\t\t\t\t\t\t\t\t<\/div>\n\t\t\t\t<\/div>\n\t\t\t\t<div class=\"elementor-element elementor-element-2ac87ea sc_fly_static elementor-widget elementor-widget-spacer\" data-id=\"2ac87ea\" data-element_type=\"widget\" data-e-type=\"widget\" data-widget_type=\"spacer.default\">\n\t\t\t\t<div class=\"elementor-widget-container\">\n\t\t\t\t\t\t\t<div class=\"elementor-spacer\">\n\t\t\t<div class=\"elementor-spacer-inner\"><\/div>\n\t\t<\/div>\n\t\t\t\t\t\t<\/div>\n\t\t\t\t<\/div>\n\t\t\t\t<div class=\"elementor-element elementor-element-4db678b sc_fly_static elementor-widget elementor-widget-text-editor\" data-id=\"4db678b\" data-element_type=\"widget\" data-e-type=\"widget\" data-widget_type=\"text-editor.default\">\n\t\t\t\t<div class=\"elementor-widget-container\">\n\t\t\t\t\t\t\t\t\t<p><strong>M\u016fj za\u010d\u00e1tek s komoditami<\/strong><\/p><p>Doposud jsem se pohyboval se sv\u011bt\u011b IT a elektrotechniky. V\u00a0r\u00e1mci sv\u00e9 pr\u00e1ce se potk\u00e1m s\u00a0velkou spoustou lid\u00ed a v\u011bt\u0161ina je velmi rozmrzel\u00e1 z\u00a0ekonomick\u00e9 situace.<\/p><p>Kdy\u017e se pod\u00edv\u00e1m do sv\u011bta okolo sebe, tak na oby\u010dejn\u00e9ho \u010dlov\u011bka dopad\u00e1 nejv\u00edce politick\u00e9ho d\u011bn\u00ed a ovliv\u0148uje n\u00e1m v\u0161em \u017eivot. Bohu\u017eel v\u00a0posledn\u00ed dob\u011b v\u00fdrazn\u011b negativn\u011b. Jsem pragmatick\u00fd \u010dlov\u011bk a rodi\u010de m\u011b u\u010dili, jak spr\u00e1vn\u011b hospoda\u0159it. V\u00a0dne\u0161n\u00edm nest\u00e1l\u00e9m sv\u011bt\u011b se \u010dlov\u011bk m\u016f\u017ee spol\u00e9hat hlavn\u011b s\u00e1m na sebe. Vl\u00e1dnouc\u00ed garnitura se o oby\u010dejn\u00e9 lidi ani nezaj\u00edm\u00e1.<\/p><p>Pro\u010d pr\u00e1v\u011b Moje p\u0159\u00edle\u017eitost CZ? \u017divot n\u011bkdy nab\u00edz\u00ed zaj\u00edmav\u00e9 cesty a nept\u00e1 se. Prost\u011b jen p\u0159ijde a zaklepe. Z\u010distajasna se otev\u0159ou dve\u0159e nov\u00fdch mo\u017enost\u00ed a pozn\u00e1n\u00ed, do kter\u00fdch mus\u00edte vkro\u010dit. A p\u0159esn\u011b toto se stalo i m\u011b. Naskytla se mi skv\u011bl\u00e1 p\u0159\u00edle\u017eitost investice do drah\u00e9ho kamene, do Tanzanitu. N\u00e1kup kamene m\u011b inspiroval natolik, \u017ee r\u00e1d budu s\u00a0V\u00e1mi sd\u00edlet cenn\u00e9 informace, zku\u0161enosti, ale tak\u00e9 zaj\u00edmav\u00e9 mo\u017enosti a alternativy z\u00a0hlediska investic. Skrze prvn\u00ed n\u00e1kup drah\u00e9ho kamene mn\u011b tento sv\u011bt u\u010daroval, a r\u00e1d bych se s\u00a0V\u00e1mi pod\u011blil o sv\u00e9 know-how v\u00a0oblasti drah\u00fdch kov\u016f a investi\u010dn\u00edch drahokam\u016f.<\/p><p>M\u016fj projekt nese n\u00e1zev Moje p\u0159\u00edle\u017eitost a dosti na tom, \u017ee je to i Va\u0161e p\u0159\u00edle\u017eitost zhodnotit sv\u00e9 finance do budoucna. J\u00e1 se \u0159\u00edd\u00edm heslem: Co je doma, to se po\u010d\u00edt\u00e1!!! R\u00e1d V\u00e1m uk\u00e1\u017eu, jak se o sebe a o sv\u00e9 rodiny i firmy postarat tro\u0161ku l\u00edp. Investujte do re\u00e1ln\u00e9 hodnoty a budujte skute\u010dn\u00e9 bohatstv\u00ed \ud83d\ude0a.<\/p><p><strong>\u017divotn\u00ed optimista, otec, man\u017eel, praktik, konzultant, analytik<\/strong><\/p><p>J\u00e1 se na drah\u00e9 kovy d\u00edv\u00e1m jako na n\u00e1stroj, jako budouc\u00ed prost\u0159edek, za kter\u00fd budu moct nakoupit, co budu pot\u0159ebovat. Zlato a st\u0159\u00edbro jsou re\u00e1ln\u00e9 pen\u00edze a ve\u00a0va\u0161em investi\u010dn\u00edm portfoliu je to strategick\u00e1 surovina. Pom\u011br komodit ve va\u0161em portfoliu by m\u011bl b\u00fdt 20% p\u0159i b\u011b\u017en\u00e9 ekonomick\u00e9 situaci. P\u0159i ekonomick\u00e9 recesi, zv\u00fd\u0161en\u00e9 m\u00edry inflace a stagnace ekonomiky je t\u0159eba m\u00edt v\u00a0komodit\u00e1ch neboli ve zlat\u011b a st\u0159\u00edb\u0159e a\u017e 40% hodnoty portfolia (v\u00fdzva &gt; vyberte si vhodn\u00fd mix komodit).<\/p>\t\t\t\t\t\t\t\t<\/div>\n\t\t\t\t<\/div>\n\t\t\t\t<div class=\"elementor-element elementor-element-426a21a sc_fly_static elementor-widget elementor-widget-spacer\" data-id=\"426a21a\" data-element_type=\"widget\" data-e-type=\"widget\" data-widget_type=\"spacer.default\">\n\t\t\t\t<div class=\"elementor-widget-container\">\n\t\t\t\t\t\t\t<div class=\"elementor-spacer\">\n\t\t\t<div class=\"elementor-spacer-inner\"><\/div>\n\t\t<\/div>\n\t\t\t\t\t\t<\/div>\n\t\t\t\t<\/div>\n\t\t\t\t<div class=\"elementor-element elementor-element-2c7b8c2 sc_fly_static elementor-widget elementor-widget-text-editor\" data-id=\"2c7b8c2\" data-element_type=\"widget\" data-e-type=\"widget\" data-widget_type=\"text-editor.default\">\n\t\t\t\t<div class=\"elementor-widget-container\">\n\t\t\t\t\t\t\t\t\t<p><strong>M\u016fj apel<\/strong><\/p><p>Zapome\u0148te na to, \u017ee se o V\u00e1s st\u00e1t postar\u00e1. Je z\u00e1sadn\u011b d\u016fle\u017eit\u00e9, abyste si uv\u011bdomili, \u017ee se mus\u00edte o sebe postarat sami.<\/p><p>S\u00a0podpisem <strong>Ji\u0159\u00ed Ovs\u00edk<\/strong><\/p>\t\t\t\t\t\t\t\t<\/div>\n\t\t\t\t<\/div>\n\t\t\t\t<div class=\"elementor-element elementor-element-bd27b9e sc_height_huge sc_fly_static elementor-widget elementor-widget-spacer\" data-id=\"bd27b9e\" data-element_type=\"widget\" data-e-type=\"widget\" data-widget_type=\"spacer.default\">\n\t\t\t\t<div class=\"elementor-widget-container\">\n\t\t\t\t\t\t\t<div class=\"elementor-spacer\">\n\t\t\t<div class=\"elementor-spacer-inner\"><\/div>\n\t\t<\/div>\n\t\t\t\t\t\t<\/div>\n\t\t\t\t<\/div>\n\t\t\t\t\t<\/div>\n\t\t<\/div>\n\t\t\t\t\t<\/div>\n\t\t<\/section>\n\t\t\t\t<\/div>","protected":false},"excerpt":{"rendered":"<p>FAQ Tato sekce se p\u0159ipravuje. Existuj\u00ed 4 z\u00e1kladn\u00ed aktiva, do kter\u00fdch m\u016f\u017eete investovat. (popsat jejich&hellip;<\/p>","protected":false},"author":1,"featured_media":0,"parent":0,"menu_order":0,"comment_status":"closed","ping_status":"closed","template":"","meta":{"footnotes":""},"class_list":["post-23350","page","type-page","status-publish","hentry"],"yoast_head":"<!-- This site is optimized with the Yoast SEO Premium plugin v20.11 (Yoast SEO v27.4) - https:\/\/yoast.com\/product\/yoast-seo-premium-wordpress\/ -->\n<title>FAQ - Moje p\u0159\u00edle\u017eitost CZ s.r.o.<\/title>\n<meta name=\"robots\" content=\"index, follow, max-snippet:-1, max-image-preview:large, max-video-preview:-1\" \/>\n<link rel=\"canonical\" href=\"https:\/\/mojeprilezitost.cz\/en\/faq\/\" \/>\n<meta property=\"og:locale\" content=\"en_US\" \/>\n<meta property=\"og:type\" content=\"article\" \/>\n<meta property=\"og:title\" content=\"FAQ\" \/>\n<meta property=\"og:description\" content=\"FAQ Tato sekce se p\u0159ipravuje. Existuj\u00ed 4 z\u00e1kladn\u00ed aktiva, do kter\u00fdch m\u016f\u017eete investovat. (popsat jejich&hellip;\" \/>\n<meta property=\"og:url\" content=\"https:\/\/mojeprilezitost.cz\/en\/faq\/\" \/>\n<meta property=\"og:site_name\" content=\"Moje p\u0159\u00edle\u017eitost CZ s.r.o.\" \/>\n<meta property=\"article:modified_time\" content=\"2025-03-24T21:39:50+00:00\" \/>\n<meta property=\"og:image\" content=\"https:\/\/mojeprilezitost.cz\/wp-content\/uploads\/2025\/03\/WEB-obrazky.png\" \/>\n\t<meta property=\"og:image:width\" content=\"1366\" \/>\n\t<meta property=\"og:image:height\" content=\"236\" \/>\n\t<meta property=\"og:image:type\" content=\"image\/png\" \/>\n<meta name=\"twitter:card\" content=\"summary_large_image\" \/>\n<meta name=\"twitter:label1\" content=\"Est. reading time\" \/>\n\t<meta name=\"twitter:data1\" content=\"3 minutes\" \/>\n<script type=\"application\/ld+json\" class=\"yoast-schema-graph\">{\"@context\":\"https:\\\/\\\/schema.org\",\"@graph\":[{\"@type\":\"WebPage\",\"@id\":\"https:\\\/\\\/mojeprilezitost.cz\\\/en\\\/faq\\\/\",\"url\":\"https:\\\/\\\/mojeprilezitost.cz\\\/en\\\/faq\\\/\",\"name\":\"FAQ - Moje p\u0159\u00edle\u017eitost CZ s.r.o.\",\"isPartOf\":{\"@id\":\"https:\\\/\\\/mojeprilezitost.cz\\\/en\\\/#website\"},\"primaryImageOfPage\":{\"@id\":\"https:\\\/\\\/mojeprilezitost.cz\\\/en\\\/faq\\\/#primaryimage\"},\"image\":{\"@id\":\"https:\\\/\\\/mojeprilezitost.cz\\\/en\\\/faq\\\/#primaryimage\"},\"thumbnailUrl\":\"https:\\\/\\\/mojeprilezitost.cz\\\/wp-content\\\/uploads\\\/2025\\\/03\\\/WEB-obrazky-1024x177.png\",\"datePublished\":\"2025-03-24T21:36:43+00:00\",\"dateModified\":\"2025-03-24T21:39:50+00:00\",\"breadcrumb\":{\"@id\":\"https:\\\/\\\/mojeprilezitost.cz\\\/en\\\/faq\\\/#breadcrumb\"},\"inLanguage\":\"en-US\",\"potentialAction\":[{\"@type\":\"ReadAction\",\"target\":[\"https:\\\/\\\/mojeprilezitost.cz\\\/en\\\/faq\\\/\"]}]},{\"@type\":\"ImageObject\",\"inLanguage\":\"en-US\",\"@id\":\"https:\\\/\\\/mojeprilezitost.cz\\\/en\\\/faq\\\/#primaryimage\",\"url\":\"https:\\\/\\\/mojeprilezitost.cz\\\/wp-content\\\/uploads\\\/2025\\\/03\\\/WEB-obrazky-1024x177.png\",\"contentUrl\":\"https:\\\/\\\/mojeprilezitost.cz\\\/wp-content\\\/uploads\\\/2025\\\/03\\\/WEB-obrazky-1024x177.png\"},{\"@type\":\"BreadcrumbList\",\"@id\":\"https:\\\/\\\/mojeprilezitost.cz\\\/en\\\/faq\\\/#breadcrumb\",\"itemListElement\":[{\"@type\":\"ListItem\",\"position\":1,\"name\":\"Home\",\"item\":\"https:\\\/\\\/mojeprilezitost.cz\\\/\"},{\"@type\":\"ListItem\",\"position\":2,\"name\":\"FAQ\"}]},{\"@type\":\"WebSite\",\"@id\":\"https:\\\/\\\/mojeprilezitost.cz\\\/en\\\/#website\",\"url\":\"https:\\\/\\\/mojeprilezitost.cz\\\/en\\\/\",\"name\":\"Moje p\u0159\u00edle\u017eitost CZ s.r.o.\",\"description\":\"Co je doma, to se po\u010d\u00edt\u00e1\",\"publisher\":{\"@id\":\"https:\\\/\\\/mojeprilezitost.cz\\\/en\\\/#organization\"},\"potentialAction\":[{\"@type\":\"SearchAction\",\"target\":{\"@type\":\"EntryPoint\",\"urlTemplate\":\"https:\\\/\\\/mojeprilezitost.cz\\\/en\\\/?s={search_term_string}\"},\"query-input\":{\"@type\":\"PropertyValueSpecification\",\"valueRequired\":true,\"valueName\":\"search_term_string\"}}],\"inLanguage\":\"en-US\"},{\"@type\":\"Organization\",\"@id\":\"https:\\\/\\\/mojeprilezitost.cz\\\/en\\\/#organization\",\"name\":\"Moje p\u0159\u00edle\u017eitost CZ s.r.o.\",\"url\":\"https:\\\/\\\/mojeprilezitost.cz\\\/en\\\/\",\"logo\":{\"@type\":\"ImageObject\",\"inLanguage\":\"en-US\",\"@id\":\"https:\\\/\\\/mojeprilezitost.cz\\\/en\\\/#\\\/schema\\\/logo\\\/image\\\/\",\"url\":\"https:\\\/\\\/mojeprilezitost.cz\\\/wp-content\\\/uploads\\\/2022\\\/01\\\/Jiri-Ovsik-predni.png\",\"contentUrl\":\"https:\\\/\\\/mojeprilezitost.cz\\\/wp-content\\\/uploads\\\/2022\\\/01\\\/Jiri-Ovsik-predni.png\",\"width\":500,\"height\":500,\"caption\":\"Moje p\u0159\u00edle\u017eitost CZ s.r.o.\"},\"image\":{\"@id\":\"https:\\\/\\\/mojeprilezitost.cz\\\/en\\\/#\\\/schema\\\/logo\\\/image\\\/\"}}]}<\/script>\n<!-- \/ Yoast SEO Premium plugin. -->","yoast_head_json":{"title":"FAQ - Moje p\u0159\u00edle\u017eitost CZ s.r.o.","robots":{"index":"index","follow":"follow","max-snippet":"max-snippet:-1","max-image-preview":"max-image-preview:large","max-video-preview":"max-video-preview:-1"},"canonical":"https:\/\/mojeprilezitost.cz\/en\/faq\/","og_locale":"en_US","og_type":"article","og_title":"FAQ","og_description":"FAQ Tato sekce se p\u0159ipravuje. Existuj\u00ed 4 z\u00e1kladn\u00ed aktiva, do kter\u00fdch m\u016f\u017eete investovat. (popsat jejich&hellip;","og_url":"https:\/\/mojeprilezitost.cz\/en\/faq\/","og_site_name":"Moje p\u0159\u00edle\u017eitost CZ s.r.o.","article_modified_time":"2025-03-24T21:39:50+00:00","og_image":[{"width":1366,"height":236,"url":"https:\/\/mojeprilezitost.cz\/wp-content\/uploads\/2025\/03\/WEB-obrazky.png","type":"image\/png"}],"twitter_card":"summary_large_image","twitter_misc":{"Est. reading time":"3 minutes"},"schema":{"@context":"https:\/\/schema.org","@graph":[{"@type":"WebPage","@id":"https:\/\/mojeprilezitost.cz\/en\/faq\/","url":"https:\/\/mojeprilezitost.cz\/en\/faq\/","name":"FAQ - Moje p\u0159\u00edle\u017eitost CZ s.r.o.","isPartOf":{"@id":"https:\/\/mojeprilezitost.cz\/en\/#website"},"primaryImageOfPage":{"@id":"https:\/\/mojeprilezitost.cz\/en\/faq\/#primaryimage"},"image":{"@id":"https:\/\/mojeprilezitost.cz\/en\/faq\/#primaryimage"},"thumbnailUrl":"https:\/\/mojeprilezitost.cz\/wp-content\/uploads\/2025\/03\/WEB-obrazky-1024x177.png","datePublished":"2025-03-24T21:36:43+00:00","dateModified":"2025-03-24T21:39:50+00:00","breadcrumb":{"@id":"https:\/\/mojeprilezitost.cz\/en\/faq\/#breadcrumb"},"inLanguage":"en-US","potentialAction":[{"@type":"ReadAction","target":["https:\/\/mojeprilezitost.cz\/en\/faq\/"]}]},{"@type":"ImageObject","inLanguage":"en-US","@id":"https:\/\/mojeprilezitost.cz\/en\/faq\/#primaryimage","url":"https:\/\/mojeprilezitost.cz\/wp-content\/uploads\/2025\/03\/WEB-obrazky-1024x177.png","contentUrl":"https:\/\/mojeprilezitost.cz\/wp-content\/uploads\/2025\/03\/WEB-obrazky-1024x177.png"},{"@type":"BreadcrumbList","@id":"https:\/\/mojeprilezitost.cz\/en\/faq\/#breadcrumb","itemListElement":[{"@type":"ListItem","position":1,"name":"Home","item":"https:\/\/mojeprilezitost.cz\/"},{"@type":"ListItem","position":2,"name":"FAQ"}]},{"@type":"WebSite","@id":"https:\/\/mojeprilezitost.cz\/en\/#website","url":"https:\/\/mojeprilezitost.cz\/en\/","name":"Moje p\u0159\u00edle\u017eitost CZ s.r.o.","description":"Co je doma, to se po\u010d\u00edt\u00e1","publisher":{"@id":"https:\/\/mojeprilezitost.cz\/en\/#organization"},"potentialAction":[{"@type":"SearchAction","target":{"@type":"EntryPoint","urlTemplate":"https:\/\/mojeprilezitost.cz\/en\/?s={search_term_string}"},"query-input":{"@type":"PropertyValueSpecification","valueRequired":true,"valueName":"search_term_string"}}],"inLanguage":"en-US"},{"@type":"Organization","@id":"https:\/\/mojeprilezitost.cz\/en\/#organization","name":"Moje p\u0159\u00edle\u017eitost CZ s.r.o.","url":"https:\/\/mojeprilezitost.cz\/en\/","logo":{"@type":"ImageObject","inLanguage":"en-US","@id":"https:\/\/mojeprilezitost.cz\/en\/#\/schema\/logo\/image\/","url":"https:\/\/mojeprilezitost.cz\/wp-content\/uploads\/2022\/01\/Jiri-Ovsik-predni.png","contentUrl":"https:\/\/mojeprilezitost.cz\/wp-content\/uploads\/2022\/01\/Jiri-Ovsik-predni.png","width":500,"height":500,"caption":"Moje p\u0159\u00edle\u017eitost CZ s.r.o."},"image":{"@id":"https:\/\/mojeprilezitost.cz\/en\/#\/schema\/logo\/image\/"}}]}},"_links":{"self":[{"href":"https:\/\/mojeprilezitost.cz\/en\/wp-json\/wp\/v2\/pages\/23350","targetHints":{"allow":["GET"]}}],"collection":[{"href":"https:\/\/mojeprilezitost.cz\/en\/wp-json\/wp\/v2\/pages"}],"about":[{"href":"https:\/\/mojeprilezitost.cz\/en\/wp-json\/wp\/v2\/types\/page"}],"author":[{"embeddable":true,"href":"https:\/\/mojeprilezitost.cz\/en\/wp-json\/wp\/v2\/users\/1"}],"replies":[{"embeddable":true,"href":"https:\/\/mojeprilezitost.cz\/en\/wp-json\/wp\/v2\/comments?post=23350"}],"version-history":[{"count":4,"href":"https:\/\/mojeprilezitost.cz\/en\/wp-json\/wp\/v2\/pages\/23350\/revisions"}],"predecessor-version":[{"id":23355,"href":"https:\/\/mojeprilezitost.cz\/en\/wp-json\/wp\/v2\/pages\/23350\/revisions\/23355"}],"wp:attachment":[{"href":"https:\/\/mojeprilezitost.cz\/en\/wp-json\/wp\/v2\/media?parent=23350"}],"curies":[{"name":"wp","href":"https:\/\/api.w.org\/{rel}","templated":true}]}}