{"id":23323,"date":"2025-03-24T21:21:47","date_gmt":"2025-03-24T21:21:47","guid":{"rendered":"https:\/\/mojeprilezitost.cz\/?page_id=23323"},"modified":"2025-10-30T19:05:47","modified_gmt":"2025-10-30T19:05:47","slug":"blog","status":"publish","type":"page","link":"https:\/\/mojeprilezitost.cz\/en\/blog\/","title":{"rendered":"Blog"},"content":{"rendered":"<div data-elementor-type=\"wp-page\" data-elementor-id=\"23323\" class=\"elementor elementor-23323\" data-elementor-post-type=\"page\">\n\t\t\t\t\t\t<section class=\"elementor-section elementor-top-section elementor-element elementor-element-55c2b972 elementor-section-boxed elementor-section-height-default elementor-section-height-default sc_fly_static\" data-id=\"55c2b972\" data-element_type=\"section\" data-e-type=\"section\">\n\t\t\t\t\t\t<div class=\"elementor-container elementor-column-gap-extended\">\n\t\t\t\t\t<div class=\"elementor-column elementor-col-100 elementor-top-column elementor-element elementor-element-6d987e80 sc_content_align_inherit sc_layouts_column_icons_position_left sc_fly_static\" data-id=\"6d987e80\" data-element_type=\"column\" data-e-type=\"column\">\n\t\t\t<div class=\"elementor-widget-wrap elementor-element-populated\">\n\t\t\t\t\t\t<div class=\"elementor-element elementor-element-856c8d9 sc_height_huge sc_fly_static elementor-widget elementor-widget-spacer\" data-id=\"856c8d9\" data-element_type=\"widget\" data-e-type=\"widget\" data-widget_type=\"spacer.default\">\n\t\t\t\t<div class=\"elementor-widget-container\">\n\t\t\t\t\t\t\t<div class=\"elementor-spacer\">\n\t\t\t<div class=\"elementor-spacer-inner\"><\/div>\n\t\t<\/div>\n\t\t\t\t\t\t<\/div>\n\t\t\t\t<\/div>\n\t\t\t\t<div class=\"elementor-element elementor-element-157c8a9b sc_fly_static elementor-widget elementor-widget-trx_sc_title\" data-id=\"157c8a9b\" data-element_type=\"widget\" data-e-type=\"widget\" data-widget_type=\"trx_sc_title.default\">\n\t\t\t\t<div class=\"elementor-widget-container\">\n\t\t\t\t\t<div\t\tclass=\"sc_title sc_title_default\" ><h2 class=\"sc_item_title sc_title_title sc_item_title_style_default sc_item_title_tag\"\n\t\t\t><span class=\"sc_item_title_text\">Blog<\/span><\/h2><\/div>\t\t\t\t<\/div>\n\t\t\t\t<\/div>\n\t\t\t\t<div class=\"elementor-element elementor-element-6ee3240 sc_height_tiny sc_fly_static elementor-widget elementor-widget-spacer\" data-id=\"6ee3240\" data-element_type=\"widget\" data-e-type=\"widget\" data-widget_type=\"spacer.default\">\n\t\t\t\t<div class=\"elementor-widget-container\">\n\t\t\t\t\t\t\t<div class=\"elementor-spacer\">\n\t\t\t<div class=\"elementor-spacer-inner\"><\/div>\n\t\t<\/div>\n\t\t\t\t\t\t<\/div>\n\t\t\t\t<\/div>\n\t\t\t\t<div class=\"elementor-element elementor-element-ce8d416 sc_style_default sc_fly_static elementor-widget elementor-widget-trx_sc_blogger\" data-id=\"ce8d416\" data-element_type=\"widget\" data-e-type=\"widget\" data-widget_type=\"trx_sc_blogger.default\">\n\t\t\t\t<div class=\"elementor-widget-container\">\n\t\t\t\t\t<div \t\tclass=\"sc_blogger sc_blogger_classic-masonry sc_blogger_classic-masonry_default sc_item_filters_tabs_none alignnone\" ><div class=\"sc_blogger_content sc_item_content sc_item_posts_container posts_container classic-masonry_wrap classic-masonry_3 masonry_wrap masonry_3\" ><div class=\"masonry_item masonry_item-1_3\"><article id=\"post-22780\" data-post-id=\"22780\"\n\tclass=\"post_item post_item_container post_format_standard post_layout_classic post_layout_classic_3 post_layout_classic-masonry post_layout_classic-masonry_3 post-22780 post type-post status-publish format-standard has-post-thumbnail hentry category-investicni-typy\">\n\t<div class=\"post_featured with_thumb hover_link\"><img fetchpriority=\"high\" decoding=\"async\" width=\"410\" height=\"289\" src=\"https:\/\/mojeprilezitost.cz\/wp-content\/uploads\/2025\/12\/Vystava-drahokamu-ATT-Olomouc-410x289.png\" class=\"attachment-invetex-thumb-masonry size-invetex-thumb-masonry wp-post-image\" alt=\"\" srcset=\"https:\/\/mojeprilezitost.cz\/wp-content\/uploads\/2025\/12\/Vystava-drahokamu-ATT-Olomouc-410x289.png 410w, https:\/\/mojeprilezitost.cz\/wp-content\/uploads\/2025\/12\/Vystava-drahokamu-ATT-Olomouc-300x211.png 300w, https:\/\/mojeprilezitost.cz\/wp-content\/uploads\/2025\/12\/Vystava-drahokamu-ATT-Olomouc-1024x721.png 1024w, https:\/\/mojeprilezitost.cz\/wp-content\/uploads\/2025\/12\/Vystava-drahokamu-ATT-Olomouc-768x541.png 768w, https:\/\/mojeprilezitost.cz\/wp-content\/uploads\/2025\/12\/Vystava-drahokamu-ATT-Olomouc-1536x1082.png 1536w, https:\/\/mojeprilezitost.cz\/wp-content\/uploads\/2025\/12\/Vystava-drahokamu-ATT-Olomouc-18x12.png 18w, https:\/\/mojeprilezitost.cz\/wp-content\/uploads\/2025\/12\/Vystava-drahokamu-ATT-Olomouc-370x261.png 370w, https:\/\/mojeprilezitost.cz\/wp-content\/uploads\/2025\/12\/Vystava-drahokamu-ATT-Olomouc-840x592.png 840w, https:\/\/mojeprilezitost.cz\/wp-content\/uploads\/2025\/12\/Vystava-drahokamu-ATT-Olomouc.png 2000w\" sizes=\"(max-width: 600px) 100vw, 410px\" \/>\t\t\t\t\t\t<div class=\"mask\"><\/div>\n\t\t\t\t\t\t\t\t\t<a href=\"https:\/\/mojeprilezitost.cz\/en\/prodejni-vystava-drahych-kamenu-spwrku-a-hodinek\/\"  aria-hidden=\"true\" class=\"link\"><\/a>\n\t\t\t<\/div>\t\t<div class=\"post_header entry-header\">\n\t\t\t<div class=\"post_meta\"><span class=\"post_meta_item post_categories cat_sep\"><a href=\"https:\/\/mojeprilezitost.cz\/en\/category\/investicni-typy\/\" rel=\"category tag\">Investi\u010dn\u00ed typy<\/a><\/span><span class=\"post_meta_item post_date\"><a href=\"https:\/\/mojeprilezitost.cz\/en\/prodejni-vystava-drahych-kamenu-spwrku-a-hodinek\/\"><span class=\"post_meta_item_label\">Published:<\/span>8. 10. 2024<\/a><\/span><span class=\"post_meta_item post_date\"><a href=\"https:\/\/mojeprilezitost.cz\/en\/prodejni-vystava-drahych-kamenu-spwrku-a-hodinek\/\"><span class=\"post_meta_item_label\">Updated:<\/span>2. 12. 2025<\/a><\/span><a href=\"https:\/\/mojeprilezitost.cz\/en\/prodejni-vystava-drahych-kamenu-spwrku-a-hodinek\/\" class=\"post_meta_item post_meta_views trx_addons_icon-eye\"><span class=\"post_meta_number\">963<\/span><span class=\"post_meta_label\">Views<\/span><\/a><a href=\"#\" class=\"post_meta_item post_meta_likes trx_addons_icon-heart-empty enabled\" title=\"Like\" data-postid=\"22780\" data-likes=\"0\" data-title-like=\"Like\" data-title-dislike=\"Dislike\"><span class=\"post_meta_number\">0<\/span><span class=\"post_meta_label\">Likes<\/span><\/a><a href=\"https:\/\/mojeprilezitost.cz\/en\/prodejni-vystava-drahych-kamenu-spwrku-a-hodinek\/#respond\" class=\"post_meta_item post_meta_comments icon-comment-light\"><span class=\"post_meta_number\">0<\/span><span class=\"post_meta_label\">Comments<\/span><\/a><a class=\"post_meta_item post_author\" rel=\"author\" href=\"https:\/\/mojeprilezitost.cz\/en\/author\/admin\/\"><span class=\"post_author_by\">By<\/span><span class=\"post_author_avatar\"><img alt='' src='https:\/\/secure.gravatar.com\/avatar\/4dc8020e0561b2953bed0be50d0861c53ed1d2dc07796def7c4fed0d84d1cb75?s=56&#038;d=mm&#038;r=g' srcset='https:\/\/secure.gravatar.com\/avatar\/4dc8020e0561b2953bed0be50d0861c53ed1d2dc07796def7c4fed0d84d1cb75?s=112&#038;d=mm&#038;r=g 2x' class='avatar avatar-56 photo' height='56' width='56' \/><\/span><span class=\"post_author_name\">admin<\/span><\/a><span class=\"post_meta_item post_share\"><span class=\"socials_share socials_size_tiny socials_type_drop socials_dir_horizontal\"><a href=\"#\" class=\"socials_caption\"><span class=\"socials_caption_label\">Share<\/span><\/a><span class=\"social_items\"><a class=\"social_item social_item_popup\" href=\"\/\/twitter.com\/intent\/tweet?text=Prodejn%C3%AD+v%C3%BDstava+drah%C3%BDch+kamen%C5%AF%2C+%C5%A1pwrk%C5%AF+a+hodinek&#038;url=https%3A%2F%2Fmojeprilezitost.cz%2Fen%2Fprodejni-vystava-drahych-kamenu-spwrku-a-hodinek%2F\" data-link=\"\/\/twitter.com\/intent\/tweet?text=Prodejn\u00ed v\u00fdstava drah\u00fdch kamen\u016f, \u0161pwrk\u016f a hodinek&amp;url=https%3A%2F%2Fmojeprilezitost.cz%2Fen%2Fprodejni-vystava-drahych-kamenu-spwrku-a-hodinek%2F\" data-count=\"twitter-new\"><span class=\"social_icon social_icon_twitter-new sc_icon_type_icons\" style=\"\"><span class=\"icon-twitter-new\"><\/span><i>Twitter-new<\/i><\/span><\/a><a class=\"social_item social_item_popup\" href=\"\/\/www.facebook.com\/sharer\/sharer.php?u=https%3A%2F%2Fmojeprilezitost.cz%2Fen%2Fprodejni-vystava-drahych-kamenu-spwrku-a-hodinek%2F\" data-link=\"\/\/www.facebook.com\/sharer\/sharer.php?u=https%3A%2F%2Fmojeprilezitost.cz%2Fen%2Fprodejni-vystava-drahych-kamenu-spwrku-a-hodinek%2F\" data-count=\"facebook-1\"><span class=\"social_icon social_icon_facebook-1 sc_icon_type_icons\" style=\"\"><span class=\"icon-facebook-1\"><\/span><i>Facebook<\/i><\/span><\/a><a class=\"social_item\" href=\"mailto:test@fwe.com?subject=Prodejn\u00ed%20v\u00fdstava%20drah\u00fdch%20kamen\u016f,%20\u0161pwrk\u016f%20a%20hodinek&#038;body=https%3A%2F%2Fmojeprilezitost.cz%2Fen%2Fprodejni-vystava-drahych-kamenu-spwrku-a-hodinek%2F\" target=\"_blank\" data-count=\"share-email\"><span class=\"social_icon social_icon_share-email sc_icon_type_icons\" style=\"\"><span class=\"icon-share-email\"><\/span><i>Share-email<\/i><\/span><\/a><a class=\"social_item\" title=\"Copy URL to clipboard\" data-message=\"Copied!\" data-copy-link-url=\"https:\/\/mojeprilezitost.cz\/en\/prodejni-vystava-drahych-kamenu-spwrku-a-hodinek\/\" nopopup=\"true\" href=\"#\" target=\"_blank\" data-count=\"link\"><span class=\"social_icon social_icon_link sc_icon_type_icons\" style=\"\"><span class=\"icon-link\"><\/span><i>Link<\/i><\/span><\/a><\/span><\/span><\/span><\/div><h4 class=\"post_title entry-title\"><a href=\"https:\/\/mojeprilezitost.cz\/en\/prodejni-vystava-drahych-kamenu-spwrku-a-hodinek\/\" rel=\"bookmark\">Prodejn\u00ed v\u00fdstava drah\u00fdch kamen\u016f, \u0161pwrk\u016f a hodinek<\/a><\/h4><div class=\"more-wrap\"><a class=\"post-more-link\" href=\"https:\/\/mojeprilezitost.cz\/en\/prodejni-vystava-drahych-kamenu-spwrku-a-hodinek\/\"><span class=\"link-text\">Read more<\/span><span class=\"more-link-icon\"><\/span><\/a><\/div>\t\t<\/div><!-- .entry-header -->\n\t\t\n<\/article><\/div><div class=\"masonry_item masonry_item-1_3\"><article id=\"post-24505\" data-post-id=\"24505\"\n\tclass=\"post_item post_item_container post_format_standard post_layout_classic post_layout_classic_3 post_layout_classic-masonry post_layout_classic-masonry_3 post-24505 post type-post status-publish format-standard has-post-thumbnail hentry category-investicni-typy\">\n\t<div class=\"post_featured with_thumb hover_link\"><img decoding=\"async\" width=\"410\" height=\"531\" src=\"https:\/\/mojeprilezitost.cz\/wp-content\/uploads\/2024\/10\/2_page-0001-410x531.jpg\" class=\"attachment-invetex-thumb-masonry size-invetex-thumb-masonry wp-post-image\" alt=\"\" srcset=\"https:\/\/mojeprilezitost.cz\/wp-content\/uploads\/2024\/10\/2_page-0001-410x531.jpg 410w, https:\/\/mojeprilezitost.cz\/wp-content\/uploads\/2024\/10\/2_page-0001-232x300.jpg 232w, https:\/\/mojeprilezitost.cz\/wp-content\/uploads\/2024\/10\/2_page-0001-791x1024.jpg 791w, https:\/\/mojeprilezitost.cz\/wp-content\/uploads\/2024\/10\/2_page-0001-768x994.jpg 768w, https:\/\/mojeprilezitost.cz\/wp-content\/uploads\/2024\/10\/2_page-0001-1187x1536.jpg 1187w, https:\/\/mojeprilezitost.cz\/wp-content\/uploads\/2024\/10\/2_page-0001-9x12.jpg 9w, https:\/\/mojeprilezitost.cz\/wp-content\/uploads\/2024\/10\/2_page-0001-370x479.jpg 370w, https:\/\/mojeprilezitost.cz\/wp-content\/uploads\/2024\/10\/2_page-0001-840x1087.jpg 840w, https:\/\/mojeprilezitost.cz\/wp-content\/uploads\/2024\/10\/2_page-0001.jpg 1347w\" sizes=\"(max-width: 600px) 100vw, 410px\" \/>\t\t\t\t\t\t<div class=\"mask\"><\/div>\n\t\t\t\t\t\t\t\t\t<a href=\"https:\/\/mojeprilezitost.cz\/en\/tanzanit-investicni-prilezitost-ktera-brzy-zmizi-2\/\"  aria-hidden=\"true\" class=\"link\"><\/a>\n\t\t\t<\/div>\t\t<div class=\"post_header entry-header\">\n\t\t\t<div class=\"post_meta\"><span class=\"post_meta_item post_categories cat_sep\"><a href=\"https:\/\/mojeprilezitost.cz\/en\/category\/investicni-typy\/\" rel=\"category tag\">Investi\u010dn\u00ed typy<\/a><\/span><span class=\"post_meta_item post_date\"><a href=\"https:\/\/mojeprilezitost.cz\/en\/tanzanit-investicni-prilezitost-ktera-brzy-zmizi-2\/\"><span class=\"post_meta_item_label\">Published:<\/span>2. 12. 2025<\/a><\/span><a href=\"https:\/\/mojeprilezitost.cz\/en\/tanzanit-investicni-prilezitost-ktera-brzy-zmizi-2\/\" class=\"post_meta_item post_meta_views trx_addons_icon-eye\"><span class=\"post_meta_number\">979<\/span><span class=\"post_meta_label\">Views<\/span><\/a><a href=\"#\" class=\"post_meta_item post_meta_likes trx_addons_icon-heart-empty enabled\" title=\"Like\" data-postid=\"24505\" data-likes=\"0\" data-title-like=\"Like\" data-title-dislike=\"Dislike\"><span class=\"post_meta_number\">0<\/span><span class=\"post_meta_label\">Likes<\/span><\/a><a href=\"https:\/\/mojeprilezitost.cz\/en\/tanzanit-investicni-prilezitost-ktera-brzy-zmizi-2\/#respond\" class=\"post_meta_item post_meta_comments icon-comment-light\"><span class=\"post_meta_number\">0<\/span><span class=\"post_meta_label\">Comments<\/span><\/a><a class=\"post_meta_item post_author\" rel=\"author\" href=\"https:\/\/mojeprilezitost.cz\/en\/author\/admin\/\"><span class=\"post_author_by\">By<\/span><span class=\"post_author_avatar\"><img alt='' src='https:\/\/secure.gravatar.com\/avatar\/4dc8020e0561b2953bed0be50d0861c53ed1d2dc07796def7c4fed0d84d1cb75?s=56&#038;d=mm&#038;r=g' srcset='https:\/\/secure.gravatar.com\/avatar\/4dc8020e0561b2953bed0be50d0861c53ed1d2dc07796def7c4fed0d84d1cb75?s=112&#038;d=mm&#038;r=g 2x' class='avatar avatar-56 photo' height='56' width='56' \/><\/span><span class=\"post_author_name\">admin<\/span><\/a><span class=\"post_meta_item post_share\"><span class=\"socials_share socials_size_tiny socials_type_drop socials_dir_horizontal\"><a href=\"#\" class=\"socials_caption\"><span class=\"socials_caption_label\">Share<\/span><\/a><span class=\"social_items\"><a class=\"social_item social_item_popup\" href=\"\/\/twitter.com\/intent\/tweet?text=Tanzanit+investi%C4%8Dn%C3%AD+p%C5%99%C3%ADle%C5%BEitost%2C+kter%C3%A1+brzy+zmiz%C3%AD&#038;url=https%3A%2F%2Fmojeprilezitost.cz%2Fen%2Ftanzanit-investicni-prilezitost-ktera-brzy-zmizi-2%2F\" data-link=\"\/\/twitter.com\/intent\/tweet?text=Tanzanit investi\u010dn\u00ed p\u0159\u00edle\u017eitost, kter\u00e1 brzy zmiz\u00ed&amp;url=https%3A%2F%2Fmojeprilezitost.cz%2Fen%2Ftanzanit-investicni-prilezitost-ktera-brzy-zmizi-2%2F\" data-count=\"twitter-new\"><span class=\"social_icon social_icon_twitter-new sc_icon_type_icons\" style=\"\"><span class=\"icon-twitter-new\"><\/span><i>Twitter-new<\/i><\/span><\/a><a class=\"social_item social_item_popup\" href=\"\/\/www.facebook.com\/sharer\/sharer.php?u=https%3A%2F%2Fmojeprilezitost.cz%2Fen%2Ftanzanit-investicni-prilezitost-ktera-brzy-zmizi-2%2F\" data-link=\"\/\/www.facebook.com\/sharer\/sharer.php?u=https%3A%2F%2Fmojeprilezitost.cz%2Fen%2Ftanzanit-investicni-prilezitost-ktera-brzy-zmizi-2%2F\" data-count=\"facebook-1\"><span class=\"social_icon social_icon_facebook-1 sc_icon_type_icons\" style=\"\"><span class=\"icon-facebook-1\"><\/span><i>Facebook<\/i><\/span><\/a><a class=\"social_item\" href=\"mailto:test@fwe.com?subject=Tanzanit%20investi\u010dn\u00ed%20p\u0159\u00edle\u017eitost,%20kter\u00e1%20brzy%20zmiz\u00ed&#038;body=https%3A%2F%2Fmojeprilezitost.cz%2Fen%2Ftanzanit-investicni-prilezitost-ktera-brzy-zmizi-2%2F\" target=\"_blank\" data-count=\"share-email\"><span class=\"social_icon social_icon_share-email sc_icon_type_icons\" style=\"\"><span class=\"icon-share-email\"><\/span><i>Share-email<\/i><\/span><\/a><a class=\"social_item\" title=\"Copy URL to clipboard\" data-message=\"Copied!\" data-copy-link-url=\"https:\/\/mojeprilezitost.cz\/en\/tanzanit-investicni-prilezitost-ktera-brzy-zmizi-2\/\" nopopup=\"true\" href=\"#\" target=\"_blank\" data-count=\"link\"><span class=\"social_icon social_icon_link sc_icon_type_icons\" style=\"\"><span class=\"icon-link\"><\/span><i>Link<\/i><\/span><\/a><\/span><\/span><\/span><\/div><h4 class=\"post_title entry-title\"><a href=\"https:\/\/mojeprilezitost.cz\/en\/tanzanit-investicni-prilezitost-ktera-brzy-zmizi-2\/\" rel=\"bookmark\">Tanzanit investi\u010dn\u00ed p\u0159\u00edle\u017eitost, kter\u00e1 brzy zmiz\u00ed<\/a><\/h4><div class=\"more-wrap\"><a class=\"post-more-link\" href=\"https:\/\/mojeprilezitost.cz\/en\/tanzanit-investicni-prilezitost-ktera-brzy-zmizi-2\/\"><span class=\"link-text\">Read more<\/span><span class=\"more-link-icon\"><\/span><\/a><\/div>\t\t<\/div><!-- .entry-header -->\n\t\t\n<\/article><\/div><\/div><\/div>\t\t\t\t<\/div>\n\t\t\t\t<\/div>\n\t\t\t\t\t<\/div>\n\t\t<\/div>\n\t\t\t\t\t<\/div>\n\t\t<\/section>\n\t\t\t\t<\/div>","protected":false},"excerpt":{"rendered":"<p>Blog Investi\u010dn\u00ed typyPublished:8. 10. 2024Updated:17 minut ago886Views0Likes0CommentsByadminShareTwitter-newFacebookShare-emailLinkEdit Tanzanit investi\u010dn\u00ed p\u0159\u00edle\u017eitost, kter\u00e1 brzy zmiz\u00ed Read more<\/p>","protected":false},"author":1,"featured_media":0,"parent":0,"menu_order":0,"comment_status":"closed","ping_status":"closed","template":"","meta":{"footnotes":""},"class_list":["post-23323","page","type-page","status-publish","hentry"],"yoast_head":"<!-- This site is optimized with the Yoast SEO Premium plugin v20.11 (Yoast SEO v27.4) - https:\/\/yoast.com\/product\/yoast-seo-premium-wordpress\/ -->\n<title>Blog - Moje p\u0159\u00edle\u017eitost CZ s.r.o.<\/title>\n<meta name=\"robots\" content=\"index, follow, max-snippet:-1, max-image-preview:large, max-video-preview:-1\" \/>\n<link rel=\"canonical\" href=\"https:\/\/mojeprilezitost.cz\/en\/blog\/\" \/>\n<meta property=\"og:locale\" content=\"en_US\" \/>\n<meta property=\"og:type\" content=\"article\" \/>\n<meta property=\"og:title\" content=\"Blog\" \/>\n<meta property=\"og:description\" content=\"Blog Investi\u010dn\u00ed typyPublished:8. 10. 2024Updated:17 minut ago886Views0Likes0CommentsByadminShareTwitter-newFacebookShare-emailLinkEdit Tanzanit investi\u010dn\u00ed p\u0159\u00edle\u017eitost, kter\u00e1 brzy zmiz\u00ed Read more\" \/>\n<meta property=\"og:url\" content=\"https:\/\/mojeprilezitost.cz\/en\/blog\/\" \/>\n<meta property=\"og:site_name\" content=\"Moje p\u0159\u00edle\u017eitost CZ s.r.o.\" \/>\n<meta property=\"article:modified_time\" content=\"2025-10-30T19:05:47+00:00\" \/>\n<meta property=\"og:image\" content=\"https:\/\/mojeprilezitost.cz\/wp-content\/uploads\/2024\/10\/2_page-0001-410x531.jpg\" \/>\n<meta name=\"twitter:card\" content=\"summary_large_image\" \/>\n<meta name=\"twitter:label1\" content=\"Est. reading time\" \/>\n\t<meta name=\"twitter:data1\" content=\"1 minute\" \/>\n<script type=\"application\/ld+json\" class=\"yoast-schema-graph\">{\"@context\":\"https:\\\/\\\/schema.org\",\"@graph\":[{\"@type\":\"WebPage\",\"@id\":\"https:\\\/\\\/mojeprilezitost.cz\\\/en\\\/blog\\\/\",\"url\":\"https:\\\/\\\/mojeprilezitost.cz\\\/en\\\/blog\\\/\",\"name\":\"Blog - Moje p\u0159\u00edle\u017eitost CZ s.r.o.\",\"isPartOf\":{\"@id\":\"https:\\\/\\\/mojeprilezitost.cz\\\/en\\\/#website\"},\"primaryImageOfPage\":{\"@id\":\"https:\\\/\\\/mojeprilezitost.cz\\\/en\\\/blog\\\/#primaryimage\"},\"image\":{\"@id\":\"https:\\\/\\\/mojeprilezitost.cz\\\/en\\\/blog\\\/#primaryimage\"},\"thumbnailUrl\":\"https:\\\/\\\/mojeprilezitost.cz\\\/wp-content\\\/uploads\\\/2024\\\/10\\\/2_page-0001-410x531.jpg\",\"datePublished\":\"2025-03-24T21:21:47+00:00\",\"dateModified\":\"2025-10-30T19:05:47+00:00\",\"breadcrumb\":{\"@id\":\"https:\\\/\\\/mojeprilezitost.cz\\\/en\\\/blog\\\/#breadcrumb\"},\"inLanguage\":\"en-US\",\"potentialAction\":[{\"@type\":\"ReadAction\",\"target\":[\"https:\\\/\\\/mojeprilezitost.cz\\\/en\\\/blog\\\/\"]}]},{\"@type\":\"ImageObject\",\"inLanguage\":\"en-US\",\"@id\":\"https:\\\/\\\/mojeprilezitost.cz\\\/en\\\/blog\\\/#primaryimage\",\"url\":\"https:\\\/\\\/mojeprilezitost.cz\\\/wp-content\\\/uploads\\\/2024\\\/10\\\/2_page-0001-410x531.jpg\",\"contentUrl\":\"https:\\\/\\\/mojeprilezitost.cz\\\/wp-content\\\/uploads\\\/2024\\\/10\\\/2_page-0001-410x531.jpg\"},{\"@type\":\"BreadcrumbList\",\"@id\":\"https:\\\/\\\/mojeprilezitost.cz\\\/en\\\/blog\\\/#breadcrumb\",\"itemListElement\":[{\"@type\":\"ListItem\",\"position\":1,\"name\":\"Home\",\"item\":\"https:\\\/\\\/mojeprilezitost.cz\\\/\"},{\"@type\":\"ListItem\",\"position\":2,\"name\":\"Blog\"}]},{\"@type\":\"WebSite\",\"@id\":\"https:\\\/\\\/mojeprilezitost.cz\\\/en\\\/#website\",\"url\":\"https:\\\/\\\/mojeprilezitost.cz\\\/en\\\/\",\"name\":\"Moje p\u0159\u00edle\u017eitost CZ s.r.o.\",\"description\":\"Co je doma, to se po\u010d\u00edt\u00e1\",\"publisher\":{\"@id\":\"https:\\\/\\\/mojeprilezitost.cz\\\/en\\\/#organization\"},\"potentialAction\":[{\"@type\":\"SearchAction\",\"target\":{\"@type\":\"EntryPoint\",\"urlTemplate\":\"https:\\\/\\\/mojeprilezitost.cz\\\/en\\\/?s={search_term_string}\"},\"query-input\":{\"@type\":\"PropertyValueSpecification\",\"valueRequired\":true,\"valueName\":\"search_term_string\"}}],\"inLanguage\":\"en-US\"},{\"@type\":\"Organization\",\"@id\":\"https:\\\/\\\/mojeprilezitost.cz\\\/en\\\/#organization\",\"name\":\"Moje p\u0159\u00edle\u017eitost CZ s.r.o.\",\"url\":\"https:\\\/\\\/mojeprilezitost.cz\\\/en\\\/\",\"logo\":{\"@type\":\"ImageObject\",\"inLanguage\":\"en-US\",\"@id\":\"https:\\\/\\\/mojeprilezitost.cz\\\/en\\\/#\\\/schema\\\/logo\\\/image\\\/\",\"url\":\"https:\\\/\\\/mojeprilezitost.cz\\\/wp-content\\\/uploads\\\/2022\\\/01\\\/Jiri-Ovsik-predni.png\",\"contentUrl\":\"https:\\\/\\\/mojeprilezitost.cz\\\/wp-content\\\/uploads\\\/2022\\\/01\\\/Jiri-Ovsik-predni.png\",\"width\":500,\"height\":500,\"caption\":\"Moje p\u0159\u00edle\u017eitost CZ s.r.o.\"},\"image\":{\"@id\":\"https:\\\/\\\/mojeprilezitost.cz\\\/en\\\/#\\\/schema\\\/logo\\\/image\\\/\"}}]}<\/script>\n<!-- \/ Yoast SEO Premium plugin. -->","yoast_head_json":{"title":"Blog - Moje p\u0159\u00edle\u017eitost CZ s.r.o.","robots":{"index":"index","follow":"follow","max-snippet":"max-snippet:-1","max-image-preview":"max-image-preview:large","max-video-preview":"max-video-preview:-1"},"canonical":"https:\/\/mojeprilezitost.cz\/en\/blog\/","og_locale":"en_US","og_type":"article","og_title":"Blog","og_description":"Blog Investi\u010dn\u00ed typyPublished:8. 10. 2024Updated:17 minut ago886Views0Likes0CommentsByadminShareTwitter-newFacebookShare-emailLinkEdit Tanzanit investi\u010dn\u00ed p\u0159\u00edle\u017eitost, kter\u00e1 brzy zmiz\u00ed Read more","og_url":"https:\/\/mojeprilezitost.cz\/en\/blog\/","og_site_name":"Moje p\u0159\u00edle\u017eitost CZ s.r.o.","article_modified_time":"2025-10-30T19:05:47+00:00","og_image":[{"url":"https:\/\/mojeprilezitost.cz\/wp-content\/uploads\/2024\/10\/2_page-0001-410x531.jpg","type":"","width":"","height":""}],"twitter_card":"summary_large_image","twitter_misc":{"Est. reading time":"1 minute"},"schema":{"@context":"https:\/\/schema.org","@graph":[{"@type":"WebPage","@id":"https:\/\/mojeprilezitost.cz\/en\/blog\/","url":"https:\/\/mojeprilezitost.cz\/en\/blog\/","name":"Blog - Moje p\u0159\u00edle\u017eitost CZ s.r.o.","isPartOf":{"@id":"https:\/\/mojeprilezitost.cz\/en\/#website"},"primaryImageOfPage":{"@id":"https:\/\/mojeprilezitost.cz\/en\/blog\/#primaryimage"},"image":{"@id":"https:\/\/mojeprilezitost.cz\/en\/blog\/#primaryimage"},"thumbnailUrl":"https:\/\/mojeprilezitost.cz\/wp-content\/uploads\/2024\/10\/2_page-0001-410x531.jpg","datePublished":"2025-03-24T21:21:47+00:00","dateModified":"2025-10-30T19:05:47+00:00","breadcrumb":{"@id":"https:\/\/mojeprilezitost.cz\/en\/blog\/#breadcrumb"},"inLanguage":"en-US","potentialAction":[{"@type":"ReadAction","target":["https:\/\/mojeprilezitost.cz\/en\/blog\/"]}]},{"@type":"ImageObject","inLanguage":"en-US","@id":"https:\/\/mojeprilezitost.cz\/en\/blog\/#primaryimage","url":"https:\/\/mojeprilezitost.cz\/wp-content\/uploads\/2024\/10\/2_page-0001-410x531.jpg","contentUrl":"https:\/\/mojeprilezitost.cz\/wp-content\/uploads\/2024\/10\/2_page-0001-410x531.jpg"},{"@type":"BreadcrumbList","@id":"https:\/\/mojeprilezitost.cz\/en\/blog\/#breadcrumb","itemListElement":[{"@type":"ListItem","position":1,"name":"Home","item":"https:\/\/mojeprilezitost.cz\/"},{"@type":"ListItem","position":2,"name":"Blog"}]},{"@type":"WebSite","@id":"https:\/\/mojeprilezitost.cz\/en\/#website","url":"https:\/\/mojeprilezitost.cz\/en\/","name":"Moje p\u0159\u00edle\u017eitost CZ s.r.o.","description":"Co je doma, to se po\u010d\u00edt\u00e1","publisher":{"@id":"https:\/\/mojeprilezitost.cz\/en\/#organization"},"potentialAction":[{"@type":"SearchAction","target":{"@type":"EntryPoint","urlTemplate":"https:\/\/mojeprilezitost.cz\/en\/?s={search_term_string}"},"query-input":{"@type":"PropertyValueSpecification","valueRequired":true,"valueName":"search_term_string"}}],"inLanguage":"en-US"},{"@type":"Organization","@id":"https:\/\/mojeprilezitost.cz\/en\/#organization","name":"Moje p\u0159\u00edle\u017eitost CZ s.r.o.","url":"https:\/\/mojeprilezitost.cz\/en\/","logo":{"@type":"ImageObject","inLanguage":"en-US","@id":"https:\/\/mojeprilezitost.cz\/en\/#\/schema\/logo\/image\/","url":"https:\/\/mojeprilezitost.cz\/wp-content\/uploads\/2022\/01\/Jiri-Ovsik-predni.png","contentUrl":"https:\/\/mojeprilezitost.cz\/wp-content\/uploads\/2022\/01\/Jiri-Ovsik-predni.png","width":500,"height":500,"caption":"Moje p\u0159\u00edle\u017eitost CZ s.r.o."},"image":{"@id":"https:\/\/mojeprilezitost.cz\/en\/#\/schema\/logo\/image\/"}}]}},"_links":{"self":[{"href":"https:\/\/mojeprilezitost.cz\/en\/wp-json\/wp\/v2\/pages\/23323","targetHints":{"allow":["GET"]}}],"collection":[{"href":"https:\/\/mojeprilezitost.cz\/en\/wp-json\/wp\/v2\/pages"}],"about":[{"href":"https:\/\/mojeprilezitost.cz\/en\/wp-json\/wp\/v2\/types\/page"}],"author":[{"embeddable":true,"href":"https:\/\/mojeprilezitost.cz\/en\/wp-json\/wp\/v2\/users\/1"}],"replies":[{"embeddable":true,"href":"https:\/\/mojeprilezitost.cz\/en\/wp-json\/wp\/v2\/comments?post=23323"}],"version-history":[{"count":26,"href":"https:\/\/mojeprilezitost.cz\/en\/wp-json\/wp\/v2\/pages\/23323\/revisions"}],"predecessor-version":[{"id":24486,"href":"https:\/\/mojeprilezitost.cz\/en\/wp-json\/wp\/v2\/pages\/23323\/revisions\/24486"}],"wp:attachment":[{"href":"https:\/\/mojeprilezitost.cz\/en\/wp-json\/wp\/v2\/media?parent=23323"}],"curies":[{"name":"wp","href":"https:\/\/api.w.org\/{rel}","templated":true}]}}